{"id":1274,"date":"2026-05-11T10:09:41","date_gmt":"2026-05-11T09:09:41","guid":{"rendered":"https:\/\/vanmoofista.com\/cookie-richtlinie\/"},"modified":"2026-05-11T10:09:41","modified_gmt":"2026-05-11T09:09:41","slug":"cookie-richtlinie","status":"publish","type":"page","link":"https:\/\/vanmoofista.com\/de\/cookie-richtlinie\/","title":{"rendered":"Cookie-Richtlinie"},"content":{"rendered":"<h1>Cookie-Richtlinie<\/h1>\n<p><strong>Zuletzt aktualisiert:<\/strong> Mai 2026<\/p>\n<p>Diese Cookie-Richtlinie erkl\u00e4rt, wie Vanmoofista Cookies und \u00e4hnliche Technologien auf dieser Website und im Webshop verwendet.<\/p>\n<p>Vanmoofista wird von Elhe Globe bv betrieben, handelnd unter dem Namen Vanmoofista.<\/p>\n<h2>1. Was Cookies sind<\/h2>\n<p>Cookies sind kleine Textdateien, die auf Ihrem Ger\u00e4t gespeichert werden, wenn Sie eine Website besuchen. Sie helfen der Website, Informationen zu speichern, Sitzungen aktiv zu halten, den Webshop funktionsf\u00e4hig zu machen, die Sicherheit zu verbessern und grundlegende Website-Funktionen zu unterst\u00fctzen.<\/p>\n<h2>2. Cookies, die wir verwenden<\/h2>\n<p>Diese Website verwendet nur notwendige Cookies, sofern nicht anders angegeben.<\/p>\n<p>Notwendige Cookies werden verwendet, damit die Website und der Webshop korrekt funktionieren. Dazu k\u00f6nnen Cookies geh\u00f6ren f\u00fcr:<\/p>\n<ul>\n<li>Warenkorb<\/li>\n<li>Kasse<\/li>\n<li>Kundenlogin oder Sitzung<\/li>\n<li>Sicherheit<\/li>\n<li>Sprachauswahl<\/li>\n<li>Zahlungsprozess<\/li>\n<li>Website-Verwaltung<\/li>\n<li>HTTPS-\/Sicherheitsfunktionen<\/li>\n<\/ul>\n<p>Diese Cookies sind notwendig, um den vom Besucher angeforderten Dienst bereitzustellen, und erfordern keine vorherige Einwilligung.<\/p>\n<h2>3. WooCommerce-Cookies<\/h2>\n<p>Der Webshop verwendet WooCommerce. WooCommerce kann Cookies verwenden, um:<\/p>\n<ul>\n<li>den Inhalt des Warenkorbs zu speichern<\/li>\n<li>Kassensitzungen zu verwalten<\/li>\n<li>Kundensitzungen zu identifizieren<\/li>\n<li>den Kundenlogin zu unterst\u00fctzen, falls Kundenkonten aktiviert sind<\/li>\n<li>Webshop-Funktionen korrekt auszuf\u00fchren<\/li>\n<\/ul>\n<p>Diese Cookies sind f\u00fcr den Webshop notwendig.<\/p>\n<h2>4. Sprach-Cookies<\/h2>\n<p>Die Website kann Cookies oder lokalen Speicher verwenden, um die ausgew\u00e4hlte Sprache des Besuchers zu speichern oder mehrsprachige Website-Funktionen zu unterst\u00fctzen.<\/p>\n<h2>5. Zahlungs- und Kassen-Cookies<\/h2>\n<p>W\u00e4hrend des Bezahlvorgangs k\u00f6nnen notwendige Cookies von der Website, WooCommerce, Mollie oder verbundenen Zahlungssystemen verwendet werden, um den Zahlungsprozess abzuschlie\u00dfen, Betrug zu verhindern und den Kunden zur richtigen Bestellseite zur\u00fcckzuf\u00fchren.<\/p>\n<h2>6. Sicherheits- und technische Cookies<\/h2>\n<p>Notwendige technische Cookies k\u00f6nnen f\u00fcr Sicherheit, HTTPS-Zugriff, Administratorlogin, Spam-Pr\u00e4vention, Sitzungsverwaltung und Website-Stabilit\u00e4t verwendet werden.<\/p>\n<h2>7. Analyse-, Werbe- und Marketing-Cookies<\/h2>\n<p>Wir verwenden keine Marketing-Cookies, Werbe-Cookies, Retargeting-Cookies, Tracking-Pixel oder optionalen Analyse-Cookies, sofern diese Richtlinie nicht aktualisiert wird und eine Einwilligung eingeholt wird, wo dies gesetzlich erforderlich ist.<\/p>\n<p>Wenn wir sp\u00e4ter optionale Analyse-, Werbe-, Social-Media-Tracking- oder Marketing-Cookies aktivieren, holen wir vor dem Setzen dieser Cookies eine Einwilligung ein, soweit dies gesetzlich erforderlich ist.<\/p>\n<h2>8. Cookies verwalten<\/h2>\n<p>Sie k\u00f6nnen Cookies \u00fcber Ihre Browsereinstellungen blockieren oder l\u00f6schen. Das Blockieren notwendiger Cookies kann dazu f\u00fchren, dass Teile der Website oder des Webshops nicht korrekt funktionieren, einschlie\u00dflich Warenkorb, Kasse, Login, Zahlung und Sprachfunktionen.<\/p>\n<h2>9. \u00c4nderungen dieser Cookie-Richtlinie<\/h2>\n<p>Wir k\u00f6nnen diese Cookie-Richtlinie aktualisieren, wenn sich die Website, der Webshop, Plugins, Dienste oder gesetzliche Verpflichtungen \u00e4ndern. Die neueste Version wird immer auf dieser Seite ver\u00f6ffentlicht.<\/p>\n<h2>10. Kontakt<\/h2>\n<p>Bei Fragen zu Cookies kontaktieren Sie: elisa(at)vanmoofista.com<\/p>\n","protected":false},"excerpt":{"rendered":"<p>Cookie-Richtlinie Zuletzt aktualisiert: Mai 2026 Diese Cookie-Richtlinie erkl\u00e4rt, wie Vanmoofista Cookies und \u00e4hnliche Technologien auf dieser Website und im Webshop [&hellip;]<\/p>\n","protected":false},"author":1,"featured_media":1275,"parent":0,"menu_order":0,"comment_status":"closed","ping_status":"closed","template":"","meta":{"_uag_custom_page_level_css":"","site-sidebar-layout":"default","site-content-layout":"","ast-site-content-layout":"default","site-content-style":"default","site-sidebar-style":"default","ast-global-header-display":"","ast-banner-title-visibility":"","ast-main-header-display":"","ast-hfb-above-header-display":"","ast-hfb-below-header-display":"","ast-hfb-mobile-header-display":"","site-post-title":"disabled","ast-breadcrumbs-content":"","ast-featured-img":"","footer-sml-layout":"","ast-disable-related-posts":"","theme-transparent-header-meta":"","adv-header-id-meta":"","stick-header-meta":"","header-above-stick-meta":"","header-main-stick-meta":"","header-below-stick-meta":"","astra-migrate-meta-layouts":"default","ast-page-background-enabled":"default","ast-page-background-meta":{"desktop":{"background-color":"var(--ast-global-color-5)","background-image":"","background-repeat":"repeat","background-position":"center center","background-size":"auto","background-attachment":"scroll","background-type":"","background-media":"","overlay-type":"","overlay-color":"","overlay-opacity":"","overlay-gradient":""},"tablet":{"background-color":"","background-image":"","background-repeat":"repeat","background-position":"center center","background-size":"auto","background-attachment":"scroll","background-type":"","background-media":"","overlay-type":"","overlay-color":"","overlay-opacity":"","overlay-gradient":""},"mobile":{"background-color":"","background-image":"","background-repeat":"repeat","background-position":"center center","background-size":"auto","background-attachment":"scroll","background-type":"","background-media":"","overlay-type":"","overlay-color":"","overlay-opacity":"","overlay-gradient":""}},"ast-content-background-meta":{"desktop":{"background-color":"var(--ast-global-color-4)","background-image":"","background-repeat":"repeat","background-position":"center center","background-size":"auto","background-attachment":"scroll","background-type":"","background-media":"","overlay-type":"","overlay-color":"","overlay-opacity":"","overlay-gradient":""},"tablet":{"background-color":"var(--ast-global-color-4)","background-image":"","background-repeat":"repeat","background-position":"center center","background-size":"auto","background-attachment":"scroll","background-type":"","background-media":"","overlay-type":"","overlay-color":"","overlay-opacity":"","overlay-gradient":""},"mobile":{"background-color":"var(--ast-global-color-4)","background-image":"","background-repeat":"repeat","background-position":"center center","background-size":"auto","background-attachment":"scroll","background-type":"","background-media":"","overlay-type":"","overlay-color":"","overlay-opacity":"","overlay-gradient":""}},"footnotes":""},"class_list":["post-1274","page","type-page","status-publish","has-post-thumbnail","hentry"],"yoast_head":"<!-- This site is optimized with the Yoast SEO plugin v27.6 - https:\/\/yoast.com\/product\/yoast-seo-wordpress\/ -->\n<title>Cookie-Richtlinie -<\/title>\n<meta name=\"robots\" content=\"index, follow, max-snippet:-1, max-image-preview:large, max-video-preview:-1\" \/>\n<link rel=\"canonical\" href=\"https:\/\/vanmoofista.com\/de\/cookie-richtlinie\/\" \/>\n<meta property=\"og:locale\" content=\"de_DE\" \/>\n<meta property=\"og:type\" content=\"article\" \/>\n<meta property=\"og:title\" content=\"Cookie-Richtlinie -\" \/>\n<meta property=\"og:description\" content=\"Cookie-Richtlinie Zuletzt aktualisiert: Mai 2026 Diese Cookie-Richtlinie erkl\u00e4rt, wie Vanmoofista Cookies und \u00e4hnliche Technologien auf dieser Website und im Webshop [&hellip;]\" \/>\n<meta property=\"og:url\" content=\"https:\/\/vanmoofista.com\/de\/cookie-richtlinie\/\" \/>\n<meta property=\"og:image\" content=\"https:\/\/vanmoofista.com\/wp-content\/uploads\/2026\/04\/biscuits-near-notebook-laptop-scaled-e1778654835992.jpg\" \/>\n\t<meta property=\"og:image:width\" content=\"1843\" \/>\n\t<meta property=\"og:image:height\" content=\"1033\" \/>\n\t<meta property=\"og:image:type\" content=\"image\/jpeg\" \/>\n<meta name=\"twitter:card\" content=\"summary_large_image\" \/>\n<meta name=\"twitter:label1\" content=\"Gesch\u00e4tzte Lesezeit\" \/>\n\t<meta name=\"twitter:data1\" content=\"2\u00a0Minuten\" \/>\n<script type=\"application\/ld+json\" class=\"yoast-schema-graph\">{\"@context\":\"https:\\\/\\\/schema.org\",\"@graph\":[{\"@type\":\"WebPage\",\"@id\":\"https:\\\/\\\/vanmoofista.com\\\/de\\\/cookie-richtlinie\\\/\",\"url\":\"https:\\\/\\\/vanmoofista.com\\\/de\\\/cookie-richtlinie\\\/\",\"name\":\"Cookie-Richtlinie -\",\"isPartOf\":{\"@id\":\"https:\\\/\\\/vanmoofista.com\\\/de\\\/#website\"},\"primaryImageOfPage\":{\"@id\":\"https:\\\/\\\/vanmoofista.com\\\/de\\\/cookie-richtlinie\\\/#primaryimage\"},\"image\":{\"@id\":\"https:\\\/\\\/vanmoofista.com\\\/de\\\/cookie-richtlinie\\\/#primaryimage\"},\"thumbnailUrl\":\"https:\\\/\\\/vanmoofista.com\\\/wp-content\\\/uploads\\\/2026\\\/04\\\/biscuits-near-notebook-laptop-scaled-e1778654835992.jpg\",\"datePublished\":\"2026-05-11T09:09:41+00:00\",\"breadcrumb\":{\"@id\":\"https:\\\/\\\/vanmoofista.com\\\/de\\\/cookie-richtlinie\\\/#breadcrumb\"},\"inLanguage\":\"de\",\"potentialAction\":[{\"@type\":\"ReadAction\",\"target\":[\"https:\\\/\\\/vanmoofista.com\\\/de\\\/cookie-richtlinie\\\/\"]}]},{\"@type\":\"ImageObject\",\"inLanguage\":\"de\",\"@id\":\"https:\\\/\\\/vanmoofista.com\\\/de\\\/cookie-richtlinie\\\/#primaryimage\",\"url\":\"https:\\\/\\\/vanmoofista.com\\\/wp-content\\\/uploads\\\/2026\\\/04\\\/biscuits-near-notebook-laptop-scaled-e1778654835992.jpg\",\"contentUrl\":\"https:\\\/\\\/vanmoofista.com\\\/wp-content\\\/uploads\\\/2026\\\/04\\\/biscuits-near-notebook-laptop-scaled-e1778654835992.jpg\",\"width\":1843,\"height\":1033},{\"@type\":\"BreadcrumbList\",\"@id\":\"https:\\\/\\\/vanmoofista.com\\\/de\\\/cookie-richtlinie\\\/#breadcrumb\",\"itemListElement\":[{\"@type\":\"ListItem\",\"position\":1,\"name\":\"Home\",\"item\":\"https:\\\/\\\/vanmoofista.com\\\/de\\\/\"},{\"@type\":\"ListItem\",\"position\":2,\"name\":\"Cookie-Richtlinie\"}]},{\"@type\":\"WebSite\",\"@id\":\"https:\\\/\\\/vanmoofista.com\\\/de\\\/#website\",\"url\":\"https:\\\/\\\/vanmoofista.com\\\/de\\\/\",\"name\":\"Vanmoofista\",\"description\":\"\",\"publisher\":{\"@id\":\"https:\\\/\\\/vanmoofista.com\\\/de\\\/#organization\"},\"potentialAction\":[{\"@type\":\"SearchAction\",\"target\":{\"@type\":\"EntryPoint\",\"urlTemplate\":\"https:\\\/\\\/vanmoofista.com\\\/de\\\/?s={search_term_string}\"},\"query-input\":{\"@type\":\"PropertyValueSpecification\",\"valueRequired\":true,\"valueName\":\"search_term_string\"}}],\"inLanguage\":\"de\"},{\"@type\":\"Organization\",\"@id\":\"https:\\\/\\\/vanmoofista.com\\\/de\\\/#organization\",\"name\":\"Vanmoofista\",\"url\":\"https:\\\/\\\/vanmoofista.com\\\/de\\\/\",\"logo\":{\"@type\":\"ImageObject\",\"inLanguage\":\"de\",\"@id\":\"https:\\\/\\\/vanmoofista.com\\\/de\\\/#\\\/schema\\\/logo\\\/image\\\/\",\"url\":\"https:\\\/\\\/vanmoofista.com\\\/wp-content\\\/uploads\\\/2026\\\/05\\\/vanmoofista-v-torx-exact-white.png\",\"contentUrl\":\"https:\\\/\\\/vanmoofista.com\\\/wp-content\\\/uploads\\\/2026\\\/05\\\/vanmoofista-v-torx-exact-white.png\",\"width\":885,\"height\":835,\"caption\":\"Vanmoofista\"},\"image\":{\"@id\":\"https:\\\/\\\/vanmoofista.com\\\/de\\\/#\\\/schema\\\/logo\\\/image\\\/\"}}]}<\/script>\n<!-- \/ Yoast SEO plugin. -->","yoast_head_json":{"title":"Cookie-Richtlinie -","robots":{"index":"index","follow":"follow","max-snippet":"max-snippet:-1","max-image-preview":"max-image-preview:large","max-video-preview":"max-video-preview:-1"},"canonical":"https:\/\/vanmoofista.com\/de\/cookie-richtlinie\/","og_locale":"de_DE","og_type":"article","og_title":"Cookie-Richtlinie -","og_description":"Cookie-Richtlinie Zuletzt aktualisiert: Mai 2026 Diese Cookie-Richtlinie erkl\u00e4rt, wie Vanmoofista Cookies und \u00e4hnliche Technologien auf dieser Website und im Webshop [&hellip;]","og_url":"https:\/\/vanmoofista.com\/de\/cookie-richtlinie\/","og_image":[{"width":1843,"height":1033,"url":"https:\/\/vanmoofista.com\/wp-content\/uploads\/2026\/04\/biscuits-near-notebook-laptop-scaled-e1778654835992.jpg","type":"image\/jpeg"}],"twitter_card":"summary_large_image","twitter_misc":{"Gesch\u00e4tzte Lesezeit":"2\u00a0Minuten"},"schema":{"@context":"https:\/\/schema.org","@graph":[{"@type":"WebPage","@id":"https:\/\/vanmoofista.com\/de\/cookie-richtlinie\/","url":"https:\/\/vanmoofista.com\/de\/cookie-richtlinie\/","name":"Cookie-Richtlinie -","isPartOf":{"@id":"https:\/\/vanmoofista.com\/de\/#website"},"primaryImageOfPage":{"@id":"https:\/\/vanmoofista.com\/de\/cookie-richtlinie\/#primaryimage"},"image":{"@id":"https:\/\/vanmoofista.com\/de\/cookie-richtlinie\/#primaryimage"},"thumbnailUrl":"https:\/\/vanmoofista.com\/wp-content\/uploads\/2026\/04\/biscuits-near-notebook-laptop-scaled-e1778654835992.jpg","datePublished":"2026-05-11T09:09:41+00:00","breadcrumb":{"@id":"https:\/\/vanmoofista.com\/de\/cookie-richtlinie\/#breadcrumb"},"inLanguage":"de","potentialAction":[{"@type":"ReadAction","target":["https:\/\/vanmoofista.com\/de\/cookie-richtlinie\/"]}]},{"@type":"ImageObject","inLanguage":"de","@id":"https:\/\/vanmoofista.com\/de\/cookie-richtlinie\/#primaryimage","url":"https:\/\/vanmoofista.com\/wp-content\/uploads\/2026\/04\/biscuits-near-notebook-laptop-scaled-e1778654835992.jpg","contentUrl":"https:\/\/vanmoofista.com\/wp-content\/uploads\/2026\/04\/biscuits-near-notebook-laptop-scaled-e1778654835992.jpg","width":1843,"height":1033},{"@type":"BreadcrumbList","@id":"https:\/\/vanmoofista.com\/de\/cookie-richtlinie\/#breadcrumb","itemListElement":[{"@type":"ListItem","position":1,"name":"Home","item":"https:\/\/vanmoofista.com\/de\/"},{"@type":"ListItem","position":2,"name":"Cookie-Richtlinie"}]},{"@type":"WebSite","@id":"https:\/\/vanmoofista.com\/de\/#website","url":"https:\/\/vanmoofista.com\/de\/","name":"Vanmoofista","description":"","publisher":{"@id":"https:\/\/vanmoofista.com\/de\/#organization"},"potentialAction":[{"@type":"SearchAction","target":{"@type":"EntryPoint","urlTemplate":"https:\/\/vanmoofista.com\/de\/?s={search_term_string}"},"query-input":{"@type":"PropertyValueSpecification","valueRequired":true,"valueName":"search_term_string"}}],"inLanguage":"de"},{"@type":"Organization","@id":"https:\/\/vanmoofista.com\/de\/#organization","name":"Vanmoofista","url":"https:\/\/vanmoofista.com\/de\/","logo":{"@type":"ImageObject","inLanguage":"de","@id":"https:\/\/vanmoofista.com\/de\/#\/schema\/logo\/image\/","url":"https:\/\/vanmoofista.com\/wp-content\/uploads\/2026\/05\/vanmoofista-v-torx-exact-white.png","contentUrl":"https:\/\/vanmoofista.com\/wp-content\/uploads\/2026\/05\/vanmoofista-v-torx-exact-white.png","width":885,"height":835,"caption":"Vanmoofista"},"image":{"@id":"https:\/\/vanmoofista.com\/de\/#\/schema\/logo\/image\/"}}]}},"uagb_featured_image_src":{"full":["https:\/\/vanmoofista.com\/wp-content\/uploads\/2026\/04\/biscuits-near-notebook-laptop-scaled-e1778654835992.jpg",1843,1033,false],"thumbnail":["https:\/\/vanmoofista.com\/wp-content\/uploads\/2026\/04\/biscuits-near-notebook-laptop-scaled-e1778654835992-150x150.jpg",150,150,true],"medium":["https:\/\/vanmoofista.com\/wp-content\/uploads\/2026\/04\/biscuits-near-notebook-laptop-scaled-e1778654835992-300x168.jpg",300,168,true],"medium_large":["https:\/\/vanmoofista.com\/wp-content\/uploads\/2026\/04\/biscuits-near-notebook-laptop-scaled-e1778654835992-768x430.jpg",768,430,true],"large":["https:\/\/vanmoofista.com\/wp-content\/uploads\/2026\/04\/biscuits-near-notebook-laptop-scaled-e1778654835992-1024x574.jpg",1024,574,true],"1536x1536":["https:\/\/vanmoofista.com\/wp-content\/uploads\/2026\/04\/biscuits-near-notebook-laptop-scaled-e1778654835992-1536x861.jpg",1536,861,true],"2048x2048":["https:\/\/vanmoofista.com\/wp-content\/uploads\/2026\/04\/biscuits-near-notebook-laptop-2048x1365.jpg",2048,1365,true],"woocommerce_thumbnail":["https:\/\/vanmoofista.com\/wp-content\/uploads\/2026\/04\/biscuits-near-notebook-laptop-scaled-e1778654835992-300x300.jpg",300,300,true],"woocommerce_single":["https:\/\/vanmoofista.com\/wp-content\/uploads\/2026\/04\/biscuits-near-notebook-laptop-scaled-e1778654835992-600x336.jpg",600,336,true],"woocommerce_gallery_thumbnail":["https:\/\/vanmoofista.com\/wp-content\/uploads\/2026\/04\/biscuits-near-notebook-laptop-scaled-e1778654835992-100x100.jpg",100,100,true]},"uagb_author_info":{"display_name":"elisalon","author_link":"https:\/\/vanmoofista.com\/de\/author\/elisalon\/"},"uagb_comment_info":0,"uagb_excerpt":"Cookie-Richtlinie Zuletzt aktualisiert: Mai 2026 Diese Cookie-Richtlinie erkl\u00e4rt, wie Vanmoofista Cookies und \u00e4hnliche Technologien auf dieser Website und im Webshop [&hellip;]","_links":{"self":[{"href":"https:\/\/vanmoofista.com\/de\/wp-json\/wp\/v2\/pages\/1274","targetHints":{"allow":["GET"]}}],"collection":[{"href":"https:\/\/vanmoofista.com\/de\/wp-json\/wp\/v2\/pages"}],"about":[{"href":"https:\/\/vanmoofista.com\/de\/wp-json\/wp\/v2\/types\/page"}],"author":[{"embeddable":true,"href":"https:\/\/vanmoofista.com\/de\/wp-json\/wp\/v2\/users\/1"}],"replies":[{"embeddable":true,"href":"https:\/\/vanmoofista.com\/de\/wp-json\/wp\/v2\/comments?post=1274"}],"version-history":[{"count":0,"href":"https:\/\/vanmoofista.com\/de\/wp-json\/wp\/v2\/pages\/1274\/revisions"}],"wp:featuredmedia":[{"embeddable":true,"href":"https:\/\/vanmoofista.com\/de\/wp-json\/wp\/v2\/media\/1275"}],"wp:attachment":[{"href":"https:\/\/vanmoofista.com\/de\/wp-json\/wp\/v2\/media?parent=1274"}],"curies":[{"name":"wp","href":"https:\/\/api.w.org\/{rel}","templated":true}]}}