{"id":1288,"date":"2026-04-27T10:28:03","date_gmt":"2026-04-27T09:28:03","guid":{"rendered":"https:\/\/vanmoofista.com\/garantie\/"},"modified":"2026-05-13T09:33:03","modified_gmt":"2026-05-13T08:33:03","slug":"garantie","status":"publish","type":"page","link":"https:\/\/vanmoofista.com\/de\/garantie\/","title":{"rendered":"Garantie"},"content":{"rendered":"\n<div class=\"wp-block-group vm-warranty-page is-layout-flow wp-block-group-is-layout-flow\">\n\n  \n<div class=\"vm-page-center\">\r\n\r\n  <style>\r\n    .vm-warranty-table-wrap {\r\n      overflow-x: auto;\r\n      margin: 24px 0;\r\n    }\r\n\r\n    .vm-warranty-table {\r\n      width: 100%;\r\n      min-width: 680px;\r\n      border-collapse: collapse;\r\n      font-size: 15px;\r\n      line-height: 1.45;\r\n    }\r\n\r\n    .vm-warranty-table th,\r\n    .vm-warranty-table td {\r\n      border: 1px solid #d9dde3;\r\n      padding: 14px 16px;\r\n      text-align: left;\r\n      vertical-align: top;\r\n    }\r\n\r\n    .vm-warranty-table th {\r\n      background: #111827;\r\n      color: #ffffff;\r\n      font-weight: 700;\r\n    }\r\n\r\n    .vm-warranty-table tbody tr:nth-child(even) {\r\n      background: #f6f7f9;\r\n    }\r\n  <\/style>\r\n\r\n  <section class=\"vm-card vm-warranty-hero\">\r\n    <h1 class=\"wp-block-heading has-text-align-center\">VanMoof Reparaturgarantie<\/h1>\r\n    <p class=\"vm-lead\">Klare Garantieinformationen f\u00fcr gebrauchte VanMoof-Fahrr\u00e4der, general\u00fcberholte Fahrr\u00e4der, Ersatzteile und bezahlte Reparaturen.<\/p>\r\n    <p>Diese Seite erkl\u00e4rt die VanMoof Reparaturgarantie bei Vanmoofista, einschlie\u00dflich Garantiebedingungen f\u00fcr Reparaturen, wiederverwendete Teile, general\u00fcberholte Fahrr\u00e4der und Diagnosen.<\/p>\r\n  <\/section>\r\n\r\n  <section class=\"vm-card vm-warranty-main\">\r\n    <h2>Gesetzliche Gew\u00e4hrleistung f\u00fcr gebrauchte Fahrr\u00e4der<\/h2>\r\n\r\n    <ul>\r\n      <li>F\u00fcr <strong>gebrauchte Fahrr\u00e4der<\/strong> gilt eine gesetzliche Gew\u00e4hrleistung von <strong>2 Jahren ab Lieferung<\/strong>.<\/li>\r\n      <li>Nach belgischem Recht k\u00f6nnen wir mit dem Kunden <strong>vereinbaren, diese Frist bei gebrauchten Waren auf 1 Jahr zu verk\u00fcrzen<\/strong>, jedoch <strong>nie auf weniger als 1 Jahr<\/strong>.<\/li>\r\n      <li>Wenn eine Frist von 1 Jahr vereinbart wird, wird dies klar auf der Rechnung angegeben und schriftlich best\u00e4tigt.<\/li>\r\n      <li><strong>Wenn keine Frist von 1 Jahr klar und eindeutig schriftlich vereinbart wurde, gilt standardm\u00e4\u00dfig eine Frist von 2 Jahren.<\/strong><\/li>\r\n    <\/ul>\r\n\r\n    <p><strong>Beispiel f\u00fcr Preisgestaltung<\/strong><\/p>\r\n\r\n    <ul>\r\n      <li>Standardpreis mit <strong>2 Jahren gesetzlicher Gew\u00e4hrleistung<\/strong><\/li>\r\n      <li>Reduzierter Preis mit <strong>1 Jahr gesetzlicher Gew\u00e4hrleistung, ausdr\u00fccklich vereinbart<\/strong><\/li>\r\n    <\/ul>\r\n  <\/section>\r\n\r\n  <section class=\"vm-card-grid-section\">\r\n    <div class=\"vm-three-grid\">\r\n\r\n      <div class=\"vm-dark-card\">\r\n        <h3>Was die gesetzliche Gew\u00e4hrleistung bedeutet<\/h3>\r\n        <ul>\r\n          <li>Wenn innerhalb der geltenden gesetzlichen Gew\u00e4hrleistungsfrist ein Mangel an Konformit\u00e4t auftritt, wird vermutet, dass dieser bereits bei Lieferung bestand, sofern wir nicht das Gegenteil beweisen.<\/li>\r\n          <li>Sie haben Anspruch auf <strong>kostenlose Reparatur oder Ersatz<\/strong>.<\/li>\r\n          <li>Wenn Reparatur oder Ersatz unm\u00f6glich oder unverh\u00e4ltnism\u00e4\u00dfig ist, k\u00f6nnen Sie eine <strong>Preisminderung<\/strong> oder <strong>R\u00fcckerstattung<\/strong> verlangen.<\/li>\r\n        <\/ul>\r\n      <\/div>\r\n\r\n      <div class=\"vm-dark-card\">\r\n        <h3>Fristen<\/h3>\r\n        <p>Bitte informieren Sie uns <strong>so schnell wie m\u00f6glich<\/strong> und <strong>innerhalb von 2 Monaten nach Entdeckung<\/strong> des Mangels an Konformit\u00e4t.<\/p>\r\n        <p>Eine gerichtliche Klage muss im Allgemeinen <strong>innerhalb von 1 Jahr<\/strong> ab dem Tag erhoben werden, an dem Sie den Mangel an Konformit\u00e4t festgestellt haben.<\/p>\r\n      <\/div>\r\n\r\n      <div class=\"vm-dark-card\">\r\n        <h3>Ausschl\u00fcsse<\/h3>\r\n        <p>Nicht von der Garantie abgedeckt, sofern nicht eindeutig bei Lieferung mangelhaft:<\/p>\r\n        <ul>\r\n          <li><strong>Normale Verschlei\u00dfteile<\/strong>: Bremsbel\u00e4ge, Reifen, Kette, Griffe, kosmetische Kratzer<\/li>\r\n          <li><strong>Sch\u00e4den durch falsche Nutzung, Vernachl\u00e4ssigung, Unf\u00e4lle oder Hochdruckreinigung<\/strong><\/li>\r\n          <li><strong>Defekte infolge von Tuning oder Modifikation<\/strong><\/li>\r\n        <\/ul>\r\n      <\/div>\r\n\r\n    <\/div>\r\n  <\/section>\r\n\r\n  <section class=\"vm-card vm-warranty-main\">\r\n    <h2>Reparaturgarantie<\/h2>\r\n    <p>Wir geben eine <strong>6-monatige Reparaturgarantie<\/strong> auf alle <strong>bezahlten<\/strong> Reparaturen, die von unserer Werkstatt durchgef\u00fchrt werden. Diese deckt <strong>Arbeitsausf\u00fchrung<\/strong> und <strong>von uns installierte Teile<\/strong> f\u00fcr diese Reparatur bei normaler Nutzung ab.<\/p>\r\n\r\n    <div class=\"vm-warranty-table-wrap\">\r\n      <table class=\"vm-warranty-table\">\r\n        <thead>\r\n          <tr>\r\n            <th>Art der Arbeit<\/th>\r\n            <th>Garantie<\/th>\r\n            <th>Grenze<\/th>\r\n          <\/tr>\r\n        <\/thead>\r\n        <tbody>\r\n          <tr>\r\n            <td>Ersatzteile<\/td>\r\n            <td>Gedeckt gegen Ausfall des installierten Teils<\/td>\r\n            <td>Deckt keine nicht zusammenh\u00e4ngenden VanMoof-Fehler ab<\/td>\r\n          <\/tr>\r\n          <tr>\r\n            <td>Reparierte Elektronik<\/td>\r\n            <td>Gedeckt f\u00fcr den reparierten Fehler<\/td>\r\n            <td>Deckt keine Wassersch\u00e4den, Korrosion oder andere ausfallende Komponenten ab<\/td>\r\n          <\/tr>\r\n          <tr>\r\n            <td>Gebrauchte Teile<\/td>\r\n            <td>Vor Installation getestet<\/td>\r\n            <td>Garantie h\u00e4ngt von Teiletyp und Zustand ab<\/td>\r\n          <\/tr>\r\n          <tr>\r\n            <td>Nur Diagnose<\/td>\r\n            <td>Keine Reparaturgarantie<\/td>\r\n            <td>Diagnosegeb\u00fchr gilt, wenn das Fahrrad nicht repariert wird<\/td>\r\n          <\/tr>\r\n        <\/tbody>\r\n      <\/table>\r\n    <\/div>\r\n\r\n    <ul>\r\n      <li>Wenn eine Reparatur <strong>als gesetzliche Gew\u00e4hrleistungsma\u00dfnahme<\/strong> f\u00fcr ein von uns verkauftes Produkt durchgef\u00fchrt wird, wird die <strong>2-j\u00e4hrige gesetzliche Gew\u00e4hrleistungsfrist w\u00e4hrend der Reparatur ausgesetzt und danach fortgesetzt<\/strong>.<\/li>\r\n      <li>Teile, die w\u00e4hrend einer solchen gesetzlichen Gew\u00e4hrleistungsreparatur eingebaut werden, sind f\u00fcr die <strong>verbleibende gesetzliche Gew\u00e4hrleistungsfrist<\/strong> gedeckt.<\/li>\r\n      <li>Wenn Sie <strong>neue Ersatzteile separat kaufen<\/strong>, profitieren diese Teile von der <strong>2-j\u00e4hrigen gesetzlichen Gew\u00e4hrleistung<\/strong> f\u00fcr Verbrauchsg\u00fcter.<\/li>\r\n    <\/ul>\r\n  <\/section>\r\n\r\n  <section class=\"vm-card vm-warranty-main\">\r\n    <h2>Transport<\/h2>\r\n    <p>Transport ist gedeckt, wenn dies gesetzlich vorgeschrieben ist. In anderen F\u00e4llen werden Abhol-, Liefer- oder Versandkosten vor der Reparatur oder R\u00fccksendung separat vereinbart.<\/p>\r\n  <\/section>\r\n\r\n  <section class=\"vm-card vm-warranty-main\">\r\n    <h2>Offizielle Informationen<\/h2>\r\n\r\n    <ul>\r\n      <li><strong>F\u00d6D Wirtschaft \u2013 Gesetzliche Gew\u00e4hrleistung EN:<\/strong> <a href=\"https:\/\/economie.fgov.be\/en\/themes\/consumer-protection\/guarantee\" target=\"_blank\" rel=\"noreferrer noopener\">economie.fgov.be\/en\/themes\/consumer-protection\/guarantee<\/a><\/li>\r\n      <li><strong>F\u00d6D Wirtschaft \u2013 De garantie NL:<\/strong> <a href=\"https:\/\/economie.fgov.be\/nl\/themas\/consumentenbescherming\/de-garantie\" target=\"_blank\" rel=\"noreferrer noopener\">economie.fgov.be\/nl\/themas\/consumentenbescherming\/de-garantie<\/a><\/li>\r\n      <li><strong>F\u00d6D Wirtschaft \u2013 Garantie FR:<\/strong> <a href=\"https:\/\/economie.fgov.be\/fr\/themes\/protection-des-consommateurs\/garantie\" target=\"_blank\" rel=\"noreferrer noopener\">economie.fgov.be\/fr\/themes\/protection-des-consommateurs\/garantie<\/a><\/li>\r\n      <li><strong>EVZ Belgien:<\/strong> <a href=\"https:\/\/eccbelgium.be\" target=\"_blank\" rel=\"noreferrer noopener\">eccbelgium.be<\/a><\/li>\r\n    <\/ul>\r\n  <\/section>\r\n\r\n<\/div>\n\n<\/div>\n","protected":false},"excerpt":{"rendered":"<p>VanMoof Reparaturgarantie Klare Garantieinformationen f\u00fcr gebrauchte VanMoof-Fahrr\u00e4der, general\u00fcberholte Fahrr\u00e4der, Ersatzteile und bezahlte Reparaturen. Diese Seite erkl\u00e4rt die VanMoof Reparaturgarantie bei [&hellip;]<\/p>\n","protected":false},"author":1,"featured_media":0,"parent":0,"menu_order":0,"comment_status":"closed","ping_status":"closed","template":"","meta":{"_uag_custom_page_level_css":"","site-sidebar-layout":"default","site-content-layout":"","ast-site-content-layout":"default","site-content-style":"default","site-sidebar-style":"default","ast-global-header-display":"","ast-banner-title-visibility":"","ast-main-header-display":"","ast-hfb-above-header-display":"","ast-hfb-below-header-display":"","ast-hfb-mobile-header-display":"","site-post-title":"disabled","ast-breadcrumbs-content":"","ast-featured-img":"","footer-sml-layout":"","ast-disable-related-posts":"","theme-transparent-header-meta":"","adv-header-id-meta":"","stick-header-meta":"","header-above-stick-meta":"","header-main-stick-meta":"","header-below-stick-meta":"","astra-migrate-meta-layouts":"default","ast-page-background-enabled":"default","ast-page-background-meta":{"desktop":{"background-color":"var(--ast-global-color-5)","background-image":"","background-repeat":"repeat","background-position":"center center","background-size":"auto","background-attachment":"scroll","background-type":"","background-media":"","overlay-type":"","overlay-color":"","overlay-opacity":"","overlay-gradient":""},"tablet":{"background-color":"","background-image":"","background-repeat":"repeat","background-position":"center center","background-size":"auto","background-attachment":"scroll","background-type":"","background-media":"","overlay-type":"","overlay-color":"","overlay-opacity":"","overlay-gradient":""},"mobile":{"background-color":"","background-image":"","background-repeat":"repeat","background-position":"center center","background-size":"auto","background-attachment":"scroll","background-type":"","background-media":"","overlay-type":"","overlay-color":"","overlay-opacity":"","overlay-gradient":""}},"ast-content-background-meta":{"desktop":{"background-color":"var(--ast-global-color-4)","background-image":"","background-repeat":"repeat","background-position":"center center","background-size":"auto","background-attachment":"scroll","background-type":"","background-media":"","overlay-type":"","overlay-color":"","overlay-opacity":"","overlay-gradient":""},"tablet":{"background-color":"var(--ast-global-color-4)","background-image":"","background-repeat":"repeat","background-position":"center center","background-size":"auto","background-attachment":"scroll","background-type":"","background-media":"","overlay-type":"","overlay-color":"","overlay-opacity":"","overlay-gradient":""},"mobile":{"background-color":"var(--ast-global-color-4)","background-image":"","background-repeat":"repeat","background-position":"center center","background-size":"auto","background-attachment":"scroll","background-type":"","background-media":"","overlay-type":"","overlay-color":"","overlay-opacity":"","overlay-gradient":""}},"footnotes":""},"class_list":["post-1288","page","type-page","status-publish","hentry"],"yoast_head":"<!-- This site is optimized with the Yoast SEO plugin v27.6 - https:\/\/yoast.com\/product\/yoast-seo-wordpress\/ -->\n<title>VanMoof Reparaturgarantie | Vanmoofista<\/title>\n<meta name=\"robots\" content=\"index, follow, max-snippet:-1, max-image-preview:large, max-video-preview:-1\" \/>\n<link rel=\"canonical\" href=\"https:\/\/vanmoofista.com\/de\/garantie\/\" \/>\n<meta property=\"og:locale\" content=\"de_DE\" \/>\n<meta property=\"og:type\" content=\"article\" \/>\n<meta property=\"og:title\" content=\"VanMoof Reparaturgarantie | Vanmoofista\" \/>\n<meta property=\"og:description\" content=\"VanMoof Reparaturgarantie Klare Garantieinformationen f\u00fcr gebrauchte VanMoof-Fahrr\u00e4der, general\u00fcberholte Fahrr\u00e4der, Ersatzteile und bezahlte Reparaturen. Diese Seite erkl\u00e4rt die VanMoof Reparaturgarantie bei [&hellip;]\" \/>\n<meta property=\"og:url\" content=\"https:\/\/vanmoofista.com\/de\/garantie\/\" \/>\n<meta property=\"article:modified_time\" content=\"2026-05-13T08:33:03+00:00\" \/>\n<meta name=\"twitter:card\" content=\"summary_large_image\" \/>\n<meta name=\"twitter:label1\" content=\"Gesch\u00e4tzte Lesezeit\" \/>\n\t<meta name=\"twitter:data1\" content=\"3\u00a0Minuten\" \/>\n<script type=\"application\/ld+json\" class=\"yoast-schema-graph\">{\"@context\":\"https:\\\/\\\/schema.org\",\"@graph\":[{\"@type\":\"WebPage\",\"@id\":\"https:\\\/\\\/vanmoofista.com\\\/de\\\/garantie\\\/\",\"url\":\"https:\\\/\\\/vanmoofista.com\\\/de\\\/garantie\\\/\",\"name\":\"VanMoof Reparaturgarantie | Vanmoofista\",\"isPartOf\":{\"@id\":\"https:\\\/\\\/vanmoofista.com\\\/de\\\/#website\"},\"datePublished\":\"2026-04-27T09:28:03+00:00\",\"dateModified\":\"2026-05-13T08:33:03+00:00\",\"breadcrumb\":{\"@id\":\"https:\\\/\\\/vanmoofista.com\\\/de\\\/garantie\\\/#breadcrumb\"},\"inLanguage\":\"de\",\"potentialAction\":[{\"@type\":\"ReadAction\",\"target\":[\"https:\\\/\\\/vanmoofista.com\\\/de\\\/garantie\\\/\"]}]},{\"@type\":\"BreadcrumbList\",\"@id\":\"https:\\\/\\\/vanmoofista.com\\\/de\\\/garantie\\\/#breadcrumb\",\"itemListElement\":[{\"@type\":\"ListItem\",\"position\":1,\"name\":\"Home\",\"item\":\"https:\\\/\\\/vanmoofista.com\\\/de\\\/\"},{\"@type\":\"ListItem\",\"position\":2,\"name\":\"Garantie\"}]},{\"@type\":\"WebSite\",\"@id\":\"https:\\\/\\\/vanmoofista.com\\\/de\\\/#website\",\"url\":\"https:\\\/\\\/vanmoofista.com\\\/de\\\/\",\"name\":\"Vanmoofista\",\"description\":\"\",\"publisher\":{\"@id\":\"https:\\\/\\\/vanmoofista.com\\\/de\\\/#organization\"},\"potentialAction\":[{\"@type\":\"SearchAction\",\"target\":{\"@type\":\"EntryPoint\",\"urlTemplate\":\"https:\\\/\\\/vanmoofista.com\\\/de\\\/?s={search_term_string}\"},\"query-input\":{\"@type\":\"PropertyValueSpecification\",\"valueRequired\":true,\"valueName\":\"search_term_string\"}}],\"inLanguage\":\"de\"},{\"@type\":\"Organization\",\"@id\":\"https:\\\/\\\/vanmoofista.com\\\/de\\\/#organization\",\"name\":\"Vanmoofista\",\"url\":\"https:\\\/\\\/vanmoofista.com\\\/de\\\/\",\"logo\":{\"@type\":\"ImageObject\",\"inLanguage\":\"de\",\"@id\":\"https:\\\/\\\/vanmoofista.com\\\/de\\\/#\\\/schema\\\/logo\\\/image\\\/\",\"url\":\"https:\\\/\\\/vanmoofista.com\\\/wp-content\\\/uploads\\\/2026\\\/05\\\/vanmoofista-v-torx-exact-white.png\",\"contentUrl\":\"https:\\\/\\\/vanmoofista.com\\\/wp-content\\\/uploads\\\/2026\\\/05\\\/vanmoofista-v-torx-exact-white.png\",\"width\":885,\"height\":835,\"caption\":\"Vanmoofista\"},\"image\":{\"@id\":\"https:\\\/\\\/vanmoofista.com\\\/de\\\/#\\\/schema\\\/logo\\\/image\\\/\"}}]}<\/script>\n<!-- \/ Yoast SEO plugin. -->","yoast_head_json":{"title":"VanMoof Reparaturgarantie | Vanmoofista","robots":{"index":"index","follow":"follow","max-snippet":"max-snippet:-1","max-image-preview":"max-image-preview:large","max-video-preview":"max-video-preview:-1"},"canonical":"https:\/\/vanmoofista.com\/de\/garantie\/","og_locale":"de_DE","og_type":"article","og_title":"VanMoof Reparaturgarantie | Vanmoofista","og_description":"VanMoof Reparaturgarantie Klare Garantieinformationen f\u00fcr gebrauchte VanMoof-Fahrr\u00e4der, general\u00fcberholte Fahrr\u00e4der, Ersatzteile und bezahlte Reparaturen. Diese Seite erkl\u00e4rt die VanMoof Reparaturgarantie bei [&hellip;]","og_url":"https:\/\/vanmoofista.com\/de\/garantie\/","article_modified_time":"2026-05-13T08:33:03+00:00","twitter_card":"summary_large_image","twitter_misc":{"Gesch\u00e4tzte Lesezeit":"3\u00a0Minuten"},"schema":{"@context":"https:\/\/schema.org","@graph":[{"@type":"WebPage","@id":"https:\/\/vanmoofista.com\/de\/garantie\/","url":"https:\/\/vanmoofista.com\/de\/garantie\/","name":"VanMoof Reparaturgarantie | Vanmoofista","isPartOf":{"@id":"https:\/\/vanmoofista.com\/de\/#website"},"datePublished":"2026-04-27T09:28:03+00:00","dateModified":"2026-05-13T08:33:03+00:00","breadcrumb":{"@id":"https:\/\/vanmoofista.com\/de\/garantie\/#breadcrumb"},"inLanguage":"de","potentialAction":[{"@type":"ReadAction","target":["https:\/\/vanmoofista.com\/de\/garantie\/"]}]},{"@type":"BreadcrumbList","@id":"https:\/\/vanmoofista.com\/de\/garantie\/#breadcrumb","itemListElement":[{"@type":"ListItem","position":1,"name":"Home","item":"https:\/\/vanmoofista.com\/de\/"},{"@type":"ListItem","position":2,"name":"Garantie"}]},{"@type":"WebSite","@id":"https:\/\/vanmoofista.com\/de\/#website","url":"https:\/\/vanmoofista.com\/de\/","name":"Vanmoofista","description":"","publisher":{"@id":"https:\/\/vanmoofista.com\/de\/#organization"},"potentialAction":[{"@type":"SearchAction","target":{"@type":"EntryPoint","urlTemplate":"https:\/\/vanmoofista.com\/de\/?s={search_term_string}"},"query-input":{"@type":"PropertyValueSpecification","valueRequired":true,"valueName":"search_term_string"}}],"inLanguage":"de"},{"@type":"Organization","@id":"https:\/\/vanmoofista.com\/de\/#organization","name":"Vanmoofista","url":"https:\/\/vanmoofista.com\/de\/","logo":{"@type":"ImageObject","inLanguage":"de","@id":"https:\/\/vanmoofista.com\/de\/#\/schema\/logo\/image\/","url":"https:\/\/vanmoofista.com\/wp-content\/uploads\/2026\/05\/vanmoofista-v-torx-exact-white.png","contentUrl":"https:\/\/vanmoofista.com\/wp-content\/uploads\/2026\/05\/vanmoofista-v-torx-exact-white.png","width":885,"height":835,"caption":"Vanmoofista"},"image":{"@id":"https:\/\/vanmoofista.com\/de\/#\/schema\/logo\/image\/"}}]}},"uagb_featured_image_src":{"full":false,"thumbnail":false,"medium":false,"medium_large":false,"large":false,"1536x1536":false,"2048x2048":false,"woocommerce_thumbnail":false,"woocommerce_single":false,"woocommerce_gallery_thumbnail":false},"uagb_author_info":{"display_name":"elisalon","author_link":"https:\/\/vanmoofista.com\/de\/author\/elisalon\/"},"uagb_comment_info":0,"uagb_excerpt":"VanMoof Reparaturgarantie Klare Garantieinformationen f\u00fcr gebrauchte VanMoof-Fahrr\u00e4der, general\u00fcberholte Fahrr\u00e4der, Ersatzteile und bezahlte Reparaturen. Diese Seite erkl\u00e4rt die VanMoof Reparaturgarantie bei [&hellip;]","_links":{"self":[{"href":"https:\/\/vanmoofista.com\/de\/wp-json\/wp\/v2\/pages\/1288","targetHints":{"allow":["GET"]}}],"collection":[{"href":"https:\/\/vanmoofista.com\/de\/wp-json\/wp\/v2\/pages"}],"about":[{"href":"https:\/\/vanmoofista.com\/de\/wp-json\/wp\/v2\/types\/page"}],"author":[{"embeddable":true,"href":"https:\/\/vanmoofista.com\/de\/wp-json\/wp\/v2\/users\/1"}],"replies":[{"embeddable":true,"href":"https:\/\/vanmoofista.com\/de\/wp-json\/wp\/v2\/comments?post=1288"}],"version-history":[{"count":1,"href":"https:\/\/vanmoofista.com\/de\/wp-json\/wp\/v2\/pages\/1288\/revisions"}],"predecessor-version":[{"id":1290,"href":"https:\/\/vanmoofista.com\/de\/wp-json\/wp\/v2\/pages\/1288\/revisions\/1290"}],"wp:attachment":[{"href":"https:\/\/vanmoofista.com\/de\/wp-json\/wp\/v2\/media?parent=1288"}],"curies":[{"name":"wp","href":"https:\/\/api.w.org\/{rel}","templated":true}]}}