{"id":1301,"date":"2026-05-07T10:09:05","date_gmt":"2026-05-07T09:09:05","guid":{"rendered":"https:\/\/vanmoofista.com\/right-to-repair\/"},"modified":"2026-05-13T09:57:24","modified_gmt":"2026-05-13T08:57:24","slug":"right-to-repair","status":"publish","type":"page","link":"https:\/\/vanmoofista.com\/de\/right-to-repair\/","title":{"rendered":"Right to Repair"},"content":{"rendered":"\n<div class=\"wp-block-group alignfull vm-home vm-right-to-repair-page is-layout-flow wp-block-group-is-layout-flow\">\n\n  \n  <style>\r\n\r\n    .vm-right-to-repair-page.vm-home {\r\n\r\n      width: 100%;\r\n\r\n      box-sizing: border-box;\r\n\r\n      padding: 25px 20px;\r\n\r\n    }\r\n\r\n    .vm-right-to-repair-page .vm-rtr-inner {\r\n\r\n      width: 100%;\r\n\r\n      max-width: 1120px;\r\n\r\n      margin-left: auto;\r\n\r\n      margin-right: auto;\r\n\r\n      box-sizing: border-box;\r\n\r\n    }\r\n\r\n    .vm-right-to-repair-page .vm-card {\r\n\r\n      width: 100%;\r\n\r\n      max-width: 1000px;\r\n\r\n      margin: 0 auto 25px auto;\r\n\r\n      box-sizing: border-box;\r\n\r\n      border: 1px solid #dddddd;\r\n\r\n      border-radius: 18px;\r\n\r\n      background: #ffffff;\r\n\r\n      padding: 35px;\r\n\r\n    }\r\n\r\n    .vm-right-to-repair-page .vm-rtr-quote {\r\n\r\n      margin: 22px auto;\r\n\r\n      padding: 22px;\r\n\r\n      border: 1px solid #e4e4e4;\r\n\r\n      border-radius: 14px;\r\n\r\n      background: #f8f8f6;\r\n\r\n      box-sizing: border-box;\r\n\r\n    }\r\n\r\n    .vm-right-to-repair-page .vm-rtr-quote p {\r\n\r\n      margin-top: 0;\r\n\r\n    }\r\n\r\n    .vm-right-to-repair-page .vm-rtr-reference-link {\r\n\r\n      display: inline-block;\r\n\r\n      margin-top: 6px;\r\n\r\n      font-weight: 600;\r\n\r\n    }\r\n\r\n    @media (max-width: 640px) {\r\n\r\n      .vm-right-to-repair-page.vm-home {\r\n\r\n        padding: 25px 20px;\r\n\r\n      }\r\n\r\n      .vm-right-to-repair-page .vm-card {\r\n\r\n        padding: 25px 22px;\r\n\r\n      }\r\n\r\n    }\r\n\r\n  <\/style>\r\n\r\n  <div class=\"vm-rtr-inner\">\r\n\r\n    <section class=\"vm-card\">\r\n\r\n      <h1 class=\"wp-block-heading has-text-align-center\">Right to Repair<\/h1>\r\n\r\n      <p class=\"has-text-align-center has-large-font-size\"><strong>Vanmoofista unterst\u00fctzt das Recht auf Reparatur.<\/strong><\/p>\r\n\r\n      <p>Eigent\u00fcmer und unabh\u00e4ngige Reparaturbetriebe sollten Zugang zu Teilen, Reparaturwissen, Diagnosem\u00f6glichkeiten und praktischen L\u00f6sungen haben. Ein Fahrrad sollte nicht zu Abfall werden, nur weil ein Bauteil ausgefallen ist oder weil der offizielle Support eingeschr\u00e4nkt wurde.<\/p>\r\n\r\n      <p>Bei VanMoof-Fahrr\u00e4dern ist Reparierbarkeit wichtig. Batterien, Cartridges, Verkabelung, Motoren, e-Shifter und elektronische Komponenten sollten diagnostiziert werden, bevor komplette Systeme ersetzt werden.<\/p>\r\n\r\n      <p>Vanmoofista setzt diesen Ansatz in der t\u00e4glichen Reparaturarbeit um: zuerst diagnostizieren, reparieren, wo es m\u00f6glich ist, Teile sinnvoll wiederverwenden und nur ersetzen, was wirklich ersetzt werden muss.<\/p>\r\n\r\n    <\/section>\r\n\r\n    <section class=\"vm-card\">\r\n\r\n      <h2 class=\"wp-block-heading has-text-align-center\">Warum das wichtig ist<\/h2>\r\n\r\n      <p>Manchmal ist eine Reparatur mehr als das Instandsetzen eines Fahrrads. Sie bedeutet, dass ein Kunde sein VanMoof wieder nutzen kann, statt es zum Recyclinghof zu bringen.<\/p>\r\n\r\n      <blockquote class=\"wp-block-quote vm-rtr-quote\">\r\n\r\n        <p>\u201eEs ist viel besser f\u00fcr den Planeten, das Fahrrad zu reparieren, als es zum Recyclinghof zu bringen.\u201c<\/p>\r\n\r\n        <cite>Feedback eines VanMoof-Reparaturkunden in Belgien<\/cite>\r\n\r\n      <\/blockquote>\r\n\r\n      <p>Darum geht es bei Vanmoofista: reparierbare Fahrr\u00e4der auf der Stra\u00dfe halten, unn\u00f6tigen Abfall vermeiden und \u00e4ltere VanMoofs als Maschinen behandeln, die es wert sind, gewartet zu werden.<\/p>\r\n\r\n    <\/section>\r\n\r\n    <section class=\"vm-card\">\r\n\r\n      <h2 class=\"wp-block-heading has-text-align-center\">Teil der Reparaturbewegung<\/h2>\r\n\r\n      <p>Vanmoofista ist im Netzwerk von Right to Repair Europe gelistet, einer europ\u00e4ischen Reparaturbewegung, die sich f\u00fcr langlebigere Produkte, besseren Zugang zu Reparaturen und weniger unn\u00f6tigen Abfall einsetzt.<\/p>\r\n\r\n      <p>F\u00fcr Vanmoofista ist das kein Slogan. Es ist die praktische Grundlage der Werkstatt: zuerst diagnostizieren, reparieren, wo es m\u00f6glich ist, Teile sinnvoll wiederverwenden und dazu beitragen, reparierbare Fahrr\u00e4der auf der Stra\u00dfe zu halten.<\/p>\r\n\r\n      <p>\r\n\r\n        <a class=\"vm-rtr-reference-link\" href=\"https:\/\/repair.eu\/our-network\/\" target=\"_blank\" rel=\"noopener noreferrer\">\r\n\r\n          Das Netzwerk von Right to Repair Europe ansehen\r\n\r\n        <\/a>\r\n\r\n      <\/p>\r\n\r\n    <\/section>\r\n\r\n    <section class=\"vm-card\">\r\n\r\n      <h2 class=\"wp-block-heading has-text-align-center\">Reparatur vor Austausch<\/h2>\r\n\r\n      <p>Komplette Module zu ersetzen kann schnell sein, ist aber nicht immer die beste Reparatur. Viele Probleme lassen sich genauer verstehen, indem das defekte Teil gepr\u00fcft, die Verkabelung kontrolliert, die Schwachstelle identifiziert und entschieden wird, ob Reparatur, Wiederverwendung oder Austausch die richtige L\u00f6sung ist.<\/p>\r\n\r\n      <p>Dieser reparaturorientierte Ansatz ist besser f\u00fcr Kunden, besser f\u00fcr unabh\u00e4ngige Werkst\u00e4tten und besser f\u00fcr das langfristige \u00dcberleben von VanMoof-Fahrr\u00e4dern.<\/p>\r\n\r\n    <\/section>\r\n\r\n  <\/div>\n\n<\/div>\n","protected":false},"excerpt":{"rendered":"<p>Right to Repair Vanmoofista unterst\u00fctzt das Recht auf Reparatur. Eigent\u00fcmer und unabh\u00e4ngige Reparaturbetriebe sollten Zugang zu Teilen, Reparaturwissen, Diagnosem\u00f6glichkeiten und [&hellip;]<\/p>\n","protected":false},"author":1,"featured_media":0,"parent":0,"menu_order":0,"comment_status":"closed","ping_status":"closed","template":"","meta":{"_uag_custom_page_level_css":"","site-sidebar-layout":"default","site-content-layout":"","ast-site-content-layout":"default","site-content-style":"default","site-sidebar-style":"default","ast-global-header-display":"","ast-banner-title-visibility":"","ast-main-header-display":"","ast-hfb-above-header-display":"","ast-hfb-below-header-display":"","ast-hfb-mobile-header-display":"","site-post-title":"disabled","ast-breadcrumbs-content":"","ast-featured-img":"","footer-sml-layout":"","ast-disable-related-posts":"","theme-transparent-header-meta":"","adv-header-id-meta":"","stick-header-meta":"","header-above-stick-meta":"","header-main-stick-meta":"","header-below-stick-meta":"","astra-migrate-meta-layouts":"default","ast-page-background-enabled":"default","ast-page-background-meta":{"desktop":{"background-color":"var(--ast-global-color-5)","background-image":"","background-repeat":"repeat","background-position":"center center","background-size":"auto","background-attachment":"scroll","background-type":"","background-media":"","overlay-type":"","overlay-color":"","overlay-opacity":"","overlay-gradient":""},"tablet":{"background-color":"","background-image":"","background-repeat":"repeat","background-position":"center center","background-size":"auto","background-attachment":"scroll","background-type":"","background-media":"","overlay-type":"","overlay-color":"","overlay-opacity":"","overlay-gradient":""},"mobile":{"background-color":"","background-image":"","background-repeat":"repeat","background-position":"center center","background-size":"auto","background-attachment":"scroll","background-type":"","background-media":"","overlay-type":"","overlay-color":"","overlay-opacity":"","overlay-gradient":""}},"ast-content-background-meta":{"desktop":{"background-color":"var(--ast-global-color-4)","background-image":"","background-repeat":"repeat","background-position":"center center","background-size":"auto","background-attachment":"scroll","background-type":"","background-media":"","overlay-type":"","overlay-color":"","overlay-opacity":"","overlay-gradient":""},"tablet":{"background-color":"var(--ast-global-color-4)","background-image":"","background-repeat":"repeat","background-position":"center center","background-size":"auto","background-attachment":"scroll","background-type":"","background-media":"","overlay-type":"","overlay-color":"","overlay-opacity":"","overlay-gradient":""},"mobile":{"background-color":"var(--ast-global-color-4)","background-image":"","background-repeat":"repeat","background-position":"center center","background-size":"auto","background-attachment":"scroll","background-type":"","background-media":"","overlay-type":"","overlay-color":"","overlay-opacity":"","overlay-gradient":""}},"footnotes":""},"class_list":["post-1301","page","type-page","status-publish","hentry"],"yoast_head":"<!-- This site is optimized with the Yoast SEO plugin v27.6 - https:\/\/yoast.com\/product\/yoast-seo-wordpress\/ -->\n<title>Right to Repair -<\/title>\n<meta name=\"robots\" content=\"index, follow, max-snippet:-1, max-image-preview:large, max-video-preview:-1\" \/>\n<link rel=\"canonical\" href=\"https:\/\/vanmoofista.com\/de\/right-to-repair\/\" \/>\n<meta property=\"og:locale\" content=\"de_DE\" \/>\n<meta property=\"og:type\" content=\"article\" \/>\n<meta property=\"og:title\" content=\"Right to Repair -\" \/>\n<meta property=\"og:description\" content=\"Right to Repair Vanmoofista unterst\u00fctzt das Recht auf Reparatur. Eigent\u00fcmer und unabh\u00e4ngige Reparaturbetriebe sollten Zugang zu Teilen, Reparaturwissen, Diagnosem\u00f6glichkeiten und [&hellip;]\" \/>\n<meta property=\"og:url\" content=\"https:\/\/vanmoofista.com\/de\/right-to-repair\/\" \/>\n<meta property=\"article:modified_time\" content=\"2026-05-13T08:57:24+00:00\" \/>\n<meta name=\"twitter:card\" content=\"summary_large_image\" \/>\n<meta name=\"twitter:label1\" content=\"Gesch\u00e4tzte Lesezeit\" \/>\n\t<meta name=\"twitter:data1\" content=\"2\u00a0Minuten\" \/>\n<script type=\"application\/ld+json\" class=\"yoast-schema-graph\">{\"@context\":\"https:\\\/\\\/schema.org\",\"@graph\":[{\"@type\":\"WebPage\",\"@id\":\"https:\\\/\\\/vanmoofista.com\\\/de\\\/right-to-repair\\\/\",\"url\":\"https:\\\/\\\/vanmoofista.com\\\/de\\\/right-to-repair\\\/\",\"name\":\"Right to Repair -\",\"isPartOf\":{\"@id\":\"https:\\\/\\\/vanmoofista.com\\\/de\\\/#website\"},\"datePublished\":\"2026-05-07T09:09:05+00:00\",\"dateModified\":\"2026-05-13T08:57:24+00:00\",\"breadcrumb\":{\"@id\":\"https:\\\/\\\/vanmoofista.com\\\/de\\\/right-to-repair\\\/#breadcrumb\"},\"inLanguage\":\"de\",\"potentialAction\":[{\"@type\":\"ReadAction\",\"target\":[\"https:\\\/\\\/vanmoofista.com\\\/de\\\/right-to-repair\\\/\"]}]},{\"@type\":\"BreadcrumbList\",\"@id\":\"https:\\\/\\\/vanmoofista.com\\\/de\\\/right-to-repair\\\/#breadcrumb\",\"itemListElement\":[{\"@type\":\"ListItem\",\"position\":1,\"name\":\"Home\",\"item\":\"https:\\\/\\\/vanmoofista.com\\\/de\\\/\"},{\"@type\":\"ListItem\",\"position\":2,\"name\":\"Right to Repair\"}]},{\"@type\":\"WebSite\",\"@id\":\"https:\\\/\\\/vanmoofista.com\\\/de\\\/#website\",\"url\":\"https:\\\/\\\/vanmoofista.com\\\/de\\\/\",\"name\":\"Vanmoofista\",\"description\":\"\",\"publisher\":{\"@id\":\"https:\\\/\\\/vanmoofista.com\\\/de\\\/#organization\"},\"potentialAction\":[{\"@type\":\"SearchAction\",\"target\":{\"@type\":\"EntryPoint\",\"urlTemplate\":\"https:\\\/\\\/vanmoofista.com\\\/de\\\/?s={search_term_string}\"},\"query-input\":{\"@type\":\"PropertyValueSpecification\",\"valueRequired\":true,\"valueName\":\"search_term_string\"}}],\"inLanguage\":\"de\"},{\"@type\":\"Organization\",\"@id\":\"https:\\\/\\\/vanmoofista.com\\\/de\\\/#organization\",\"name\":\"Vanmoofista\",\"url\":\"https:\\\/\\\/vanmoofista.com\\\/de\\\/\",\"logo\":{\"@type\":\"ImageObject\",\"inLanguage\":\"de\",\"@id\":\"https:\\\/\\\/vanmoofista.com\\\/de\\\/#\\\/schema\\\/logo\\\/image\\\/\",\"url\":\"https:\\\/\\\/vanmoofista.com\\\/wp-content\\\/uploads\\\/2026\\\/05\\\/vanmoofista-v-torx-exact-white.png\",\"contentUrl\":\"https:\\\/\\\/vanmoofista.com\\\/wp-content\\\/uploads\\\/2026\\\/05\\\/vanmoofista-v-torx-exact-white.png\",\"width\":885,\"height\":835,\"caption\":\"Vanmoofista\"},\"image\":{\"@id\":\"https:\\\/\\\/vanmoofista.com\\\/de\\\/#\\\/schema\\\/logo\\\/image\\\/\"}}]}<\/script>\n<!-- \/ Yoast SEO plugin. -->","yoast_head_json":{"title":"Right to Repair -","robots":{"index":"index","follow":"follow","max-snippet":"max-snippet:-1","max-image-preview":"max-image-preview:large","max-video-preview":"max-video-preview:-1"},"canonical":"https:\/\/vanmoofista.com\/de\/right-to-repair\/","og_locale":"de_DE","og_type":"article","og_title":"Right to Repair -","og_description":"Right to Repair Vanmoofista unterst\u00fctzt das Recht auf Reparatur. Eigent\u00fcmer und unabh\u00e4ngige Reparaturbetriebe sollten Zugang zu Teilen, Reparaturwissen, Diagnosem\u00f6glichkeiten und [&hellip;]","og_url":"https:\/\/vanmoofista.com\/de\/right-to-repair\/","article_modified_time":"2026-05-13T08:57:24+00:00","twitter_card":"summary_large_image","twitter_misc":{"Gesch\u00e4tzte Lesezeit":"2\u00a0Minuten"},"schema":{"@context":"https:\/\/schema.org","@graph":[{"@type":"WebPage","@id":"https:\/\/vanmoofista.com\/de\/right-to-repair\/","url":"https:\/\/vanmoofista.com\/de\/right-to-repair\/","name":"Right to Repair -","isPartOf":{"@id":"https:\/\/vanmoofista.com\/de\/#website"},"datePublished":"2026-05-07T09:09:05+00:00","dateModified":"2026-05-13T08:57:24+00:00","breadcrumb":{"@id":"https:\/\/vanmoofista.com\/de\/right-to-repair\/#breadcrumb"},"inLanguage":"de","potentialAction":[{"@type":"ReadAction","target":["https:\/\/vanmoofista.com\/de\/right-to-repair\/"]}]},{"@type":"BreadcrumbList","@id":"https:\/\/vanmoofista.com\/de\/right-to-repair\/#breadcrumb","itemListElement":[{"@type":"ListItem","position":1,"name":"Home","item":"https:\/\/vanmoofista.com\/de\/"},{"@type":"ListItem","position":2,"name":"Right to Repair"}]},{"@type":"WebSite","@id":"https:\/\/vanmoofista.com\/de\/#website","url":"https:\/\/vanmoofista.com\/de\/","name":"Vanmoofista","description":"","publisher":{"@id":"https:\/\/vanmoofista.com\/de\/#organization"},"potentialAction":[{"@type":"SearchAction","target":{"@type":"EntryPoint","urlTemplate":"https:\/\/vanmoofista.com\/de\/?s={search_term_string}"},"query-input":{"@type":"PropertyValueSpecification","valueRequired":true,"valueName":"search_term_string"}}],"inLanguage":"de"},{"@type":"Organization","@id":"https:\/\/vanmoofista.com\/de\/#organization","name":"Vanmoofista","url":"https:\/\/vanmoofista.com\/de\/","logo":{"@type":"ImageObject","inLanguage":"de","@id":"https:\/\/vanmoofista.com\/de\/#\/schema\/logo\/image\/","url":"https:\/\/vanmoofista.com\/wp-content\/uploads\/2026\/05\/vanmoofista-v-torx-exact-white.png","contentUrl":"https:\/\/vanmoofista.com\/wp-content\/uploads\/2026\/05\/vanmoofista-v-torx-exact-white.png","width":885,"height":835,"caption":"Vanmoofista"},"image":{"@id":"https:\/\/vanmoofista.com\/de\/#\/schema\/logo\/image\/"}}]}},"uagb_featured_image_src":{"full":false,"thumbnail":false,"medium":false,"medium_large":false,"large":false,"1536x1536":false,"2048x2048":false,"woocommerce_thumbnail":false,"woocommerce_single":false,"woocommerce_gallery_thumbnail":false},"uagb_author_info":{"display_name":"elisalon","author_link":"https:\/\/vanmoofista.com\/de\/author\/elisalon\/"},"uagb_comment_info":0,"uagb_excerpt":"Right to Repair Vanmoofista unterst\u00fctzt das Recht auf Reparatur. Eigent\u00fcmer und unabh\u00e4ngige Reparaturbetriebe sollten Zugang zu Teilen, Reparaturwissen, Diagnosem\u00f6glichkeiten und [&hellip;]","_links":{"self":[{"href":"https:\/\/vanmoofista.com\/de\/wp-json\/wp\/v2\/pages\/1301","targetHints":{"allow":["GET"]}}],"collection":[{"href":"https:\/\/vanmoofista.com\/de\/wp-json\/wp\/v2\/pages"}],"about":[{"href":"https:\/\/vanmoofista.com\/de\/wp-json\/wp\/v2\/types\/page"}],"author":[{"embeddable":true,"href":"https:\/\/vanmoofista.com\/de\/wp-json\/wp\/v2\/users\/1"}],"replies":[{"embeddable":true,"href":"https:\/\/vanmoofista.com\/de\/wp-json\/wp\/v2\/comments?post=1301"}],"version-history":[{"count":1,"href":"https:\/\/vanmoofista.com\/de\/wp-json\/wp\/v2\/pages\/1301\/revisions"}],"predecessor-version":[{"id":1302,"href":"https:\/\/vanmoofista.com\/de\/wp-json\/wp\/v2\/pages\/1301\/revisions\/1302"}],"wp:attachment":[{"href":"https:\/\/vanmoofista.com\/de\/wp-json\/wp\/v2\/media?parent=1301"}],"curies":[{"name":"wp","href":"https:\/\/api.w.org\/{rel}","templated":true}]}}