{"id":1483,"date":"2026-04-29T21:05:15","date_gmt":"2026-04-29T20:05:15","guid":{"rendered":"https:\/\/vanmoofista.com\/mods-und-upgrades\/"},"modified":"2026-05-14T20:43:08","modified_gmt":"2026-05-14T19:43:08","slug":"mods-und-upgrades","status":"publish","type":"page","link":"https:\/\/vanmoofista.com\/de\/mods-und-upgrades\/","title":{"rendered":"Mods und Upgrades"},"content":{"rendered":"\n<div class=\"wp-block-group vm-mods-page is-layout-flow wp-block-group-is-layout-flow\">\n\n  \n  <div class=\"vm-page-center\">\n  <\/div>\n\n    \n    <div class=\"wp-block-group vm-card vm-mods-hero has-border-color is-layout-constrained wp-container-core-group-is-layout-c895dcc3 wp-block-group-is-layout-constrained\" style=\"border-color:#dddddd;border-width:1px;border-radius:18px;margin-bottom:25px;padding-top:40px;padding-right:35px;padding-bottom:40px;padding-left:35px\">\n\n      \n      <h1 class=\"wp-block-heading has-text-align-center\">VanMoof Mods &amp; Upgrades<\/h1>\n      \n\n      \n      <p class=\"has-text-align-center\">Individuelle VanMoof-Verbesserungen f\u00fcr Fahrer, die \u00e4ltere Fahrr\u00e4der n\u00fctzlich, reparierbar und auf der Stra\u00dfe halten wollen.<\/p>\n      \n\n      \n      <p class=\"has-text-align-center\">Dieser Bereich befindet sich noch im Aufbau. Vorerst bietet er einen \u00dcberblick \u00fcber die Art von Upgrade-Arbeiten, an denen wir interessiert sind: praktische Verbesserungen, Zuverl\u00e4ssigkeits-Upgrades und experimentelle VanMoof-Umbauideen. <\/p>\n      \n\n    <\/div>\n    \n\n    \n    <div class=\"vm-mods-grid\">\n      <div class=\"vm-mod-card\">\n        <h3>Komfort-Upgrades<\/h3>\n        <p>Kleine Verbesserungen, die das Rad im Alltag angenehmer machen, wie Griffe, S\u00e4ttel, Beleuchtung, Bremsgef\u00fchl und Cockpit-Details.<\/p>\n      <\/div>\n\n      <div class=\"vm-mod-card\">\n        <h3>Zuverl\u00e4ssigkeits-Upgrades<\/h3>\n        <p>Ideen, die darauf abzielen, \u00e4ltere VanMoof-Bikes l\u00e4nger auf der Stra\u00dfe zu halten, einschlie\u00dflich Verkabelung, Steckverbindungen, batteriebezogenen Arbeiten und Ersatzteilen.<\/p>\n      <\/div>\n\n      <div class=\"vm-mod-card\">\n        <h3>Experimentelle Umbauten<\/h3>\n        <p>Spezialprojekte und technische Experimente f\u00fcr VanMoof-Bikes, insbesondere dort, wo Originalteile schwer zu finden oder nicht mehr verf\u00fcgbar sind.<\/p>\n      <\/div>\n    <\/div>\n    \n\n    \n    <div class=\"wp-block-group vm-card vm-mods-note has-border-color is-layout-constrained wp-container-core-group-is-layout-6da7153c wp-block-group-is-layout-constrained\" style=\"border-color:#dddddd;border-width:1px;border-radius:18px;margin-top:25px;padding-top:30px;padding-right:30px;padding-bottom:30px;padding-left:30px\">\n\n      \n      <h2 class=\"wp-block-heading has-text-align-center\">Hast du ein bestimmtes Upgrade im Sinn?<\/h2>\n      \n\n      \n      <p class=\"has-text-align-center\">Kontaktiere uns mit deinem Fahrradmodell, dem Problem, das du l\u00f6sen m\u00f6chtest, und ein paar Fotos. Einige Upgrades h\u00e4ngen vom Modell, der Verf\u00fcgbarkeit von Teilen und Sicherheitspr\u00fcfungen ab. <\/p>\n      \n\n    <\/div>\n    \n\n  \n  \n\n<\/div>\n","protected":false},"excerpt":{"rendered":"<p>VanMoof Mods &amp; Upgrades Individuelle VanMoof-Verbesserungen f\u00fcr Fahrer, die \u00e4ltere Fahrr\u00e4der n\u00fctzlich, reparierbar und auf der Stra\u00dfe halten wollen. Dieser [&hellip;]<\/p>\n","protected":false},"author":1,"featured_media":0,"parent":0,"menu_order":0,"comment_status":"closed","ping_status":"closed","template":"","meta":{"_uag_custom_page_level_css":"","site-sidebar-layout":"default","site-content-layout":"","ast-site-content-layout":"default","site-content-style":"default","site-sidebar-style":"default","ast-global-header-display":"","ast-banner-title-visibility":"","ast-main-header-display":"","ast-hfb-above-header-display":"","ast-hfb-below-header-display":"","ast-hfb-mobile-header-display":"","site-post-title":"disabled","ast-breadcrumbs-content":"","ast-featured-img":"","footer-sml-layout":"","ast-disable-related-posts":"","theme-transparent-header-meta":"","adv-header-id-meta":"","stick-header-meta":"","header-above-stick-meta":"","header-main-stick-meta":"","header-below-stick-meta":"","astra-migrate-meta-layouts":"default","ast-page-background-enabled":"default","ast-page-background-meta":{"desktop":{"background-color":"var(--ast-global-color-5)","background-image":"","background-repeat":"repeat","background-position":"center center","background-size":"auto","background-attachment":"scroll","background-type":"","background-media":"","overlay-type":"","overlay-color":"","overlay-opacity":"","overlay-gradient":""},"tablet":{"background-color":"","background-image":"","background-repeat":"repeat","background-position":"center center","background-size":"auto","background-attachment":"scroll","background-type":"","background-media":"","overlay-type":"","overlay-color":"","overlay-opacity":"","overlay-gradient":""},"mobile":{"background-color":"","background-image":"","background-repeat":"repeat","background-position":"center center","background-size":"auto","background-attachment":"scroll","background-type":"","background-media":"","overlay-type":"","overlay-color":"","overlay-opacity":"","overlay-gradient":""}},"ast-content-background-meta":{"desktop":{"background-color":"var(--ast-global-color-4)","background-image":"","background-repeat":"repeat","background-position":"center center","background-size":"auto","background-attachment":"scroll","background-type":"","background-media":"","overlay-type":"","overlay-color":"","overlay-opacity":"","overlay-gradient":""},"tablet":{"background-color":"var(--ast-global-color-4)","background-image":"","background-repeat":"repeat","background-position":"center center","background-size":"auto","background-attachment":"scroll","background-type":"","background-media":"","overlay-type":"","overlay-color":"","overlay-opacity":"","overlay-gradient":""},"mobile":{"background-color":"var(--ast-global-color-4)","background-image":"","background-repeat":"repeat","background-position":"center center","background-size":"auto","background-attachment":"scroll","background-type":"","background-media":"","overlay-type":"","overlay-color":"","overlay-opacity":"","overlay-gradient":""}},"footnotes":""},"class_list":["post-1483","page","type-page","status-publish","hentry"],"yoast_head":"<!-- This site is optimized with the Yoast SEO plugin v27.6 - https:\/\/yoast.com\/product\/yoast-seo-wordpress\/ -->\n<title>Mods und Upgrades -<\/title>\n<meta name=\"robots\" content=\"index, follow, max-snippet:-1, max-image-preview:large, max-video-preview:-1\" \/>\n<link rel=\"canonical\" href=\"https:\/\/vanmoofista.com\/de\/mods-und-upgrades\/\" \/>\n<meta property=\"og:locale\" content=\"de_DE\" \/>\n<meta property=\"og:type\" content=\"article\" \/>\n<meta property=\"og:title\" content=\"Mods und Upgrades -\" \/>\n<meta property=\"og:description\" content=\"VanMoof Mods &amp; Upgrades Individuelle VanMoof-Verbesserungen f\u00fcr Fahrer, die \u00e4ltere Fahrr\u00e4der n\u00fctzlich, reparierbar und auf der Stra\u00dfe halten wollen. Dieser [&hellip;]\" \/>\n<meta property=\"og:url\" content=\"https:\/\/vanmoofista.com\/de\/mods-und-upgrades\/\" \/>\n<meta property=\"article:modified_time\" content=\"2026-05-14T19:43:08+00:00\" \/>\n<meta name=\"twitter:card\" content=\"summary_large_image\" \/>\n<meta name=\"twitter:label1\" content=\"Gesch\u00e4tzte Lesezeit\" \/>\n\t<meta name=\"twitter:data1\" content=\"1\u00a0Minute\" \/>\n<script type=\"application\/ld+json\" class=\"yoast-schema-graph\">{\"@context\":\"https:\\\/\\\/schema.org\",\"@graph\":[{\"@type\":\"WebPage\",\"@id\":\"https:\\\/\\\/vanmoofista.com\\\/de\\\/mods-und-upgrades\\\/\",\"url\":\"https:\\\/\\\/vanmoofista.com\\\/de\\\/mods-und-upgrades\\\/\",\"name\":\"Mods und Upgrades -\",\"isPartOf\":{\"@id\":\"https:\\\/\\\/vanmoofista.com\\\/de\\\/#website\"},\"datePublished\":\"2026-04-29T20:05:15+00:00\",\"dateModified\":\"2026-05-14T19:43:08+00:00\",\"breadcrumb\":{\"@id\":\"https:\\\/\\\/vanmoofista.com\\\/de\\\/mods-und-upgrades\\\/#breadcrumb\"},\"inLanguage\":\"de\",\"potentialAction\":[{\"@type\":\"ReadAction\",\"target\":[\"https:\\\/\\\/vanmoofista.com\\\/de\\\/mods-und-upgrades\\\/\"]}]},{\"@type\":\"BreadcrumbList\",\"@id\":\"https:\\\/\\\/vanmoofista.com\\\/de\\\/mods-und-upgrades\\\/#breadcrumb\",\"itemListElement\":[{\"@type\":\"ListItem\",\"position\":1,\"name\":\"Home\",\"item\":\"https:\\\/\\\/vanmoofista.com\\\/de\\\/\"},{\"@type\":\"ListItem\",\"position\":2,\"name\":\"Mods und Upgrades\"}]},{\"@type\":\"WebSite\",\"@id\":\"https:\\\/\\\/vanmoofista.com\\\/de\\\/#website\",\"url\":\"https:\\\/\\\/vanmoofista.com\\\/de\\\/\",\"name\":\"Vanmoofista\",\"description\":\"\",\"publisher\":{\"@id\":\"https:\\\/\\\/vanmoofista.com\\\/de\\\/#organization\"},\"potentialAction\":[{\"@type\":\"SearchAction\",\"target\":{\"@type\":\"EntryPoint\",\"urlTemplate\":\"https:\\\/\\\/vanmoofista.com\\\/de\\\/?s={search_term_string}\"},\"query-input\":{\"@type\":\"PropertyValueSpecification\",\"valueRequired\":true,\"valueName\":\"search_term_string\"}}],\"inLanguage\":\"de\"},{\"@type\":\"Organization\",\"@id\":\"https:\\\/\\\/vanmoofista.com\\\/de\\\/#organization\",\"name\":\"Vanmoofista\",\"url\":\"https:\\\/\\\/vanmoofista.com\\\/de\\\/\",\"logo\":{\"@type\":\"ImageObject\",\"inLanguage\":\"de\",\"@id\":\"https:\\\/\\\/vanmoofista.com\\\/de\\\/#\\\/schema\\\/logo\\\/image\\\/\",\"url\":\"https:\\\/\\\/vanmoofista.com\\\/wp-content\\\/uploads\\\/2026\\\/05\\\/vanmoofista-v-torx-exact-white.png\",\"contentUrl\":\"https:\\\/\\\/vanmoofista.com\\\/wp-content\\\/uploads\\\/2026\\\/05\\\/vanmoofista-v-torx-exact-white.png\",\"width\":885,\"height\":835,\"caption\":\"Vanmoofista\"},\"image\":{\"@id\":\"https:\\\/\\\/vanmoofista.com\\\/de\\\/#\\\/schema\\\/logo\\\/image\\\/\"}}]}<\/script>\n<!-- \/ Yoast SEO plugin. -->","yoast_head_json":{"title":"Mods und Upgrades -","robots":{"index":"index","follow":"follow","max-snippet":"max-snippet:-1","max-image-preview":"max-image-preview:large","max-video-preview":"max-video-preview:-1"},"canonical":"https:\/\/vanmoofista.com\/de\/mods-und-upgrades\/","og_locale":"de_DE","og_type":"article","og_title":"Mods und Upgrades -","og_description":"VanMoof Mods &amp; Upgrades Individuelle VanMoof-Verbesserungen f\u00fcr Fahrer, die \u00e4ltere Fahrr\u00e4der n\u00fctzlich, reparierbar und auf der Stra\u00dfe halten wollen. Dieser [&hellip;]","og_url":"https:\/\/vanmoofista.com\/de\/mods-und-upgrades\/","article_modified_time":"2026-05-14T19:43:08+00:00","twitter_card":"summary_large_image","twitter_misc":{"Gesch\u00e4tzte Lesezeit":"1\u00a0Minute"},"schema":{"@context":"https:\/\/schema.org","@graph":[{"@type":"WebPage","@id":"https:\/\/vanmoofista.com\/de\/mods-und-upgrades\/","url":"https:\/\/vanmoofista.com\/de\/mods-und-upgrades\/","name":"Mods und Upgrades -","isPartOf":{"@id":"https:\/\/vanmoofista.com\/de\/#website"},"datePublished":"2026-04-29T20:05:15+00:00","dateModified":"2026-05-14T19:43:08+00:00","breadcrumb":{"@id":"https:\/\/vanmoofista.com\/de\/mods-und-upgrades\/#breadcrumb"},"inLanguage":"de","potentialAction":[{"@type":"ReadAction","target":["https:\/\/vanmoofista.com\/de\/mods-und-upgrades\/"]}]},{"@type":"BreadcrumbList","@id":"https:\/\/vanmoofista.com\/de\/mods-und-upgrades\/#breadcrumb","itemListElement":[{"@type":"ListItem","position":1,"name":"Home","item":"https:\/\/vanmoofista.com\/de\/"},{"@type":"ListItem","position":2,"name":"Mods und Upgrades"}]},{"@type":"WebSite","@id":"https:\/\/vanmoofista.com\/de\/#website","url":"https:\/\/vanmoofista.com\/de\/","name":"Vanmoofista","description":"","publisher":{"@id":"https:\/\/vanmoofista.com\/de\/#organization"},"potentialAction":[{"@type":"SearchAction","target":{"@type":"EntryPoint","urlTemplate":"https:\/\/vanmoofista.com\/de\/?s={search_term_string}"},"query-input":{"@type":"PropertyValueSpecification","valueRequired":true,"valueName":"search_term_string"}}],"inLanguage":"de"},{"@type":"Organization","@id":"https:\/\/vanmoofista.com\/de\/#organization","name":"Vanmoofista","url":"https:\/\/vanmoofista.com\/de\/","logo":{"@type":"ImageObject","inLanguage":"de","@id":"https:\/\/vanmoofista.com\/de\/#\/schema\/logo\/image\/","url":"https:\/\/vanmoofista.com\/wp-content\/uploads\/2026\/05\/vanmoofista-v-torx-exact-white.png","contentUrl":"https:\/\/vanmoofista.com\/wp-content\/uploads\/2026\/05\/vanmoofista-v-torx-exact-white.png","width":885,"height":835,"caption":"Vanmoofista"},"image":{"@id":"https:\/\/vanmoofista.com\/de\/#\/schema\/logo\/image\/"}}]}},"uagb_featured_image_src":{"full":false,"thumbnail":false,"medium":false,"medium_large":false,"large":false,"1536x1536":false,"2048x2048":false,"woocommerce_thumbnail":false,"woocommerce_single":false,"woocommerce_gallery_thumbnail":false},"uagb_author_info":{"display_name":"elisalon","author_link":"https:\/\/vanmoofista.com\/de\/author\/elisalon\/"},"uagb_comment_info":0,"uagb_excerpt":"VanMoof Mods &amp; Upgrades Individuelle VanMoof-Verbesserungen f\u00fcr Fahrer, die \u00e4ltere Fahrr\u00e4der n\u00fctzlich, reparierbar und auf der Stra\u00dfe halten wollen. Dieser [&hellip;]","_links":{"self":[{"href":"https:\/\/vanmoofista.com\/de\/wp-json\/wp\/v2\/pages\/1483","targetHints":{"allow":["GET"]}}],"collection":[{"href":"https:\/\/vanmoofista.com\/de\/wp-json\/wp\/v2\/pages"}],"about":[{"href":"https:\/\/vanmoofista.com\/de\/wp-json\/wp\/v2\/types\/page"}],"author":[{"embeddable":true,"href":"https:\/\/vanmoofista.com\/de\/wp-json\/wp\/v2\/users\/1"}],"replies":[{"embeddable":true,"href":"https:\/\/vanmoofista.com\/de\/wp-json\/wp\/v2\/comments?post=1483"}],"version-history":[{"count":1,"href":"https:\/\/vanmoofista.com\/de\/wp-json\/wp\/v2\/pages\/1483\/revisions"}],"predecessor-version":[{"id":1484,"href":"https:\/\/vanmoofista.com\/de\/wp-json\/wp\/v2\/pages\/1483\/revisions\/1484"}],"wp:attachment":[{"href":"https:\/\/vanmoofista.com\/de\/wp-json\/wp\/v2\/media?parent=1483"}],"curies":[{"name":"wp","href":"https:\/\/api.w.org\/{rel}","templated":true}]}}