{"id":1487,"date":"2026-05-02T15:34:27","date_gmt":"2026-05-02T14:34:27","guid":{"rendered":"https:\/\/vanmoofista.com\/product\/vanmoof-smart-s-x-m3-griffe-fuer-manuelle-schaltung\/"},"modified":"2026-05-02T15:34:27","modified_gmt":"2026-05-02T14:34:27","slug":"vanmoof-smart-s-x-m3-griffe-fuer-manuelle-schaltung","status":"publish","type":"product","link":"https:\/\/vanmoofista.com\/de\/produkt\/vanmoof-smart-s-x-m3-griffe-fuer-manuelle-schaltung\/","title":{"rendered":"VanMoof Smart S\/X M3 Griffe \u2013 F\u00fcr manuelle Schaltung"},"content":{"rendered":"<p>Ersatzgriff-Set f\u00fcr VanMoof Smart S, Smart X und M3 Fahrr\u00e4der mit manueller Schaltung.<\/p>\n<p>Dieses Set ist f\u00fcr VanMoof-Modelle konzipiert, bei denen auf einer Seite der Griff f\u00fcr die manuelle Schaltung verwendet wird. Die zwei Griffe haben unterschiedliche L\u00e4ngen, passend zum Original-Setup mit einem k\u00fcrzeren Griff auf der Schaltseite und einem l\u00e4ngeren Griff auf der anderen Seite. <\/p>\n<p>Diese Griffe eignen sich, wenn die Originalgriffe abgenutzt, klebrig, rissig, locker oder nicht mehr komfortabel sind. Sie verleihen dem Fahrrad eine gepflegtere Optik und ein besseres Gef\u00fchl am Lenker. <\/p>\n<p>Passend f\u00fcr:<br \/>\nVanMoof Smart S<br \/>\nVanMoof Smart X<br \/>\nVanMoof M3<\/p>\n<p>Wichtiger Kompatibilit\u00e4tshinweis:<br \/>\nBestell diese Version nur, wenn dein Fahrrad \u00fcber die manuelle Schaltung verf\u00fcgt. Wenn dein Fahrrad keine manuelle Schaltung hat, w\u00e4hle stattdessen die <a href=\"https:\/\/vanmoofista.com\/product\/vanmoof-heritage-grips-without-shifter\/\">Version f\u00fcr Griffe ohne Schaltung<\/a>. <\/p>\n<p>Verkauf als Paar.<\/p>\n<p>Installationshinweis:<br \/>\nEntferne die alten Griffe vorsichtig und reinige den Lenker, bevor du die neuen Griffe montierst. Verwende bei der Montage kein \u00d6l oder Fett, da sich die Griffe w\u00e4hrend der Fahrt bewegen k\u00f6nnten. <\/p>\n<p>Verwandte Teile finden Sie auf unserer Seite <a href=\"https:\/\/vanmoofista.com\/de\/teile\/\">VanMoof Ersatzteile<\/a>. Hilfe bei Reparaturen finden Sie unter <a href=\"https:\/\/vanmoofista.com\/de\/reparaturen\/\">VanMoof Reparaturservice<\/a>. <\/p>\n","protected":false},"excerpt":{"rendered":"<p>Ersatzgriff-Set f\u00fcr VanMoof Smart S, Smart X und M3 Fahrr\u00e4der mit manueller Schaltung. Ein kurzer und ein langer Griff, als Paar verkauft. <\/p>\n","protected":false},"featured_media":210,"template":"","meta":{"_uag_custom_page_level_css":"","site-sidebar-layout":"default","site-content-layout":"","ast-site-content-layout":"default","site-content-style":"default","site-sidebar-style":"default","ast-global-header-display":"","ast-banner-title-visibility":"","ast-main-header-display":"","ast-hfb-above-header-display":"","ast-hfb-below-header-display":"","ast-hfb-mobile-header-display":"","site-post-title":"","ast-breadcrumbs-content":"","ast-featured-img":"","footer-sml-layout":"","ast-disable-related-posts":"","theme-transparent-header-meta":"default","adv-header-id-meta":"","stick-header-meta":"","header-above-stick-meta":"","header-main-stick-meta":"","header-below-stick-meta":"","astra-migrate-meta-layouts":"default","ast-page-background-enabled":"default","ast-page-background-meta":{"desktop":{"background-color":"var(--ast-global-color-5)","background-image":"","background-repeat":"repeat","background-position":"center center","background-size":"auto","background-attachment":"scroll","background-type":"","background-media":"","overlay-type":"","overlay-color":"","overlay-opacity":"","overlay-gradient":""},"tablet":{"background-color":"","background-image":"","background-repeat":"repeat","background-position":"center center","background-size":"auto","background-attachment":"scroll","background-type":"","background-media":"","overlay-type":"","overlay-color":"","overlay-opacity":"","overlay-gradient":""},"mobile":{"background-color":"","background-image":"","background-repeat":"repeat","background-position":"center center","background-size":"auto","background-attachment":"scroll","background-type":"","background-media":"","overlay-type":"","overlay-color":"","overlay-opacity":"","overlay-gradient":""}},"ast-content-background-meta":{"desktop":{"background-color":"var(--ast-global-color-4)","background-image":"","background-repeat":"repeat","background-position":"center center","background-size":"auto","background-attachment":"scroll","background-type":"","background-media":"","overlay-type":"","overlay-color":"","overlay-opacity":"","overlay-gradient":""},"tablet":{"background-color":"var(--ast-global-color-4)","background-image":"","background-repeat":"repeat","background-position":"center center","background-size":"auto","background-attachment":"scroll","background-type":"","background-media":"","overlay-type":"","overlay-color":"","overlay-opacity":"","overlay-gradient":""},"mobile":{"background-color":"var(--ast-global-color-4)","background-image":"","background-repeat":"repeat","background-position":"center center","background-size":"auto","background-attachment":"scroll","background-type":"","background-media":"","overlay-type":"","overlay-color":"","overlay-opacity":"","overlay-gradient":""}}},"product_brand":[],"product_cat":[169,168],"product_tag":[225,223,221,222,224,220,170],"class_list":{"0":"post-1487","1":"product","2":"type-product","3":"status-publish","4":"has-post-thumbnail","6":"product_cat-heritage-modelle","7":"product_cat-smart-s-x","8":"product_tag-lenkergriffe","9":"product_tag-m3-griffe","10":"product_tag-smart-s-griffe","11":"product_tag-smart-x-griffe","12":"product_tag-vanmoof-griff-fur-manuelle-schaltung","13":"product_tag-vanmoof-griffe","14":"product_tag-vanmoof-teile","15":"desktop-align-left","16":"tablet-align-left","17":"mobile-align-left","19":"first","20":"instock","21":"taxable","22":"shipping-taxable","23":"purchasable","24":"product-type-simple"},"yoast_head":"<!-- This site is optimized with the Yoast SEO plugin v27.6 - https:\/\/yoast.com\/product\/yoast-seo-wordpress\/ -->\n<title>VanMoof Griffe \u2013 Smart S\/X M3 manuelle Schaltung<\/title>\n<meta name=\"description\" content=\"VanMoof Griffe f\u00fcr Smart S, Smart X und M3 Fahrr\u00e4der mit manueller Schaltung. Ersatzgriff-Paar mit einem kurzen und einem langen Griff. Versand aus Belgien.\" \/>\n<meta name=\"robots\" content=\"index, follow, max-snippet:-1, max-image-preview:large, max-video-preview:-1\" \/>\n<link rel=\"canonical\" href=\"https:\/\/vanmoofista.com\/de\/produkt\/vanmoof-smart-s-x-m3-griffe-fuer-manuelle-schaltung\/\" \/>\n<meta property=\"og:locale\" content=\"de_DE\" \/>\n<meta property=\"og:type\" content=\"article\" \/>\n<meta property=\"og:title\" content=\"VanMoof Griffe \u2013 Smart S\/X M3 manuelle Schaltung\" \/>\n<meta property=\"og:description\" content=\"VanMoof Griffe f\u00fcr Smart S, Smart X und M3 Fahrr\u00e4der mit manueller Schaltung. Ersatzgriff-Paar mit einem kurzen und einem langen Griff. Versand aus Belgien.\" \/>\n<meta property=\"og:url\" content=\"https:\/\/vanmoofista.com\/de\/produkt\/vanmoof-smart-s-x-m3-griffe-fuer-manuelle-schaltung\/\" \/>\n<meta property=\"og:image\" content=\"https:\/\/vanmoofista.com\/wp-content\/uploads\/2026\/04\/IMG_20251212_165538098-scaled.jpg\" \/>\n\t<meta property=\"og:image:width\" content=\"1928\" \/>\n\t<meta property=\"og:image:height\" content=\"2560\" \/>\n\t<meta property=\"og:image:type\" content=\"image\/jpeg\" \/>\n<meta name=\"twitter:card\" content=\"summary_large_image\" \/>\n<meta name=\"twitter:label1\" content=\"Gesch\u00e4tzte Lesezeit\" \/>\n\t<meta name=\"twitter:data1\" content=\"1\u00a0Minute\" \/>\n<script type=\"application\/ld+json\" class=\"yoast-schema-graph\">{\"@context\":\"https:\\\/\\\/schema.org\",\"@graph\":[{\"@type\":\"WebPage\",\"@id\":\"https:\\\/\\\/vanmoofista.com\\\/de\\\/produkt\\\/vanmoof-smart-s-x-m3-griffe-fuer-manuelle-schaltung\\\/\",\"url\":\"https:\\\/\\\/vanmoofista.com\\\/de\\\/produkt\\\/vanmoof-smart-s-x-m3-griffe-fuer-manuelle-schaltung\\\/\",\"name\":\"VanMoof Griffe \u2013 Smart S\\\/X M3 manuelle Schaltung\",\"isPartOf\":{\"@id\":\"https:\\\/\\\/vanmoofista.com\\\/de\\\/#website\"},\"primaryImageOfPage\":{\"@id\":\"https:\\\/\\\/vanmoofista.com\\\/de\\\/produkt\\\/vanmoof-smart-s-x-m3-griffe-fuer-manuelle-schaltung\\\/#primaryimage\"},\"image\":{\"@id\":\"https:\\\/\\\/vanmoofista.com\\\/de\\\/produkt\\\/vanmoof-smart-s-x-m3-griffe-fuer-manuelle-schaltung\\\/#primaryimage\"},\"thumbnailUrl\":\"https:\\\/\\\/vanmoofista.com\\\/wp-content\\\/uploads\\\/2026\\\/04\\\/IMG_20251212_165538098-scaled.jpg\",\"datePublished\":\"2026-05-02T14:34:27+00:00\",\"description\":\"VanMoof Griffe f\u00fcr Smart S, Smart X und M3 Fahrr\u00e4der mit manueller Schaltung. Ersatzgriff-Paar mit einem kurzen und einem langen Griff. Versand aus Belgien.\",\"breadcrumb\":{\"@id\":\"https:\\\/\\\/vanmoofista.com\\\/de\\\/produkt\\\/vanmoof-smart-s-x-m3-griffe-fuer-manuelle-schaltung\\\/#breadcrumb\"},\"inLanguage\":\"de\",\"potentialAction\":[{\"@type\":\"ReadAction\",\"target\":[\"https:\\\/\\\/vanmoofista.com\\\/de\\\/produkt\\\/vanmoof-smart-s-x-m3-griffe-fuer-manuelle-schaltung\\\/\"]}]},{\"@type\":\"ImageObject\",\"inLanguage\":\"de\",\"@id\":\"https:\\\/\\\/vanmoofista.com\\\/de\\\/produkt\\\/vanmoof-smart-s-x-m3-griffe-fuer-manuelle-schaltung\\\/#primaryimage\",\"url\":\"https:\\\/\\\/vanmoofista.com\\\/wp-content\\\/uploads\\\/2026\\\/04\\\/IMG_20251212_165538098-scaled.jpg\",\"contentUrl\":\"https:\\\/\\\/vanmoofista.com\\\/wp-content\\\/uploads\\\/2026\\\/04\\\/IMG_20251212_165538098-scaled.jpg\",\"width\":1928,\"height\":2560,\"caption\":\"VanMoof grips Smart S X M3 manual shifter replacement grip set\"},{\"@type\":\"BreadcrumbList\",\"@id\":\"https:\\\/\\\/vanmoofista.com\\\/de\\\/produkt\\\/vanmoof-smart-s-x-m3-griffe-fuer-manuelle-schaltung\\\/#breadcrumb\",\"itemListElement\":[{\"@type\":\"ListItem\",\"position\":1,\"name\":\"Home\",\"item\":\"https:\\\/\\\/vanmoofista.com\\\/de\\\/\"},{\"@type\":\"ListItem\",\"position\":2,\"name\":\"shop archive\",\"item\":\"https:\\\/\\\/vanmoofista.com\\\/?page_id=973\"},{\"@type\":\"ListItem\",\"position\":3,\"name\":\"VanMoof Smart S\\\/X M3 Griffe \u2013 F\u00fcr manuelle Schaltung\"}]},{\"@type\":\"WebSite\",\"@id\":\"https:\\\/\\\/vanmoofista.com\\\/de\\\/#website\",\"url\":\"https:\\\/\\\/vanmoofista.com\\\/de\\\/\",\"name\":\"Vanmoofista\",\"description\":\"\",\"publisher\":{\"@id\":\"https:\\\/\\\/vanmoofista.com\\\/de\\\/#organization\"},\"potentialAction\":[{\"@type\":\"SearchAction\",\"target\":{\"@type\":\"EntryPoint\",\"urlTemplate\":\"https:\\\/\\\/vanmoofista.com\\\/de\\\/?s={search_term_string}\"},\"query-input\":{\"@type\":\"PropertyValueSpecification\",\"valueRequired\":true,\"valueName\":\"search_term_string\"}}],\"inLanguage\":\"de\"},{\"@type\":\"Organization\",\"@id\":\"https:\\\/\\\/vanmoofista.com\\\/de\\\/#organization\",\"name\":\"Vanmoofista\",\"url\":\"https:\\\/\\\/vanmoofista.com\\\/de\\\/\",\"logo\":{\"@type\":\"ImageObject\",\"inLanguage\":\"de\",\"@id\":\"https:\\\/\\\/vanmoofista.com\\\/de\\\/#\\\/schema\\\/logo\\\/image\\\/\",\"url\":\"https:\\\/\\\/vanmoofista.com\\\/wp-content\\\/uploads\\\/2026\\\/05\\\/vanmoofista-v-torx-exact-white.png\",\"contentUrl\":\"https:\\\/\\\/vanmoofista.com\\\/wp-content\\\/uploads\\\/2026\\\/05\\\/vanmoofista-v-torx-exact-white.png\",\"width\":885,\"height\":835,\"caption\":\"Vanmoofista\"},\"image\":{\"@id\":\"https:\\\/\\\/vanmoofista.com\\\/de\\\/#\\\/schema\\\/logo\\\/image\\\/\"}}]}<\/script>\n<!-- \/ Yoast SEO plugin. -->","yoast_head_json":{"title":"VanMoof Griffe \u2013 Smart S\/X M3 manuelle Schaltung","description":"VanMoof Griffe f\u00fcr Smart S, Smart X und M3 Fahrr\u00e4der mit manueller Schaltung. Ersatzgriff-Paar mit einem kurzen und einem langen Griff. Versand aus Belgien.","robots":{"index":"index","follow":"follow","max-snippet":"max-snippet:-1","max-image-preview":"max-image-preview:large","max-video-preview":"max-video-preview:-1"},"canonical":"https:\/\/vanmoofista.com\/de\/produkt\/vanmoof-smart-s-x-m3-griffe-fuer-manuelle-schaltung\/","og_locale":"de_DE","og_type":"article","og_title":"VanMoof Griffe \u2013 Smart S\/X M3 manuelle Schaltung","og_description":"VanMoof Griffe f\u00fcr Smart S, Smart X und M3 Fahrr\u00e4der mit manueller Schaltung. Ersatzgriff-Paar mit einem kurzen und einem langen Griff. Versand aus Belgien.","og_url":"https:\/\/vanmoofista.com\/de\/produkt\/vanmoof-smart-s-x-m3-griffe-fuer-manuelle-schaltung\/","og_image":[{"width":1928,"height":2560,"url":"https:\/\/vanmoofista.com\/wp-content\/uploads\/2026\/04\/IMG_20251212_165538098-scaled.jpg","type":"image\/jpeg"}],"twitter_card":"summary_large_image","twitter_misc":{"Gesch\u00e4tzte Lesezeit":"1\u00a0Minute"},"schema":{"@context":"https:\/\/schema.org","@graph":[{"@type":"WebPage","@id":"https:\/\/vanmoofista.com\/de\/produkt\/vanmoof-smart-s-x-m3-griffe-fuer-manuelle-schaltung\/","url":"https:\/\/vanmoofista.com\/de\/produkt\/vanmoof-smart-s-x-m3-griffe-fuer-manuelle-schaltung\/","name":"VanMoof Griffe \u2013 Smart S\/X M3 manuelle Schaltung","isPartOf":{"@id":"https:\/\/vanmoofista.com\/de\/#website"},"primaryImageOfPage":{"@id":"https:\/\/vanmoofista.com\/de\/produkt\/vanmoof-smart-s-x-m3-griffe-fuer-manuelle-schaltung\/#primaryimage"},"image":{"@id":"https:\/\/vanmoofista.com\/de\/produkt\/vanmoof-smart-s-x-m3-griffe-fuer-manuelle-schaltung\/#primaryimage"},"thumbnailUrl":"https:\/\/vanmoofista.com\/wp-content\/uploads\/2026\/04\/IMG_20251212_165538098-scaled.jpg","datePublished":"2026-05-02T14:34:27+00:00","description":"VanMoof Griffe f\u00fcr Smart S, Smart X und M3 Fahrr\u00e4der mit manueller Schaltung. Ersatzgriff-Paar mit einem kurzen und einem langen Griff. Versand aus Belgien.","breadcrumb":{"@id":"https:\/\/vanmoofista.com\/de\/produkt\/vanmoof-smart-s-x-m3-griffe-fuer-manuelle-schaltung\/#breadcrumb"},"inLanguage":"de","potentialAction":[{"@type":"ReadAction","target":["https:\/\/vanmoofista.com\/de\/produkt\/vanmoof-smart-s-x-m3-griffe-fuer-manuelle-schaltung\/"]}]},{"@type":"ImageObject","inLanguage":"de","@id":"https:\/\/vanmoofista.com\/de\/produkt\/vanmoof-smart-s-x-m3-griffe-fuer-manuelle-schaltung\/#primaryimage","url":"https:\/\/vanmoofista.com\/wp-content\/uploads\/2026\/04\/IMG_20251212_165538098-scaled.jpg","contentUrl":"https:\/\/vanmoofista.com\/wp-content\/uploads\/2026\/04\/IMG_20251212_165538098-scaled.jpg","width":1928,"height":2560,"caption":"VanMoof grips Smart S X M3 manual shifter replacement grip set"},{"@type":"BreadcrumbList","@id":"https:\/\/vanmoofista.com\/de\/produkt\/vanmoof-smart-s-x-m3-griffe-fuer-manuelle-schaltung\/#breadcrumb","itemListElement":[{"@type":"ListItem","position":1,"name":"Home","item":"https:\/\/vanmoofista.com\/de\/"},{"@type":"ListItem","position":2,"name":"shop archive","item":"https:\/\/vanmoofista.com\/?page_id=973"},{"@type":"ListItem","position":3,"name":"VanMoof Smart S\/X M3 Griffe \u2013 F\u00fcr manuelle Schaltung"}]},{"@type":"WebSite","@id":"https:\/\/vanmoofista.com\/de\/#website","url":"https:\/\/vanmoofista.com\/de\/","name":"Vanmoofista","description":"","publisher":{"@id":"https:\/\/vanmoofista.com\/de\/#organization"},"potentialAction":[{"@type":"SearchAction","target":{"@type":"EntryPoint","urlTemplate":"https:\/\/vanmoofista.com\/de\/?s={search_term_string}"},"query-input":{"@type":"PropertyValueSpecification","valueRequired":true,"valueName":"search_term_string"}}],"inLanguage":"de"},{"@type":"Organization","@id":"https:\/\/vanmoofista.com\/de\/#organization","name":"Vanmoofista","url":"https:\/\/vanmoofista.com\/de\/","logo":{"@type":"ImageObject","inLanguage":"de","@id":"https:\/\/vanmoofista.com\/de\/#\/schema\/logo\/image\/","url":"https:\/\/vanmoofista.com\/wp-content\/uploads\/2026\/05\/vanmoofista-v-torx-exact-white.png","contentUrl":"https:\/\/vanmoofista.com\/wp-content\/uploads\/2026\/05\/vanmoofista-v-torx-exact-white.png","width":885,"height":835,"caption":"Vanmoofista"},"image":{"@id":"https:\/\/vanmoofista.com\/de\/#\/schema\/logo\/image\/"}}]}},"uagb_featured_image_src":{"full":["https:\/\/vanmoofista.com\/wp-content\/uploads\/2026\/04\/IMG_20251212_165538098-scaled.jpg",1928,2560,false],"thumbnail":["https:\/\/vanmoofista.com\/wp-content\/uploads\/2026\/04\/IMG_20251212_165538098-150x150.jpg",150,150,true],"medium":["https:\/\/vanmoofista.com\/wp-content\/uploads\/2026\/04\/IMG_20251212_165538098-226x300.jpg",226,300,true],"medium_large":["https:\/\/vanmoofista.com\/wp-content\/uploads\/2026\/04\/IMG_20251212_165538098-768x1020.jpg",768,1020,true],"large":["https:\/\/vanmoofista.com\/wp-content\/uploads\/2026\/04\/IMG_20251212_165538098-771x1024.jpg",771,1024,true],"1536x1536":["https:\/\/vanmoofista.com\/wp-content\/uploads\/2026\/04\/IMG_20251212_165538098-1157x1536.jpg",1157,1536,true],"2048x2048":["https:\/\/vanmoofista.com\/wp-content\/uploads\/2026\/04\/IMG_20251212_165538098-1542x2048.jpg",1542,2048,true],"woocommerce_thumbnail":["https:\/\/vanmoofista.com\/wp-content\/uploads\/2026\/04\/IMG_20251212_165538098-300x300.jpg",300,300,true],"woocommerce_single":["https:\/\/vanmoofista.com\/wp-content\/uploads\/2026\/04\/IMG_20251212_165538098-600x797.jpg",600,797,true],"woocommerce_gallery_thumbnail":["https:\/\/vanmoofista.com\/wp-content\/uploads\/2026\/04\/IMG_20251212_165538098-100x100.jpg",100,100,true]},"uagb_author_info":{"display_name":"elisalon","author_link":"https:\/\/vanmoofista.com\/de\/author\/"},"uagb_comment_info":0,"uagb_excerpt":"Ersatzgriff-Set f\u00fcr VanMoof Smart S, Smart X und M3 Fahrr\u00e4der mit manueller Schaltung. Ein kurzer und ein langer Griff, als Paar verkauft.","_links":{"self":[{"href":"https:\/\/vanmoofista.com\/de\/wp-json\/wp\/v2\/product\/1487","targetHints":{"allow":["GET"]}}],"collection":[{"href":"https:\/\/vanmoofista.com\/de\/wp-json\/wp\/v2\/product"}],"about":[{"href":"https:\/\/vanmoofista.com\/de\/wp-json\/wp\/v2\/types\/product"}],"wp:featuredmedia":[{"embeddable":true,"href":"https:\/\/vanmoofista.com\/de\/wp-json\/wp\/v2\/media\/210"}],"wp:attachment":[{"href":"https:\/\/vanmoofista.com\/de\/wp-json\/wp\/v2\/media?parent=1487"}],"wp:term":[{"taxonomy":"product_brand","embeddable":true,"href":"https:\/\/vanmoofista.com\/de\/wp-json\/wp\/v2\/product_brand?post=1487"},{"taxonomy":"product_cat","embeddable":true,"href":"https:\/\/vanmoofista.com\/de\/wp-json\/wp\/v2\/product_cat?post=1487"},{"taxonomy":"product_tag","embeddable":true,"href":"https:\/\/vanmoofista.com\/de\/wp-json\/wp\/v2\/product_tag?post=1487"}],"curies":[{"name":"wp","href":"https:\/\/api.w.org\/{rel}","templated":true}]}}