{"id":1272,"date":"2026-05-11T10:09:41","date_gmt":"2026-05-11T09:09:41","guid":{"rendered":"https:\/\/vanmoofista.com\/politique-relative-aux-cookies\/"},"modified":"2026-05-11T10:09:41","modified_gmt":"2026-05-11T09:09:41","slug":"politique-relative-aux-cookies","status":"publish","type":"page","link":"https:\/\/vanmoofista.com\/fr\/politique-relative-aux-cookies\/","title":{"rendered":"Politique relative aux cookies"},"content":{"rendered":"<h1>Politique relative aux cookies<\/h1>\n<p><strong>Derni\u00e8re mise \u00e0 jour :<\/strong> mai 2026<\/p>\n<p>Cette politique relative aux cookies explique comment Vanmoofista utilise les cookies et technologies similaires sur ce site web et cette boutique en ligne.<\/p>\n<p>Vanmoofista est exploit\u00e9e par Elhe Globe bv, exer\u00e7ant sous le nom commercial Vanmoofista.<\/p>\n<h2>1. Ce que sont les cookies<\/h2>\n<p>Les cookies sont de petits fichiers texte plac\u00e9s sur votre appareil lorsque vous visitez un site web. Ils aident le site web \u00e0 m\u00e9moriser des informations, maintenir les sessions actives, faire fonctionner la boutique en ligne, am\u00e9liorer la s\u00e9curit\u00e9 et prendre en charge les fonctions de base du site web.<\/p>\n<h2>2. Cookies que nous utilisons<\/h2>\n<p>Ce site web utilise uniquement des cookies n\u00e9cessaires, sauf indication contraire.<\/p>\n<p>Les cookies n\u00e9cessaires sont utilis\u00e9s pour faire fonctionner correctement le site web et la boutique en ligne. Ils peuvent inclure des cookies pour :<\/p>\n<ul>\n<li>panier<\/li>\n<li>paiement<\/li>\n<li>connexion client ou session<\/li>\n<li>s\u00e9curit\u00e9<\/li>\n<li>s\u00e9lection de la langue<\/li>\n<li>processus de paiement<\/li>\n<li>administration du site web<\/li>\n<li>fonctions HTTPS\/s\u00e9curit\u00e9<\/li>\n<\/ul>\n<p>Ces cookies sont n\u00e9cessaires pour fournir le service demand\u00e9 par le visiteur et ne n\u00e9cessitent pas de consentement pr\u00e9alable.<\/p>\n<h2>3. Cookies WooCommerce<\/h2>\n<p>La boutique en ligne utilise WooCommerce. WooCommerce peut utiliser des cookies pour :<\/p>\n<ul>\n<li>m\u00e9moriser le contenu du panier<\/li>\n<li>g\u00e9rer les sessions de paiement<\/li>\n<li>identifier les sessions client<\/li>\n<li>prendre en charge la connexion client, si les comptes sont activ\u00e9s<\/li>\n<li>permettre aux fonctions de la boutique en ligne de fonctionner correctement<\/li>\n<\/ul>\n<p>Ces cookies sont n\u00e9cessaires pour la boutique en ligne.<\/p>\n<h2>4. Cookies de langue<\/h2>\n<p>Le site web peut utiliser des cookies ou le stockage local pour m\u00e9moriser la langue s\u00e9lectionn\u00e9e par le visiteur ou prendre en charge les fonctions multilingues du site web.<\/p>\n<h2>5. Cookies de paiement et de commande<\/h2>\n<p>Pendant le paiement, des cookies n\u00e9cessaires peuvent \u00eatre utilis\u00e9s par le site web, WooCommerce, Mollie ou les syst\u00e8mes de paiement li\u00e9s afin de finaliser le paiement, pr\u00e9venir la fraude et rediriger le client vers la bonne page de commande.<\/p>\n<h2>6. Cookies de s\u00e9curit\u00e9 et cookies techniques<\/h2>\n<p>Des cookies techniques n\u00e9cessaires peuvent \u00eatre utilis\u00e9s pour la s\u00e9curit\u00e9, l\u2019acc\u00e8s HTTPS, la connexion administrateur, la pr\u00e9vention du spam, la gestion des sessions et la stabilit\u00e9 du site web.<\/p>\n<h2>7. Cookies d\u2019analyse, de publicit\u00e9 et de marketing<\/h2>\n<p>Nous n\u2019utilisons pas de cookies marketing, cookies publicitaires, cookies de reciblage, pixels de suivi ou cookies d\u2019analyse optionnels, sauf si cette politique est mise \u00e0 jour et qu\u2019un consentement est demand\u00e9 lorsque la loi l\u2019exige.<\/p>\n<p>Si nous activons ult\u00e9rieurement des cookies optionnels d\u2019analyse, de publicit\u00e9, de suivi des r\u00e9seaux sociaux ou de marketing, nous demanderons le consentement avant de placer ces cookies lorsque la loi l\u2019exige.<\/p>\n<h2>8. Gestion des cookies<\/h2>\n<p>Vous pouvez bloquer ou supprimer les cookies via les param\u00e8tres de votre navigateur. Le blocage des cookies n\u00e9cessaires peut emp\u00eacher certaines parties du site web ou de la boutique en ligne de fonctionner correctement, notamment le panier, le paiement, la connexion, le r\u00e8glement et les fonctions linguistiques.<\/p>\n<h2>9. Modifications de cette politique relative aux cookies<\/h2>\n<p>Nous pouvons mettre \u00e0 jour cette politique relative aux cookies lorsque le site web, la boutique en ligne, les plugins, les services ou les obligations l\u00e9gales changent. La derni\u00e8re version est toujours publi\u00e9e sur cette page.<\/p>\n<h2>10. Contact<\/h2>\n<p>Pour toute question relative aux cookies, contactez : elisa(at)vanmoofista.com<\/p>\n","protected":false},"excerpt":{"rendered":"<p>Politique relative aux cookies Derni\u00e8re mise \u00e0 jour : mai 2026 Cette politique relative aux cookies explique comment Vanmoofista utilise [&hellip;]<\/p>\n","protected":false},"author":1,"featured_media":1273,"parent":0,"menu_order":0,"comment_status":"closed","ping_status":"closed","template":"","meta":{"_uag_custom_page_level_css":"","site-sidebar-layout":"default","site-content-layout":"","ast-site-content-layout":"default","site-content-style":"default","site-sidebar-style":"default","ast-global-header-display":"","ast-banner-title-visibility":"","ast-main-header-display":"","ast-hfb-above-header-display":"","ast-hfb-below-header-display":"","ast-hfb-mobile-header-display":"","site-post-title":"disabled","ast-breadcrumbs-content":"","ast-featured-img":"","footer-sml-layout":"","ast-disable-related-posts":"","theme-transparent-header-meta":"","adv-header-id-meta":"","stick-header-meta":"","header-above-stick-meta":"","header-main-stick-meta":"","header-below-stick-meta":"","astra-migrate-meta-layouts":"default","ast-page-background-enabled":"default","ast-page-background-meta":{"desktop":{"background-color":"var(--ast-global-color-5)","background-image":"","background-repeat":"repeat","background-position":"center center","background-size":"auto","background-attachment":"scroll","background-type":"","background-media":"","overlay-type":"","overlay-color":"","overlay-opacity":"","overlay-gradient":""},"tablet":{"background-color":"","background-image":"","background-repeat":"repeat","background-position":"center center","background-size":"auto","background-attachment":"scroll","background-type":"","background-media":"","overlay-type":"","overlay-color":"","overlay-opacity":"","overlay-gradient":""},"mobile":{"background-color":"","background-image":"","background-repeat":"repeat","background-position":"center center","background-size":"auto","background-attachment":"scroll","background-type":"","background-media":"","overlay-type":"","overlay-color":"","overlay-opacity":"","overlay-gradient":""}},"ast-content-background-meta":{"desktop":{"background-color":"var(--ast-global-color-4)","background-image":"","background-repeat":"repeat","background-position":"center center","background-size":"auto","background-attachment":"scroll","background-type":"","background-media":"","overlay-type":"","overlay-color":"","overlay-opacity":"","overlay-gradient":""},"tablet":{"background-color":"var(--ast-global-color-4)","background-image":"","background-repeat":"repeat","background-position":"center center","background-size":"auto","background-attachment":"scroll","background-type":"","background-media":"","overlay-type":"","overlay-color":"","overlay-opacity":"","overlay-gradient":""},"mobile":{"background-color":"var(--ast-global-color-4)","background-image":"","background-repeat":"repeat","background-position":"center center","background-size":"auto","background-attachment":"scroll","background-type":"","background-media":"","overlay-type":"","overlay-color":"","overlay-opacity":"","overlay-gradient":""}},"footnotes":""},"class_list":["post-1272","page","type-page","status-publish","has-post-thumbnail","hentry"],"yoast_head":"<!-- This site is optimized with the Yoast SEO plugin v27.6 - https:\/\/yoast.com\/product\/yoast-seo-wordpress\/ -->\n<title>Politique relative aux cookies -<\/title>\n<meta name=\"robots\" content=\"index, follow, max-snippet:-1, max-image-preview:large, max-video-preview:-1\" \/>\n<link rel=\"canonical\" href=\"https:\/\/vanmoofista.com\/fr\/politique-relative-aux-cookies\/\" \/>\n<meta property=\"og:locale\" content=\"fr_FR\" \/>\n<meta property=\"og:type\" content=\"article\" \/>\n<meta property=\"og:title\" content=\"Politique relative aux cookies -\" \/>\n<meta property=\"og:description\" content=\"Politique relative aux cookies Derni\u00e8re mise \u00e0 jour : mai 2026 Cette politique relative aux cookies explique comment Vanmoofista utilise [&hellip;]\" \/>\n<meta property=\"og:url\" content=\"https:\/\/vanmoofista.com\/fr\/politique-relative-aux-cookies\/\" \/>\n<meta property=\"og:image\" content=\"https:\/\/vanmoofista.com\/wp-content\/uploads\/2026\/04\/biscuits-near-notebook-laptop-scaled-e1778654835992.jpg\" \/>\n\t<meta property=\"og:image:width\" content=\"1843\" \/>\n\t<meta property=\"og:image:height\" content=\"1033\" \/>\n\t<meta property=\"og:image:type\" content=\"image\/jpeg\" \/>\n<meta name=\"twitter:card\" content=\"summary_large_image\" \/>\n<meta name=\"twitter:label1\" content=\"Dur\u00e9e de lecture estim\u00e9e\" \/>\n\t<meta name=\"twitter:data1\" content=\"3 minutes\" \/>\n<script type=\"application\/ld+json\" class=\"yoast-schema-graph\">{\"@context\":\"https:\\\/\\\/schema.org\",\"@graph\":[{\"@type\":\"WebPage\",\"@id\":\"https:\\\/\\\/vanmoofista.com\\\/fr\\\/politique-relative-aux-cookies\\\/\",\"url\":\"https:\\\/\\\/vanmoofista.com\\\/fr\\\/politique-relative-aux-cookies\\\/\",\"name\":\"Politique relative aux cookies -\",\"isPartOf\":{\"@id\":\"https:\\\/\\\/vanmoofista.com\\\/fr\\\/#website\"},\"primaryImageOfPage\":{\"@id\":\"https:\\\/\\\/vanmoofista.com\\\/fr\\\/politique-relative-aux-cookies\\\/#primaryimage\"},\"image\":{\"@id\":\"https:\\\/\\\/vanmoofista.com\\\/fr\\\/politique-relative-aux-cookies\\\/#primaryimage\"},\"thumbnailUrl\":\"https:\\\/\\\/vanmoofista.com\\\/wp-content\\\/uploads\\\/2026\\\/04\\\/biscuits-near-notebook-laptop-scaled-e1778654835992.jpg\",\"datePublished\":\"2026-05-11T09:09:41+00:00\",\"breadcrumb\":{\"@id\":\"https:\\\/\\\/vanmoofista.com\\\/fr\\\/politique-relative-aux-cookies\\\/#breadcrumb\"},\"inLanguage\":\"fr-FR\",\"potentialAction\":[{\"@type\":\"ReadAction\",\"target\":[\"https:\\\/\\\/vanmoofista.com\\\/fr\\\/politique-relative-aux-cookies\\\/\"]}]},{\"@type\":\"ImageObject\",\"inLanguage\":\"fr-FR\",\"@id\":\"https:\\\/\\\/vanmoofista.com\\\/fr\\\/politique-relative-aux-cookies\\\/#primaryimage\",\"url\":\"https:\\\/\\\/vanmoofista.com\\\/wp-content\\\/uploads\\\/2026\\\/04\\\/biscuits-near-notebook-laptop-scaled-e1778654835992.jpg\",\"contentUrl\":\"https:\\\/\\\/vanmoofista.com\\\/wp-content\\\/uploads\\\/2026\\\/04\\\/biscuits-near-notebook-laptop-scaled-e1778654835992.jpg\",\"width\":1843,\"height\":1033},{\"@type\":\"BreadcrumbList\",\"@id\":\"https:\\\/\\\/vanmoofista.com\\\/fr\\\/politique-relative-aux-cookies\\\/#breadcrumb\",\"itemListElement\":[{\"@type\":\"ListItem\",\"position\":1,\"name\":\"Home\",\"item\":\"https:\\\/\\\/vanmoofista.com\\\/fr\\\/\"},{\"@type\":\"ListItem\",\"position\":2,\"name\":\"Politique relative aux cookies\"}]},{\"@type\":\"WebSite\",\"@id\":\"https:\\\/\\\/vanmoofista.com\\\/fr\\\/#website\",\"url\":\"https:\\\/\\\/vanmoofista.com\\\/fr\\\/\",\"name\":\"Vanmoofista\",\"description\":\"\",\"publisher\":{\"@id\":\"https:\\\/\\\/vanmoofista.com\\\/fr\\\/#organization\"},\"potentialAction\":[{\"@type\":\"SearchAction\",\"target\":{\"@type\":\"EntryPoint\",\"urlTemplate\":\"https:\\\/\\\/vanmoofista.com\\\/fr\\\/?s={search_term_string}\"},\"query-input\":{\"@type\":\"PropertyValueSpecification\",\"valueRequired\":true,\"valueName\":\"search_term_string\"}}],\"inLanguage\":\"fr-FR\"},{\"@type\":\"Organization\",\"@id\":\"https:\\\/\\\/vanmoofista.com\\\/fr\\\/#organization\",\"name\":\"Vanmoofista\",\"url\":\"https:\\\/\\\/vanmoofista.com\\\/fr\\\/\",\"logo\":{\"@type\":\"ImageObject\",\"inLanguage\":\"fr-FR\",\"@id\":\"https:\\\/\\\/vanmoofista.com\\\/fr\\\/#\\\/schema\\\/logo\\\/image\\\/\",\"url\":\"https:\\\/\\\/vanmoofista.com\\\/wp-content\\\/uploads\\\/2026\\\/05\\\/vanmoofista-v-torx-exact-white.png\",\"contentUrl\":\"https:\\\/\\\/vanmoofista.com\\\/wp-content\\\/uploads\\\/2026\\\/05\\\/vanmoofista-v-torx-exact-white.png\",\"width\":885,\"height\":835,\"caption\":\"Vanmoofista\"},\"image\":{\"@id\":\"https:\\\/\\\/vanmoofista.com\\\/fr\\\/#\\\/schema\\\/logo\\\/image\\\/\"}}]}<\/script>\n<!-- \/ Yoast SEO plugin. -->","yoast_head_json":{"title":"Politique relative aux cookies -","robots":{"index":"index","follow":"follow","max-snippet":"max-snippet:-1","max-image-preview":"max-image-preview:large","max-video-preview":"max-video-preview:-1"},"canonical":"https:\/\/vanmoofista.com\/fr\/politique-relative-aux-cookies\/","og_locale":"fr_FR","og_type":"article","og_title":"Politique relative aux cookies -","og_description":"Politique relative aux cookies Derni\u00e8re mise \u00e0 jour : mai 2026 Cette politique relative aux cookies explique comment Vanmoofista utilise [&hellip;]","og_url":"https:\/\/vanmoofista.com\/fr\/politique-relative-aux-cookies\/","og_image":[{"width":1843,"height":1033,"url":"https:\/\/vanmoofista.com\/wp-content\/uploads\/2026\/04\/biscuits-near-notebook-laptop-scaled-e1778654835992.jpg","type":"image\/jpeg"}],"twitter_card":"summary_large_image","twitter_misc":{"Dur\u00e9e de lecture estim\u00e9e":"3 minutes"},"schema":{"@context":"https:\/\/schema.org","@graph":[{"@type":"WebPage","@id":"https:\/\/vanmoofista.com\/fr\/politique-relative-aux-cookies\/","url":"https:\/\/vanmoofista.com\/fr\/politique-relative-aux-cookies\/","name":"Politique relative aux cookies -","isPartOf":{"@id":"https:\/\/vanmoofista.com\/fr\/#website"},"primaryImageOfPage":{"@id":"https:\/\/vanmoofista.com\/fr\/politique-relative-aux-cookies\/#primaryimage"},"image":{"@id":"https:\/\/vanmoofista.com\/fr\/politique-relative-aux-cookies\/#primaryimage"},"thumbnailUrl":"https:\/\/vanmoofista.com\/wp-content\/uploads\/2026\/04\/biscuits-near-notebook-laptop-scaled-e1778654835992.jpg","datePublished":"2026-05-11T09:09:41+00:00","breadcrumb":{"@id":"https:\/\/vanmoofista.com\/fr\/politique-relative-aux-cookies\/#breadcrumb"},"inLanguage":"fr-FR","potentialAction":[{"@type":"ReadAction","target":["https:\/\/vanmoofista.com\/fr\/politique-relative-aux-cookies\/"]}]},{"@type":"ImageObject","inLanguage":"fr-FR","@id":"https:\/\/vanmoofista.com\/fr\/politique-relative-aux-cookies\/#primaryimage","url":"https:\/\/vanmoofista.com\/wp-content\/uploads\/2026\/04\/biscuits-near-notebook-laptop-scaled-e1778654835992.jpg","contentUrl":"https:\/\/vanmoofista.com\/wp-content\/uploads\/2026\/04\/biscuits-near-notebook-laptop-scaled-e1778654835992.jpg","width":1843,"height":1033},{"@type":"BreadcrumbList","@id":"https:\/\/vanmoofista.com\/fr\/politique-relative-aux-cookies\/#breadcrumb","itemListElement":[{"@type":"ListItem","position":1,"name":"Home","item":"https:\/\/vanmoofista.com\/fr\/"},{"@type":"ListItem","position":2,"name":"Politique relative aux cookies"}]},{"@type":"WebSite","@id":"https:\/\/vanmoofista.com\/fr\/#website","url":"https:\/\/vanmoofista.com\/fr\/","name":"Vanmoofista","description":"","publisher":{"@id":"https:\/\/vanmoofista.com\/fr\/#organization"},"potentialAction":[{"@type":"SearchAction","target":{"@type":"EntryPoint","urlTemplate":"https:\/\/vanmoofista.com\/fr\/?s={search_term_string}"},"query-input":{"@type":"PropertyValueSpecification","valueRequired":true,"valueName":"search_term_string"}}],"inLanguage":"fr-FR"},{"@type":"Organization","@id":"https:\/\/vanmoofista.com\/fr\/#organization","name":"Vanmoofista","url":"https:\/\/vanmoofista.com\/fr\/","logo":{"@type":"ImageObject","inLanguage":"fr-FR","@id":"https:\/\/vanmoofista.com\/fr\/#\/schema\/logo\/image\/","url":"https:\/\/vanmoofista.com\/wp-content\/uploads\/2026\/05\/vanmoofista-v-torx-exact-white.png","contentUrl":"https:\/\/vanmoofista.com\/wp-content\/uploads\/2026\/05\/vanmoofista-v-torx-exact-white.png","width":885,"height":835,"caption":"Vanmoofista"},"image":{"@id":"https:\/\/vanmoofista.com\/fr\/#\/schema\/logo\/image\/"}}]}},"uagb_featured_image_src":{"full":["https:\/\/vanmoofista.com\/wp-content\/uploads\/2026\/04\/biscuits-near-notebook-laptop-scaled-e1778654835992.jpg",1843,1033,false],"thumbnail":["https:\/\/vanmoofista.com\/wp-content\/uploads\/2026\/04\/biscuits-near-notebook-laptop-scaled-e1778654835992-150x150.jpg",150,150,true],"medium":["https:\/\/vanmoofista.com\/wp-content\/uploads\/2026\/04\/biscuits-near-notebook-laptop-scaled-e1778654835992-300x168.jpg",300,168,true],"medium_large":["https:\/\/vanmoofista.com\/wp-content\/uploads\/2026\/04\/biscuits-near-notebook-laptop-scaled-e1778654835992-768x430.jpg",768,430,true],"large":["https:\/\/vanmoofista.com\/wp-content\/uploads\/2026\/04\/biscuits-near-notebook-laptop-scaled-e1778654835992-1024x574.jpg",1024,574,true],"1536x1536":["https:\/\/vanmoofista.com\/wp-content\/uploads\/2026\/04\/biscuits-near-notebook-laptop-scaled-e1778654835992-1536x861.jpg",1536,861,true],"2048x2048":["https:\/\/vanmoofista.com\/wp-content\/uploads\/2026\/04\/biscuits-near-notebook-laptop-2048x1365.jpg",2048,1365,true],"woocommerce_thumbnail":["https:\/\/vanmoofista.com\/wp-content\/uploads\/2026\/04\/biscuits-near-notebook-laptop-scaled-e1778654835992-300x300.jpg",300,300,true],"woocommerce_single":["https:\/\/vanmoofista.com\/wp-content\/uploads\/2026\/04\/biscuits-near-notebook-laptop-scaled-e1778654835992-600x336.jpg",600,336,true],"woocommerce_gallery_thumbnail":["https:\/\/vanmoofista.com\/wp-content\/uploads\/2026\/04\/biscuits-near-notebook-laptop-scaled-e1778654835992-100x100.jpg",100,100,true]},"uagb_author_info":{"display_name":"elisalon","author_link":"https:\/\/vanmoofista.com\/fr\/author\/elisalon\/"},"uagb_comment_info":0,"uagb_excerpt":"Politique relative aux cookies Derni\u00e8re mise \u00e0 jour : mai 2026 Cette politique relative aux cookies explique comment Vanmoofista utilise [&hellip;]","_links":{"self":[{"href":"https:\/\/vanmoofista.com\/fr\/wp-json\/wp\/v2\/pages\/1272","targetHints":{"allow":["GET"]}}],"collection":[{"href":"https:\/\/vanmoofista.com\/fr\/wp-json\/wp\/v2\/pages"}],"about":[{"href":"https:\/\/vanmoofista.com\/fr\/wp-json\/wp\/v2\/types\/page"}],"author":[{"embeddable":true,"href":"https:\/\/vanmoofista.com\/fr\/wp-json\/wp\/v2\/users\/1"}],"replies":[{"embeddable":true,"href":"https:\/\/vanmoofista.com\/fr\/wp-json\/wp\/v2\/comments?post=1272"}],"version-history":[{"count":0,"href":"https:\/\/vanmoofista.com\/fr\/wp-json\/wp\/v2\/pages\/1272\/revisions"}],"wp:featuredmedia":[{"embeddable":true,"href":"https:\/\/vanmoofista.com\/fr\/wp-json\/wp\/v2\/media\/1273"}],"wp:attachment":[{"href":"https:\/\/vanmoofista.com\/fr\/wp-json\/wp\/v2\/media?parent=1272"}],"curies":[{"name":"wp","href":"https:\/\/api.w.org\/{rel}","templated":true}]}}