{"id":1299,"date":"2026-05-07T10:09:05","date_gmt":"2026-05-07T09:09:05","guid":{"rendered":"https:\/\/vanmoofista.com\/right-to-repair\/"},"modified":"2026-05-13T09:56:26","modified_gmt":"2026-05-13T08:56:26","slug":"right-to-repair","status":"publish","type":"page","link":"https:\/\/vanmoofista.com\/fr\/right-to-repair\/","title":{"rendered":"Right to Repair"},"content":{"rendered":"\n<div class=\"wp-block-group alignfull vm-home vm-right-to-repair-page is-layout-flow wp-block-group-is-layout-flow\">\n\n  \n  <style>\r\n\r\n    .vm-right-to-repair-page.vm-home {\r\n\r\n      width: 100%;\r\n\r\n      box-sizing: border-box;\r\n\r\n      padding: 25px 20px;\r\n\r\n    }\r\n\r\n    .vm-right-to-repair-page .vm-rtr-inner {\r\n\r\n      width: 100%;\r\n\r\n      max-width: 1120px;\r\n\r\n      margin-left: auto;\r\n\r\n      margin-right: auto;\r\n\r\n      box-sizing: border-box;\r\n\r\n    }\r\n\r\n    .vm-right-to-repair-page .vm-card {\r\n\r\n      width: 100%;\r\n\r\n      max-width: 1000px;\r\n\r\n      margin: 0 auto 25px auto;\r\n\r\n      box-sizing: border-box;\r\n\r\n      border: 1px solid #dddddd;\r\n\r\n      border-radius: 18px;\r\n\r\n      background: #ffffff;\r\n\r\n      padding: 35px;\r\n\r\n    }\r\n\r\n    .vm-right-to-repair-page .vm-rtr-quote {\r\n\r\n      margin: 22px auto;\r\n\r\n      padding: 22px;\r\n\r\n      border: 1px solid #e4e4e4;\r\n\r\n      border-radius: 14px;\r\n\r\n      background: #f8f8f6;\r\n\r\n      box-sizing: border-box;\r\n\r\n    }\r\n\r\n    .vm-right-to-repair-page .vm-rtr-quote p {\r\n\r\n      margin-top: 0;\r\n\r\n    }\r\n\r\n    .vm-right-to-repair-page .vm-rtr-reference-link {\r\n\r\n      display: inline-block;\r\n\r\n      margin-top: 6px;\r\n\r\n      font-weight: 600;\r\n\r\n    }\r\n\r\n    @media (max-width: 640px) {\r\n\r\n      .vm-right-to-repair-page.vm-home {\r\n\r\n        padding: 25px 20px;\r\n\r\n      }\r\n\r\n      .vm-right-to-repair-page .vm-card {\r\n\r\n        padding: 25px 22px;\r\n\r\n      }\r\n\r\n    }\r\n\r\n  <\/style>\r\n\r\n  <div class=\"vm-rtr-inner\">\r\n\r\n    <section class=\"vm-card\">\r\n\r\n      <h1 class=\"wp-block-heading has-text-align-center\">Right to Repair<\/h1>\r\n\r\n      <p class=\"has-text-align-center has-large-font-size\"><strong>Vanmoofista soutient le droit \u00e0 la r\u00e9paration.<\/strong><\/p>\r\n\r\n      <p>Les propri\u00e9taires et les r\u00e9parateurs ind\u00e9pendants doivent avoir acc\u00e8s aux pi\u00e8ces, aux connaissances de r\u00e9paration, aux diagnostics et aux solutions pratiques. Un v\u00e9lo ne devrait pas devenir un d\u00e9chet parce qu\u2019un seul composant est d\u00e9fectueux ou parce que le support officiel est devenu limit\u00e9.<\/p>\r\n\r\n      <p>Pour les v\u00e9los VanMoof, la r\u00e9parabilit\u00e9 compte. Les batteries, cartridges, c\u00e2blages, moteurs, e-shifters et composants \u00e9lectroniques doivent \u00eatre diagnostiqu\u00e9s avant de remplacer des syst\u00e8mes complets.<\/p>\r\n\r\n      <p>Vanmoofista applique cette approche dans le travail quotidien de l\u2019atelier : diagnostiquer d\u2019abord, r\u00e9parer lorsque c\u2019est possible, r\u00e9utiliser les pi\u00e8ces lorsque c\u2019est judicieux, et remplacer uniquement ce qui doit r\u00e9ellement l\u2019\u00eatre.<\/p>\r\n\r\n    <\/section>\r\n\r\n    <section class=\"vm-card\">\r\n\r\n      <h2 class=\"wp-block-heading has-text-align-center\">Pourquoi c\u2019est important<\/h2>\r\n\r\n      <p>Parfois, une r\u00e9paration repr\u00e9sente plus que la simple remise en \u00e9tat d\u2019un v\u00e9lo. Cela signifie qu\u2019un client peut r\u00e9utiliser son VanMoof au lieu de l\u2019amener au parc \u00e0 conteneurs.<\/p>\r\n\r\n      <blockquote class=\"wp-block-quote vm-rtr-quote\">\r\n\r\n        <p>\u00ab C\u2019est bien mieux pour la plan\u00e8te de r\u00e9parer que d\u2019amener le v\u00e9lo au parc \u00e0 conteneurs. \u00bb<\/p>\r\n\r\n        <cite>Retour d\u2019un client VanMoof en Belgique<\/cite>\r\n\r\n      <\/blockquote>\r\n\r\n      <p>C\u2019est cela, Vanmoofista : garder les v\u00e9los r\u00e9parables sur la route, \u00e9viter les d\u00e9chets inutiles et traiter les anciens VanMoof comme des machines qui m\u00e9ritent d\u2019\u00eatre entretenues.<\/p>\r\n\r\n    <\/section>\r\n\r\n    <section class=\"vm-card\">\r\n\r\n      <h2 class=\"wp-block-heading has-text-align-center\">Une partie du mouvement de la r\u00e9paration<\/h2>\r\n\r\n      <p>Vanmoofista est r\u00e9pertori\u00e9 dans le r\u00e9seau Right to Repair Europe, un mouvement europ\u00e9en de r\u00e9paration qui agit pour des produits plus durables, un meilleur acc\u00e8s \u00e0 la r\u00e9paration et moins de d\u00e9chets inutiles.<\/p>\r\n\r\n      <p>Pour Vanmoofista, ce n\u2019est pas un slogan. C\u2019est la base pratique de l\u2019atelier : diagnostiquer d\u2019abord, r\u00e9parer lorsque c\u2019est possible, r\u00e9utiliser les pi\u00e8ces lorsque c\u2019est judicieux, et contribuer \u00e0 garder les v\u00e9los r\u00e9parables sur la route.<\/p>\r\n\r\n      <p>\r\n\r\n        <a class=\"vm-rtr-reference-link\" href=\"https:\/\/repair.eu\/our-network\/\" target=\"_blank\" rel=\"noopener noreferrer\">\r\n\r\n          Voir le r\u00e9seau Right to Repair Europe\r\n\r\n        <\/a>\r\n\r\n      <\/p>\r\n\r\n    <\/section>\r\n\r\n    <section class=\"vm-card\">\r\n\r\n      <h2 class=\"wp-block-heading has-text-align-center\">R\u00e9parer avant de remplacer<\/h2>\r\n\r\n      <p>Remplacer des modules complets peut \u00eatre rapide, mais ce n\u2019est pas toujours la meilleure r\u00e9paration. Beaucoup de probl\u00e8mes peuvent \u00eatre compris plus pr\u00e9cis\u00e9ment en testant la pi\u00e8ce d\u00e9fectueuse, en v\u00e9rifiant le c\u00e2blage, en identifiant le point faible et en d\u00e9cidant si la r\u00e9paration, la r\u00e9utilisation ou le remplacement est la bonne solution.<\/p>\r\n\r\n      <p>Cette approche orient\u00e9e r\u00e9paration est meilleure pour les clients, meilleure pour les ateliers ind\u00e9pendants et meilleure pour la survie \u00e0 long terme des v\u00e9los VanMoof.<\/p>\r\n\r\n    <\/section>\r\n\r\n  <\/div>\n\n<\/div>\n","protected":false},"excerpt":{"rendered":"<p>Right to Repair Vanmoofista soutient le droit \u00e0 la r\u00e9paration. Les propri\u00e9taires et les r\u00e9parateurs ind\u00e9pendants doivent avoir acc\u00e8s aux [&hellip;]<\/p>\n","protected":false},"author":1,"featured_media":0,"parent":0,"menu_order":0,"comment_status":"closed","ping_status":"closed","template":"","meta":{"_uag_custom_page_level_css":"","site-sidebar-layout":"default","site-content-layout":"","ast-site-content-layout":"default","site-content-style":"default","site-sidebar-style":"default","ast-global-header-display":"","ast-banner-title-visibility":"","ast-main-header-display":"","ast-hfb-above-header-display":"","ast-hfb-below-header-display":"","ast-hfb-mobile-header-display":"","site-post-title":"disabled","ast-breadcrumbs-content":"","ast-featured-img":"","footer-sml-layout":"","ast-disable-related-posts":"","theme-transparent-header-meta":"","adv-header-id-meta":"","stick-header-meta":"","header-above-stick-meta":"","header-main-stick-meta":"","header-below-stick-meta":"","astra-migrate-meta-layouts":"default","ast-page-background-enabled":"default","ast-page-background-meta":{"desktop":{"background-color":"var(--ast-global-color-5)","background-image":"","background-repeat":"repeat","background-position":"center center","background-size":"auto","background-attachment":"scroll","background-type":"","background-media":"","overlay-type":"","overlay-color":"","overlay-opacity":"","overlay-gradient":""},"tablet":{"background-color":"","background-image":"","background-repeat":"repeat","background-position":"center center","background-size":"auto","background-attachment":"scroll","background-type":"","background-media":"","overlay-type":"","overlay-color":"","overlay-opacity":"","overlay-gradient":""},"mobile":{"background-color":"","background-image":"","background-repeat":"repeat","background-position":"center center","background-size":"auto","background-attachment":"scroll","background-type":"","background-media":"","overlay-type":"","overlay-color":"","overlay-opacity":"","overlay-gradient":""}},"ast-content-background-meta":{"desktop":{"background-color":"var(--ast-global-color-4)","background-image":"","background-repeat":"repeat","background-position":"center center","background-size":"auto","background-attachment":"scroll","background-type":"","background-media":"","overlay-type":"","overlay-color":"","overlay-opacity":"","overlay-gradient":""},"tablet":{"background-color":"var(--ast-global-color-4)","background-image":"","background-repeat":"repeat","background-position":"center center","background-size":"auto","background-attachment":"scroll","background-type":"","background-media":"","overlay-type":"","overlay-color":"","overlay-opacity":"","overlay-gradient":""},"mobile":{"background-color":"var(--ast-global-color-4)","background-image":"","background-repeat":"repeat","background-position":"center center","background-size":"auto","background-attachment":"scroll","background-type":"","background-media":"","overlay-type":"","overlay-color":"","overlay-opacity":"","overlay-gradient":""}},"footnotes":""},"class_list":["post-1299","page","type-page","status-publish","hentry"],"yoast_head":"<!-- This site is optimized with the Yoast SEO plugin v27.6 - https:\/\/yoast.com\/product\/yoast-seo-wordpress\/ -->\n<title>Right to Repair -<\/title>\n<meta name=\"robots\" content=\"index, follow, max-snippet:-1, max-image-preview:large, max-video-preview:-1\" \/>\n<link rel=\"canonical\" href=\"https:\/\/vanmoofista.com\/fr\/right-to-repair\/\" \/>\n<meta property=\"og:locale\" content=\"fr_FR\" \/>\n<meta property=\"og:type\" content=\"article\" \/>\n<meta property=\"og:title\" content=\"Right to Repair -\" \/>\n<meta property=\"og:description\" content=\"Right to Repair Vanmoofista soutient le droit \u00e0 la r\u00e9paration. Les propri\u00e9taires et les r\u00e9parateurs ind\u00e9pendants doivent avoir acc\u00e8s aux [&hellip;]\" \/>\n<meta property=\"og:url\" content=\"https:\/\/vanmoofista.com\/fr\/right-to-repair\/\" \/>\n<meta property=\"article:modified_time\" content=\"2026-05-13T08:56:26+00:00\" \/>\n<meta name=\"twitter:card\" content=\"summary_large_image\" \/>\n<meta name=\"twitter:label1\" content=\"Dur\u00e9e de lecture estim\u00e9e\" \/>\n\t<meta name=\"twitter:data1\" content=\"2 minutes\" \/>\n<script type=\"application\/ld+json\" class=\"yoast-schema-graph\">{\"@context\":\"https:\\\/\\\/schema.org\",\"@graph\":[{\"@type\":\"WebPage\",\"@id\":\"https:\\\/\\\/vanmoofista.com\\\/fr\\\/right-to-repair\\\/\",\"url\":\"https:\\\/\\\/vanmoofista.com\\\/fr\\\/right-to-repair\\\/\",\"name\":\"Right to Repair -\",\"isPartOf\":{\"@id\":\"https:\\\/\\\/vanmoofista.com\\\/fr\\\/#website\"},\"datePublished\":\"2026-05-07T09:09:05+00:00\",\"dateModified\":\"2026-05-13T08:56:26+00:00\",\"breadcrumb\":{\"@id\":\"https:\\\/\\\/vanmoofista.com\\\/fr\\\/right-to-repair\\\/#breadcrumb\"},\"inLanguage\":\"fr-FR\",\"potentialAction\":[{\"@type\":\"ReadAction\",\"target\":[\"https:\\\/\\\/vanmoofista.com\\\/fr\\\/right-to-repair\\\/\"]}]},{\"@type\":\"BreadcrumbList\",\"@id\":\"https:\\\/\\\/vanmoofista.com\\\/fr\\\/right-to-repair\\\/#breadcrumb\",\"itemListElement\":[{\"@type\":\"ListItem\",\"position\":1,\"name\":\"Home\",\"item\":\"https:\\\/\\\/vanmoofista.com\\\/fr\\\/\"},{\"@type\":\"ListItem\",\"position\":2,\"name\":\"Right to Repair\"}]},{\"@type\":\"WebSite\",\"@id\":\"https:\\\/\\\/vanmoofista.com\\\/fr\\\/#website\",\"url\":\"https:\\\/\\\/vanmoofista.com\\\/fr\\\/\",\"name\":\"Vanmoofista\",\"description\":\"\",\"publisher\":{\"@id\":\"https:\\\/\\\/vanmoofista.com\\\/fr\\\/#organization\"},\"potentialAction\":[{\"@type\":\"SearchAction\",\"target\":{\"@type\":\"EntryPoint\",\"urlTemplate\":\"https:\\\/\\\/vanmoofista.com\\\/fr\\\/?s={search_term_string}\"},\"query-input\":{\"@type\":\"PropertyValueSpecification\",\"valueRequired\":true,\"valueName\":\"search_term_string\"}}],\"inLanguage\":\"fr-FR\"},{\"@type\":\"Organization\",\"@id\":\"https:\\\/\\\/vanmoofista.com\\\/fr\\\/#organization\",\"name\":\"Vanmoofista\",\"url\":\"https:\\\/\\\/vanmoofista.com\\\/fr\\\/\",\"logo\":{\"@type\":\"ImageObject\",\"inLanguage\":\"fr-FR\",\"@id\":\"https:\\\/\\\/vanmoofista.com\\\/fr\\\/#\\\/schema\\\/logo\\\/image\\\/\",\"url\":\"https:\\\/\\\/vanmoofista.com\\\/wp-content\\\/uploads\\\/2026\\\/05\\\/vanmoofista-v-torx-exact-white.png\",\"contentUrl\":\"https:\\\/\\\/vanmoofista.com\\\/wp-content\\\/uploads\\\/2026\\\/05\\\/vanmoofista-v-torx-exact-white.png\",\"width\":885,\"height\":835,\"caption\":\"Vanmoofista\"},\"image\":{\"@id\":\"https:\\\/\\\/vanmoofista.com\\\/fr\\\/#\\\/schema\\\/logo\\\/image\\\/\"}}]}<\/script>\n<!-- \/ Yoast SEO plugin. -->","yoast_head_json":{"title":"Right to Repair -","robots":{"index":"index","follow":"follow","max-snippet":"max-snippet:-1","max-image-preview":"max-image-preview:large","max-video-preview":"max-video-preview:-1"},"canonical":"https:\/\/vanmoofista.com\/fr\/right-to-repair\/","og_locale":"fr_FR","og_type":"article","og_title":"Right to Repair -","og_description":"Right to Repair Vanmoofista soutient le droit \u00e0 la r\u00e9paration. Les propri\u00e9taires et les r\u00e9parateurs ind\u00e9pendants doivent avoir acc\u00e8s aux [&hellip;]","og_url":"https:\/\/vanmoofista.com\/fr\/right-to-repair\/","article_modified_time":"2026-05-13T08:56:26+00:00","twitter_card":"summary_large_image","twitter_misc":{"Dur\u00e9e de lecture estim\u00e9e":"2 minutes"},"schema":{"@context":"https:\/\/schema.org","@graph":[{"@type":"WebPage","@id":"https:\/\/vanmoofista.com\/fr\/right-to-repair\/","url":"https:\/\/vanmoofista.com\/fr\/right-to-repair\/","name":"Right to Repair -","isPartOf":{"@id":"https:\/\/vanmoofista.com\/fr\/#website"},"datePublished":"2026-05-07T09:09:05+00:00","dateModified":"2026-05-13T08:56:26+00:00","breadcrumb":{"@id":"https:\/\/vanmoofista.com\/fr\/right-to-repair\/#breadcrumb"},"inLanguage":"fr-FR","potentialAction":[{"@type":"ReadAction","target":["https:\/\/vanmoofista.com\/fr\/right-to-repair\/"]}]},{"@type":"BreadcrumbList","@id":"https:\/\/vanmoofista.com\/fr\/right-to-repair\/#breadcrumb","itemListElement":[{"@type":"ListItem","position":1,"name":"Home","item":"https:\/\/vanmoofista.com\/fr\/"},{"@type":"ListItem","position":2,"name":"Right to Repair"}]},{"@type":"WebSite","@id":"https:\/\/vanmoofista.com\/fr\/#website","url":"https:\/\/vanmoofista.com\/fr\/","name":"Vanmoofista","description":"","publisher":{"@id":"https:\/\/vanmoofista.com\/fr\/#organization"},"potentialAction":[{"@type":"SearchAction","target":{"@type":"EntryPoint","urlTemplate":"https:\/\/vanmoofista.com\/fr\/?s={search_term_string}"},"query-input":{"@type":"PropertyValueSpecification","valueRequired":true,"valueName":"search_term_string"}}],"inLanguage":"fr-FR"},{"@type":"Organization","@id":"https:\/\/vanmoofista.com\/fr\/#organization","name":"Vanmoofista","url":"https:\/\/vanmoofista.com\/fr\/","logo":{"@type":"ImageObject","inLanguage":"fr-FR","@id":"https:\/\/vanmoofista.com\/fr\/#\/schema\/logo\/image\/","url":"https:\/\/vanmoofista.com\/wp-content\/uploads\/2026\/05\/vanmoofista-v-torx-exact-white.png","contentUrl":"https:\/\/vanmoofista.com\/wp-content\/uploads\/2026\/05\/vanmoofista-v-torx-exact-white.png","width":885,"height":835,"caption":"Vanmoofista"},"image":{"@id":"https:\/\/vanmoofista.com\/fr\/#\/schema\/logo\/image\/"}}]}},"uagb_featured_image_src":{"full":false,"thumbnail":false,"medium":false,"medium_large":false,"large":false,"1536x1536":false,"2048x2048":false,"woocommerce_thumbnail":false,"woocommerce_single":false,"woocommerce_gallery_thumbnail":false},"uagb_author_info":{"display_name":"elisalon","author_link":"https:\/\/vanmoofista.com\/fr\/author\/elisalon\/"},"uagb_comment_info":0,"uagb_excerpt":"Right to Repair Vanmoofista soutient le droit \u00e0 la r\u00e9paration. Les propri\u00e9taires et les r\u00e9parateurs ind\u00e9pendants doivent avoir acc\u00e8s aux [&hellip;]","_links":{"self":[{"href":"https:\/\/vanmoofista.com\/fr\/wp-json\/wp\/v2\/pages\/1299","targetHints":{"allow":["GET"]}}],"collection":[{"href":"https:\/\/vanmoofista.com\/fr\/wp-json\/wp\/v2\/pages"}],"about":[{"href":"https:\/\/vanmoofista.com\/fr\/wp-json\/wp\/v2\/types\/page"}],"author":[{"embeddable":true,"href":"https:\/\/vanmoofista.com\/fr\/wp-json\/wp\/v2\/users\/1"}],"replies":[{"embeddable":true,"href":"https:\/\/vanmoofista.com\/fr\/wp-json\/wp\/v2\/comments?post=1299"}],"version-history":[{"count":1,"href":"https:\/\/vanmoofista.com\/fr\/wp-json\/wp\/v2\/pages\/1299\/revisions"}],"predecessor-version":[{"id":1300,"href":"https:\/\/vanmoofista.com\/fr\/wp-json\/wp\/v2\/pages\/1299\/revisions\/1300"}],"wp:attachment":[{"href":"https:\/\/vanmoofista.com\/fr\/wp-json\/wp\/v2\/media?parent=1299"}],"curies":[{"name":"wp","href":"https:\/\/api.w.org\/{rel}","templated":true}]}}