{"id":1450,"date":"2026-04-29T19:38:15","date_gmt":"2026-04-29T18:38:15","guid":{"rendered":"https:\/\/vanmoofista.com\/velos-vanmoof-reconditionnes\/"},"modified":"2026-05-14T20:16:52","modified_gmt":"2026-05-14T19:16:52","slug":"velos-vanmoof-reconditionnes","status":"publish","type":"page","link":"https:\/\/vanmoofista.com\/fr\/velos-vanmoof-reconditionnes\/","title":{"rendered":"V\u00e9los VanMoof reconditionn\u00e9s"},"content":{"rendered":"\n<div class=\"wp-block-group vm-refurb-page is-layout-flow wp-block-group-is-layout-flow\">\n\n  \n  <div class=\"vm-page-center\">\r\n  <\/div>\n\n    \n    <div class=\"wp-block-group vm-card vm-refurb-hero has-border-color is-layout-constrained wp-container-core-group-is-layout-117adb14 wp-block-group-is-layout-constrained\" style=\"border-color:#dddddd;border-width:1px;border-radius:18px;margin-bottom:25px;padding-top:42px;padding-right:35px;padding-bottom:42px;padding-left:35px\">\n\n      \n      <h1 class=\"wp-block-heading has-text-align-center\">V\u00e9los VanMoof reconditionn\u00e9s<\/h1>\n      \n\n      \n      <p class=\"has-text-align-center\">Une petite s\u00e9lection soigneusement pr\u00e9par\u00e9e d\u2019anciens v\u00e9los VanMoof, ax\u00e9e sur l\u2019utilisation r\u00e9elle, la r\u00e9parabilit\u00e9 et le support \u00e0 long terme.<\/p>\n      \n\n      \n      <p class=\"has-text-align-center\">Cette section est encore en d\u00e9veloppement. Nous pr\u00e9f\u00e9rons vendre moins de v\u00e9los correctement pr\u00e9par\u00e9s plut\u00f4t que d\u2019afficher des v\u00e9los avant qu\u2019ils soient pr\u00eats.<\/p>\n      \n\n    <\/div>\n    \n\n    \n<div class=\"vm-refurb-grid\">\r\n  <div class=\"vm-refurb-card\">\r\n    <h3>Contr\u00f4l\u00e9<\/h3>\r\n    <p>Chaque v\u00e9lo est inspect\u00e9 avant la vente, y compris l\u2019\u00e9tat du cadre, les roues, les freins, l\u2019\u00e9clairage, l\u2019assistance moteur et l\u2019\u00e9lectronique de base.<\/p>\r\n  <\/div>\r\n\r\n  <div class=\"vm-refurb-card\">\r\n    <h3>Pr\u00e9par\u00e9 pour la r\u00e9paration<\/h3>\r\n    <p>Les pi\u00e8ces sont ajust\u00e9es, r\u00e9par\u00e9es ou remplac\u00e9es lorsque n\u00e9cessaire. Nous privil\u00e9gions l\u2019utilisation fiable, pas la perfection esth\u00e9tique.<\/p>\r\n  <\/div>\r\n\r\n  <div class=\"vm-refurb-card\">\r\n    <h3>\u00c9tat clairement d\u00e9crit<\/h3>\r\n    <p>Chaque v\u00e9lo est vendu avec une description honn\u00eate de son \u00e9tat, des limites connues et du travail effectu\u00e9.<\/p>\r\n  <\/div>\r\n<\/div>\n\n    \n    <div class=\"wp-block-group vm-card vm-refurb-checks has-border-color is-layout-constrained wp-container-core-group-is-layout-8f1008ff wp-block-group-is-layout-constrained\" style=\"border-color:#dddddd;border-width:1px;border-radius:18px;margin-top:25px;margin-bottom:25px;padding-top:32px;padding-right:32px;padding-bottom:32px;padding-left:32px\">\n\n      \n      <h2 class=\"wp-block-heading has-text-align-center\">Ce que nous contr\u00f4lons avant la vente<\/h2>\n      \n\n      \n<div class=\"vm-check-list\">\r\n  <span>\u00c9tat de la batterie<\/span>\r\n  <span>Assistance moteur<\/span>\r\n  <span>Freins<\/span>\r\n  <span>Vitesses et shifter<\/span>\r\n  <span>\u00c9clairage<\/span>\r\n  <span>Kicklock<\/span>\r\n  <span>\u00c9lectronique de base<\/span>\r\n  <span>Roues<\/span>\r\n<\/div>\n\n    <\/div>\n    \n\n    \n<div class=\"vm-refurb-split\">\r\n  <div class=\"vm-refurb-panel\">\r\n    <h2>Mod\u00e8les pr\u00e9vus<\/h2>\r\n    <p>La disponibilit\u00e9 d\u00e9pend des v\u00e9los donneurs, de la disponibilit\u00e9 des pi\u00e8ces et de l\u2019\u00e9tat de chaque v\u00e9lo.<\/p>\r\n    <ul>\r\n      <li>VanMoof S1 \/ Smart S<\/li>\r\n      <li>VanMoof S2 \/ X2<\/li>\r\n      <li>VanMoof S3 \/ X3<\/li>\r\n    <\/ul>\r\n  <\/div>\r\n<\/div>\n\n    \n    <div class=\"wp-block-group vm-card vm-refurb-note has-border-color is-layout-constrained wp-container-core-group-is-layout-5266799e wp-block-group-is-layout-constrained\" style=\"border-color:#dddddd;border-width:1px;border-radius:18px;margin-top:25px;padding-top:32px;padding-right:32px;padding-bottom:32px;padding-left:32px\">\n\n      \n      <h2 class=\"wp-block-heading has-text-align-center\">Vous cherchez un VanMoof reconditionn\u00e9 ?<\/h2>\n      \n\n      \n      <p class=\"has-text-align-center\">Contactez-nous avec le mod\u00e8le que vous recherchez et votre taille de cadre ou style de v\u00e9lo pr\u00e9f\u00e9r\u00e9. Nous pouvons vous informer de ce qui pourrait devenir disponible.<\/p>\n      \n\n    <\/div>\n    \n\n  \n  \n\n<\/div>\n","protected":false},"excerpt":{"rendered":"<p>V\u00e9los VanMoof reconditionn\u00e9s Une petite s\u00e9lection soigneusement pr\u00e9par\u00e9e d\u2019anciens v\u00e9los VanMoof, ax\u00e9e sur l\u2019utilisation r\u00e9elle, la r\u00e9parabilit\u00e9 et le support [&hellip;]<\/p>\n","protected":false},"author":1,"featured_media":0,"parent":0,"menu_order":0,"comment_status":"closed","ping_status":"closed","template":"","meta":{"_uag_custom_page_level_css":"","site-sidebar-layout":"default","site-content-layout":"","ast-site-content-layout":"default","site-content-style":"default","site-sidebar-style":"default","ast-global-header-display":"","ast-banner-title-visibility":"","ast-main-header-display":"","ast-hfb-above-header-display":"","ast-hfb-below-header-display":"","ast-hfb-mobile-header-display":"","site-post-title":"disabled","ast-breadcrumbs-content":"","ast-featured-img":"","footer-sml-layout":"","ast-disable-related-posts":"","theme-transparent-header-meta":"","adv-header-id-meta":"","stick-header-meta":"","header-above-stick-meta":"","header-main-stick-meta":"","header-below-stick-meta":"","astra-migrate-meta-layouts":"default","ast-page-background-enabled":"default","ast-page-background-meta":{"desktop":{"background-color":"var(--ast-global-color-5)","background-image":"","background-repeat":"repeat","background-position":"center center","background-size":"auto","background-attachment":"scroll","background-type":"","background-media":"","overlay-type":"","overlay-color":"","overlay-opacity":"","overlay-gradient":""},"tablet":{"background-color":"","background-image":"","background-repeat":"repeat","background-position":"center center","background-size":"auto","background-attachment":"scroll","background-type":"","background-media":"","overlay-type":"","overlay-color":"","overlay-opacity":"","overlay-gradient":""},"mobile":{"background-color":"","background-image":"","background-repeat":"repeat","background-position":"center center","background-size":"auto","background-attachment":"scroll","background-type":"","background-media":"","overlay-type":"","overlay-color":"","overlay-opacity":"","overlay-gradient":""}},"ast-content-background-meta":{"desktop":{"background-color":"var(--ast-global-color-4)","background-image":"","background-repeat":"repeat","background-position":"center center","background-size":"auto","background-attachment":"scroll","background-type":"","background-media":"","overlay-type":"","overlay-color":"","overlay-opacity":"","overlay-gradient":""},"tablet":{"background-color":"var(--ast-global-color-4)","background-image":"","background-repeat":"repeat","background-position":"center center","background-size":"auto","background-attachment":"scroll","background-type":"","background-media":"","overlay-type":"","overlay-color":"","overlay-opacity":"","overlay-gradient":""},"mobile":{"background-color":"var(--ast-global-color-4)","background-image":"","background-repeat":"repeat","background-position":"center center","background-size":"auto","background-attachment":"scroll","background-type":"","background-media":"","overlay-type":"","overlay-color":"","overlay-opacity":"","overlay-gradient":""}},"footnotes":""},"class_list":["post-1450","page","type-page","status-publish","hentry"],"yoast_head":"<!-- This site is optimized with the Yoast SEO plugin v27.6 - https:\/\/yoast.com\/product\/yoast-seo-wordpress\/ -->\n<title>V\u00e9los VanMoof reconditionn\u00e9s Belgique | Vanmoofista<\/title>\n<meta name=\"description\" content=\"V\u00e9los VanMoof reconditionn\u00e9s en Belgique, contr\u00f4l\u00e9s et r\u00e9par\u00e9s par Vanmoofista. Anciens mod\u00e8les VanMoof, pi\u00e8ces r\u00e9utilis\u00e9es et pr\u00e9paration pratique ax\u00e9e sur la r\u00e9paration.\" \/>\n<meta name=\"robots\" content=\"index, follow, max-snippet:-1, max-image-preview:large, max-video-preview:-1\" \/>\n<link rel=\"canonical\" href=\"https:\/\/vanmoofista.com\/fr\/velos-vanmoof-reconditionnes\/\" \/>\n<meta property=\"og:locale\" content=\"fr_FR\" \/>\n<meta property=\"og:type\" content=\"article\" \/>\n<meta property=\"og:title\" content=\"V\u00e9los VanMoof reconditionn\u00e9s Belgique | Vanmoofista\" \/>\n<meta property=\"og:description\" content=\"V\u00e9los VanMoof reconditionn\u00e9s en Belgique, contr\u00f4l\u00e9s et r\u00e9par\u00e9s par Vanmoofista. Anciens mod\u00e8les VanMoof, pi\u00e8ces r\u00e9utilis\u00e9es et pr\u00e9paration pratique ax\u00e9e sur la r\u00e9paration.\" \/>\n<meta property=\"og:url\" content=\"https:\/\/vanmoofista.com\/fr\/velos-vanmoof-reconditionnes\/\" \/>\n<meta property=\"article:modified_time\" content=\"2026-05-14T19:16:52+00:00\" \/>\n<meta name=\"twitter:card\" content=\"summary_large_image\" \/>\n<meta name=\"twitter:label1\" content=\"Dur\u00e9e de lecture estim\u00e9e\" \/>\n\t<meta name=\"twitter:data1\" content=\"1 minute\" \/>\n<script type=\"application\/ld+json\" class=\"yoast-schema-graph\">{\"@context\":\"https:\\\/\\\/schema.org\",\"@graph\":[{\"@type\":\"WebPage\",\"@id\":\"https:\\\/\\\/vanmoofista.com\\\/fr\\\/velos-vanmoof-reconditionnes\\\/\",\"url\":\"https:\\\/\\\/vanmoofista.com\\\/fr\\\/velos-vanmoof-reconditionnes\\\/\",\"name\":\"V\u00e9los VanMoof reconditionn\u00e9s Belgique | Vanmoofista\",\"isPartOf\":{\"@id\":\"https:\\\/\\\/vanmoofista.com\\\/fr\\\/#website\"},\"datePublished\":\"2026-04-29T18:38:15+00:00\",\"dateModified\":\"2026-05-14T19:16:52+00:00\",\"description\":\"V\u00e9los VanMoof reconditionn\u00e9s en Belgique, contr\u00f4l\u00e9s et r\u00e9par\u00e9s par Vanmoofista. Anciens mod\u00e8les VanMoof, pi\u00e8ces r\u00e9utilis\u00e9es et pr\u00e9paration pratique ax\u00e9e sur la r\u00e9paration.\",\"breadcrumb\":{\"@id\":\"https:\\\/\\\/vanmoofista.com\\\/fr\\\/velos-vanmoof-reconditionnes\\\/#breadcrumb\"},\"inLanguage\":\"fr-FR\",\"potentialAction\":[{\"@type\":\"ReadAction\",\"target\":[\"https:\\\/\\\/vanmoofista.com\\\/fr\\\/velos-vanmoof-reconditionnes\\\/\"]}]},{\"@type\":\"BreadcrumbList\",\"@id\":\"https:\\\/\\\/vanmoofista.com\\\/fr\\\/velos-vanmoof-reconditionnes\\\/#breadcrumb\",\"itemListElement\":[{\"@type\":\"ListItem\",\"position\":1,\"name\":\"Home\",\"item\":\"https:\\\/\\\/vanmoofista.com\\\/fr\\\/\"},{\"@type\":\"ListItem\",\"position\":2,\"name\":\"V\u00e9los VanMoof reconditionn\u00e9s\"}]},{\"@type\":\"WebSite\",\"@id\":\"https:\\\/\\\/vanmoofista.com\\\/fr\\\/#website\",\"url\":\"https:\\\/\\\/vanmoofista.com\\\/fr\\\/\",\"name\":\"Vanmoofista\",\"description\":\"\",\"publisher\":{\"@id\":\"https:\\\/\\\/vanmoofista.com\\\/fr\\\/#organization\"},\"potentialAction\":[{\"@type\":\"SearchAction\",\"target\":{\"@type\":\"EntryPoint\",\"urlTemplate\":\"https:\\\/\\\/vanmoofista.com\\\/fr\\\/?s={search_term_string}\"},\"query-input\":{\"@type\":\"PropertyValueSpecification\",\"valueRequired\":true,\"valueName\":\"search_term_string\"}}],\"inLanguage\":\"fr-FR\"},{\"@type\":\"Organization\",\"@id\":\"https:\\\/\\\/vanmoofista.com\\\/fr\\\/#organization\",\"name\":\"Vanmoofista\",\"url\":\"https:\\\/\\\/vanmoofista.com\\\/fr\\\/\",\"logo\":{\"@type\":\"ImageObject\",\"inLanguage\":\"fr-FR\",\"@id\":\"https:\\\/\\\/vanmoofista.com\\\/fr\\\/#\\\/schema\\\/logo\\\/image\\\/\",\"url\":\"https:\\\/\\\/vanmoofista.com\\\/wp-content\\\/uploads\\\/2026\\\/05\\\/vanmoofista-v-torx-exact-white.png\",\"contentUrl\":\"https:\\\/\\\/vanmoofista.com\\\/wp-content\\\/uploads\\\/2026\\\/05\\\/vanmoofista-v-torx-exact-white.png\",\"width\":885,\"height\":835,\"caption\":\"Vanmoofista\"},\"image\":{\"@id\":\"https:\\\/\\\/vanmoofista.com\\\/fr\\\/#\\\/schema\\\/logo\\\/image\\\/\"}}]}<\/script>\n<!-- \/ Yoast SEO plugin. -->","yoast_head_json":{"title":"V\u00e9los VanMoof reconditionn\u00e9s Belgique | Vanmoofista","description":"V\u00e9los VanMoof reconditionn\u00e9s en Belgique, contr\u00f4l\u00e9s et r\u00e9par\u00e9s par Vanmoofista. Anciens mod\u00e8les VanMoof, pi\u00e8ces r\u00e9utilis\u00e9es et pr\u00e9paration pratique ax\u00e9e sur la r\u00e9paration.","robots":{"index":"index","follow":"follow","max-snippet":"max-snippet:-1","max-image-preview":"max-image-preview:large","max-video-preview":"max-video-preview:-1"},"canonical":"https:\/\/vanmoofista.com\/fr\/velos-vanmoof-reconditionnes\/","og_locale":"fr_FR","og_type":"article","og_title":"V\u00e9los VanMoof reconditionn\u00e9s Belgique | Vanmoofista","og_description":"V\u00e9los VanMoof reconditionn\u00e9s en Belgique, contr\u00f4l\u00e9s et r\u00e9par\u00e9s par Vanmoofista. Anciens mod\u00e8les VanMoof, pi\u00e8ces r\u00e9utilis\u00e9es et pr\u00e9paration pratique ax\u00e9e sur la r\u00e9paration.","og_url":"https:\/\/vanmoofista.com\/fr\/velos-vanmoof-reconditionnes\/","article_modified_time":"2026-05-14T19:16:52+00:00","twitter_card":"summary_large_image","twitter_misc":{"Dur\u00e9e de lecture estim\u00e9e":"1 minute"},"schema":{"@context":"https:\/\/schema.org","@graph":[{"@type":"WebPage","@id":"https:\/\/vanmoofista.com\/fr\/velos-vanmoof-reconditionnes\/","url":"https:\/\/vanmoofista.com\/fr\/velos-vanmoof-reconditionnes\/","name":"V\u00e9los VanMoof reconditionn\u00e9s Belgique | Vanmoofista","isPartOf":{"@id":"https:\/\/vanmoofista.com\/fr\/#website"},"datePublished":"2026-04-29T18:38:15+00:00","dateModified":"2026-05-14T19:16:52+00:00","description":"V\u00e9los VanMoof reconditionn\u00e9s en Belgique, contr\u00f4l\u00e9s et r\u00e9par\u00e9s par Vanmoofista. Anciens mod\u00e8les VanMoof, pi\u00e8ces r\u00e9utilis\u00e9es et pr\u00e9paration pratique ax\u00e9e sur la r\u00e9paration.","breadcrumb":{"@id":"https:\/\/vanmoofista.com\/fr\/velos-vanmoof-reconditionnes\/#breadcrumb"},"inLanguage":"fr-FR","potentialAction":[{"@type":"ReadAction","target":["https:\/\/vanmoofista.com\/fr\/velos-vanmoof-reconditionnes\/"]}]},{"@type":"BreadcrumbList","@id":"https:\/\/vanmoofista.com\/fr\/velos-vanmoof-reconditionnes\/#breadcrumb","itemListElement":[{"@type":"ListItem","position":1,"name":"Home","item":"https:\/\/vanmoofista.com\/fr\/"},{"@type":"ListItem","position":2,"name":"V\u00e9los VanMoof reconditionn\u00e9s"}]},{"@type":"WebSite","@id":"https:\/\/vanmoofista.com\/fr\/#website","url":"https:\/\/vanmoofista.com\/fr\/","name":"Vanmoofista","description":"","publisher":{"@id":"https:\/\/vanmoofista.com\/fr\/#organization"},"potentialAction":[{"@type":"SearchAction","target":{"@type":"EntryPoint","urlTemplate":"https:\/\/vanmoofista.com\/fr\/?s={search_term_string}"},"query-input":{"@type":"PropertyValueSpecification","valueRequired":true,"valueName":"search_term_string"}}],"inLanguage":"fr-FR"},{"@type":"Organization","@id":"https:\/\/vanmoofista.com\/fr\/#organization","name":"Vanmoofista","url":"https:\/\/vanmoofista.com\/fr\/","logo":{"@type":"ImageObject","inLanguage":"fr-FR","@id":"https:\/\/vanmoofista.com\/fr\/#\/schema\/logo\/image\/","url":"https:\/\/vanmoofista.com\/wp-content\/uploads\/2026\/05\/vanmoofista-v-torx-exact-white.png","contentUrl":"https:\/\/vanmoofista.com\/wp-content\/uploads\/2026\/05\/vanmoofista-v-torx-exact-white.png","width":885,"height":835,"caption":"Vanmoofista"},"image":{"@id":"https:\/\/vanmoofista.com\/fr\/#\/schema\/logo\/image\/"}}]}},"uagb_featured_image_src":{"full":false,"thumbnail":false,"medium":false,"medium_large":false,"large":false,"1536x1536":false,"2048x2048":false,"woocommerce_thumbnail":false,"woocommerce_single":false,"woocommerce_gallery_thumbnail":false},"uagb_author_info":{"display_name":"elisalon","author_link":"https:\/\/vanmoofista.com\/fr\/author\/elisalon\/"},"uagb_comment_info":0,"uagb_excerpt":"V\u00e9los VanMoof reconditionn\u00e9s Une petite s\u00e9lection soigneusement pr\u00e9par\u00e9e d\u2019anciens v\u00e9los VanMoof, ax\u00e9e sur l\u2019utilisation r\u00e9elle, la r\u00e9parabilit\u00e9 et le support [&hellip;]","_links":{"self":[{"href":"https:\/\/vanmoofista.com\/fr\/wp-json\/wp\/v2\/pages\/1450","targetHints":{"allow":["GET"]}}],"collection":[{"href":"https:\/\/vanmoofista.com\/fr\/wp-json\/wp\/v2\/pages"}],"about":[{"href":"https:\/\/vanmoofista.com\/fr\/wp-json\/wp\/v2\/types\/page"}],"author":[{"embeddable":true,"href":"https:\/\/vanmoofista.com\/fr\/wp-json\/wp\/v2\/users\/1"}],"replies":[{"embeddable":true,"href":"https:\/\/vanmoofista.com\/fr\/wp-json\/wp\/v2\/comments?post=1450"}],"version-history":[{"count":1,"href":"https:\/\/vanmoofista.com\/fr\/wp-json\/wp\/v2\/pages\/1450\/revisions"}],"predecessor-version":[{"id":1451,"href":"https:\/\/vanmoofista.com\/fr\/wp-json\/wp\/v2\/pages\/1450\/revisions\/1451"}],"wp:attachment":[{"href":"https:\/\/vanmoofista.com\/fr\/wp-json\/wp\/v2\/media?parent=1450"}],"curies":[{"name":"wp","href":"https:\/\/api.w.org\/{rel}","templated":true}]}}