{"id":1457,"date":"2026-04-29T19:45:01","date_gmt":"2026-04-29T18:45:01","guid":{"rendered":"https:\/\/vanmoofista.com\/notre-collection-de-velos\/"},"modified":"2026-05-14T20:28:44","modified_gmt":"2026-05-14T19:28:44","slug":"notre-collection-de-velos","status":"publish","type":"page","link":"https:\/\/vanmoofista.com\/fr\/notre-collection-de-velos\/","title":{"rendered":"Notre collection de v\u00e9los"},"content":{"rendered":"\n<div class=\"wp-block-group vm-collection-page is-layout-flow wp-block-group-is-layout-flow\">\n<div class=\"vm-page-center\">\r\n\r\n  <section class=\"vm-collection-hero\">\r\n    <h1>Notre collection de v\u00e9los<\/h1>\r\n    <p>Une collection d\u2019atelier de v\u00e9los VanMoof utilis\u00e9e pour la documentation, la comparaison et les connaissances de r\u00e9paration.<\/p>\r\n  <\/section>\r\n\r\n  <section class=\"vm-collection-list\">\r\n\r\n    <article class=\"vm-bike-card\">\r\n      <div class=\"vm-bike-image\">\r\n        <img decoding=\"async\" src=\"https:\/\/vanmoofista.com\/wp-content\/uploads\/2026\/04\/IMG_20250729_173844602-scaled.jpg\" alt=\"VanMoof M1\"\/>\r\n      <\/div>\r\n      <div class=\"vm-bike-text\">\r\n        <h2>VanMoof M0<\/h2>\r\n        <div class=\"vm-bike-subtitle\">Fait partie de notre collection d\u2019atelier<\/div>\r\n        <p>Le VanMoof M0, initialement nomm\u00e9 \u00ab MOOF \u00bb, a \u00e9t\u00e9 lanc\u00e9 en 2009 en collaboration avec le designer n\u00e9erlandais Sjoerd Smit et distribu\u00e9 par Areaware. Premier v\u00e9lo VanMoof, il disposait d\u2019un cadre en aluminium \u00e0 une vitesse avec l\u2019\u00e9clairage LED int\u00e9gr\u00e9 embl\u00e9matique dans le tube sup\u00e9rieur.<\/p>\r\n        <p>Peu apr\u00e8s son lancement, le nom du v\u00e9lo a \u00e9t\u00e9 chang\u00e9 de \u00ab MOOF \u00bb en \u00ab No. 3 \u00bb en raison de probl\u00e8mes de marque li\u00e9s au nom original. Ce mod\u00e8le est devenu connu pour son design minimaliste mais pratique, notamment gr\u00e2ce \u00e0 ses lumi\u00e8res int\u00e9gr\u00e9es et \u00e0 son usage urbain simplifi\u00e9. Il a pos\u00e9 les bases des v\u00e9los suivants de la marque et du langage de design distinctif de VanMoof.<\/p>\r\n      <\/div>\r\n    <\/article>\r\n\r\n    <article class=\"vm-bike-card\">\r\n      <div class=\"vm-bike-image\">\r\n        <img decoding=\"async\" src=\"https:\/\/vanmoofista.com\/wp-content\/uploads\/2026\/04\/IMG_20250729_173856625-scaled.jpg\" alt=\"VanMoof M1\"\/>\r\n      <\/div>\r\n      <div class=\"vm-bike-text\">\r\n        <h2>VanMoof M1 &#8211; No. 5<\/h2>\r\n        <div class=\"vm-bike-subtitle\">Fait partie de notre collection d\u2019atelier<\/div>\r\n        <p>Le VanMoof No. 5, lanc\u00e9 en 2010, a succ\u00e9d\u00e9 au No. 3 en d\u00e9veloppant la philosophie pratique et minimaliste de son pr\u00e9d\u00e9cesseur. Le No. 5 a ajout\u00e9 une fonctionnalit\u00e9 importante avec un antivol \u00e0 cha\u00eene int\u00e9gr\u00e9, dissimul\u00e9 dans le cadre, faisant de la s\u00e9curit\u00e9 une partie naturelle du design. Il comprenait \u00e9galement un port Micro-USB sur le cadre pour recharger facilement son syst\u00e8me d\u2019\u00e9clairage LED int\u00e9gr\u00e9.<\/p>\r\n        <p>Cette int\u00e9gration r\u00e9fl\u00e9chie lui a valu le Dutch Design Award 2010 du meilleur produit grand public. Elle a renforc\u00e9 la r\u00e9putation de VanMoof comme marque combinant esth\u00e9tique \u00e9l\u00e9gante et innovation fonctionnelle, marquant une \u00e9tape pr\u00e9coce importante dans l\u2019histoire du v\u00e9lo urbain.<\/p>\r\n      <\/div>\r\n    <\/article>\r\n\r\n    <article class=\"vm-bike-card\">\r\n      <div class=\"vm-bike-image\">\r\n        <img decoding=\"async\" src=\"https:\/\/vanmoofista.com\/wp-content\/uploads\/2026\/04\/IMG_20250729_173809433-scaled.jpg\" alt=\"VanMoof M1\"\/>\r\n      <\/div>\r\n      <div class=\"vm-bike-text\">\r\n        <h2>VanMoof M1 &#8211; D\u00fcsenj\u00e4ger<\/h2>\r\n        <div class=\"vm-bike-subtitle\">Fait partie de notre collection d\u2019atelier<\/div>\r\n        <p>Lanc\u00e9 en 2011 comme variante en \u00e9dition limit\u00e9e du No. 5, le VanMoof D\u00fcsenj\u00e4ger (\u00ab avion de chasse \u00bb) disposait d\u2019un cadre en aluminium anodis\u00e9, d\u2019un moyeu Sturmey-Archer \u00e0 deux vitesses avec kickshift sans c\u00e2bles, d\u2019un \u00e9clairage int\u00e9gr\u00e9 rechargeable par USB et d\u2019un antivol \u00e0 cha\u00eene ABUS int\u00e9gr\u00e9.<\/p>\r\n        <p>Le mod\u00e8le a re\u00e7u le Red Dot Design Award 2011, s\u00e9lectionn\u00e9 parmi 14 000 candidatures issues de 68 pays pour la qualit\u00e9 de son design et sa fonctionnalit\u00e9 cr\u00e9ative. Produit en petites quantit\u00e9s, il a attir\u00e9 l\u2019attention par son style inspir\u00e9 de l\u2019aviation et son int\u00e9gration intelligente, ce qui en fait un mod\u00e8le rare dans les d\u00e9buts de VanMoof.<\/p>\r\n      <\/div>\r\n    <\/article>\r\n\r\n    <article class=\"vm-bike-card\">\r\n      <div class=\"vm-bike-image\">\r\n        <img decoding=\"async\" src=\"https:\/\/vanmoofista.com\/wp-content\/uploads\/2026\/04\/IMG_20250729_173920739-scaled.jpg\" alt=\"VanMoof M1\"\/>\r\n      <\/div>\r\n      <div class=\"vm-bike-text\">\r\n        <h2>VanMoof M2 &#8211; 3.1<\/h2>\r\n        <div class=\"vm-bike-subtitle\">Fait partie de notre collection d\u2019atelier<\/div>\r\n        <p>Sorti vers 2013, le VanMoof M2 3.1 a fait \u00e9voluer la s\u00e9rie M avec une g\u00e9om\u00e9trie de cadre affin\u00e9e, des soudures de meilleure qualit\u00e9 et des composants am\u00e9lior\u00e9s pour accro\u00eetre la durabilit\u00e9 en usage urbain quotidien. La gamme M2 int\u00e9grait notamment un syst\u00e8me d\u2019\u00e9clairage d\u00e9velopp\u00e9 en collaboration avec Philips, avec des LED int\u00e9gr\u00e9es plus puissantes aliment\u00e9es par dynamo, fonctionnant m\u00eame lorsque la batterie est vide.<\/p>\r\n        <p>Tout en conservant l\u2019esth\u00e9tique minimaliste et la conduite fluide des mod\u00e8les pr\u00e9c\u00e9dents, le M2 3.1 repr\u00e9sentait une avanc\u00e9e technique en mati\u00e8re d\u2019\u00e9clairage et de fiabilit\u00e9 g\u00e9n\u00e9rale.<\/p>\r\n      <\/div>\r\n    <\/article>\r\n    <article class=\"vm-bike-card\">\r\n      <div class=\"vm-bike-image\">\r\n        <img decoding=\"async\" src=\"https:\/\/vanmoofista.com\/wp-content\/uploads\/2026\/04\/IMG_20250729_173948816-scaled.jpg\" alt=\"VanMoof M1\"\/>\r\n      <\/div>\r\n      <div class=\"vm-bike-text\">\r\n        <h2>VanMoof M2 &#8211; 3.1 \u00e9dition sp\u00e9ciale Vedett<\/h2>\r\n        <div class=\"vm-bike-subtitle\">Fait partie de notre collection d\u2019atelier<\/div>\r\n        <p>En 2014, VanMoof a collabor\u00e9 avec la marque de bi\u00e8re belge Vedett pour produire une \u00e9dition sp\u00e9ciale du v\u00e9lo M2 3.1. Techniquement identique au 3.1 standard, l\u2019\u00e9dition Vedett se distinguait par des \u00e9l\u00e9ments de design exclusifs et une identit\u00e9 visuelle sp\u00e9cifique, avec les couleurs et le logo reconnaissables de Vedett sur le cadre.<\/p>\r\n        <p>Cette \u00e9dition limit\u00e9e mettait en avant une rencontre cr\u00e9ative entre la culture du v\u00e9lo urbain et le branding lifestyle. Elle attirait particuli\u00e8rement les collectionneurs et les passionn\u00e9s appr\u00e9ciant les collaborations de design uniques. En raison de sa production limit\u00e9e et de la popularit\u00e9 de la marque de bi\u00e8re, la Vedett Special Edition est rapidement devenue un mod\u00e8le de collection dans le catalogue historique de VanMoof.<\/p>\r\n      <\/div>\r\n    <\/article>\r\n\r\n    <article class=\"vm-bike-card\">\r\n      <div class=\"vm-bike-image\">\r\n        <img decoding=\"async\" src=\"https:\/\/vanmoofista.com\/wp-content\/uploads\/2026\/04\/IMG_20250729_173957818.jpg\" alt=\"VanMoof M1\"\/>\r\n      <\/div>\r\n      <div class=\"vm-bike-text\">\r\n        <h2>VanMoof M2 &#8211; Electrified 3<\/h2>\r\n        <div class=\"vm-bike-subtitle\">Fait partie de notre collection d\u2019atelier<\/div>\r\n        <p>Le VanMoof Electrified 3, introduit en 2014, \u00e9tait le premier v\u00e9lo \u00e0 assistance \u00e9lectrique de la marque. Il disposait d\u2019un moteur dans le moyeu avant et d\u2019une batterie int\u00e9gr\u00e9e dans le tube sup\u00e9rieur du cadre. Il comprenait des feux LED avant et arri\u00e8re de marque Philips, aliment\u00e9s par un moyeu dynamo d\u00e9di\u00e9, ce qui permettait un \u00e9clairage ind\u00e9pendant de la batterie principale. La transmission utilisait un moyeu arri\u00e8re automatique Shimano \u00e0 deux vitesses, pens\u00e9 pour simplifier les trajets urbains.<\/p>\r\n        <p>Apr\u00e8s ce mod\u00e8le, VanMoof a \u00e9largi sa gamme \u00e9lectrique avec l\u2019Electrified S en 2016 et l\u2019Electrified X en 2017. L\u2019Electrified 3 est donc historiquement important comme premi\u00e8re \u00e9tape de l\u2019entreprise dans le segment croissant du v\u00e9lo \u00e9lectrique urbain.<\/p>\r\n      <\/div>\r\n    <\/article>\r\n\r\n    <article class=\"vm-bike-card\">\r\n      <div class=\"vm-bike-image\">\r\n        <img decoding=\"async\" src=\"https:\/\/vanmoofista.com\/wp-content\/uploads\/2026\/04\/IMG_20250729_173926895-scaled.jpg\" alt=\"VanMoof M1\"\/>\r\n      <\/div>\r\n      <div class=\"vm-bike-text\">\r\n        <h2>VanMoof M4 &#8211; Smart S 2018<\/h2>\r\n        <div class=\"vm-bike-subtitle\">Fait partie de notre collection d\u2019atelier<\/div>\r\n        <p>Le VanMoof Smart S, lanc\u00e9 en avril 2018, a introduit des fonctions technologiques avanc\u00e9es ax\u00e9es principalement sur l\u2019antivol et la connectivit\u00e9 du cycliste. Le Smart S comprenait un suivi GPS int\u00e9gr\u00e9, la reconnaissance du cycliste par Bluetooth et le verrouillage \u00e0 distance via une application smartphone d\u00e9di\u00e9e.<\/p>\r\n        <p>Ce mod\u00e8le a introduit le service \u00ab Bike Hunters \u00bb de VanMoof, permettant de localiser et r\u00e9cup\u00e9rer les v\u00e9los vol\u00e9s. Le Smart S a \u00e9galement \u00e9t\u00e9 l\u2019un des premiers mod\u00e8les propos\u00e9s via le service d\u2019abonnement VanMoof+. Son cadre droit conservait l\u2019esth\u00e9tique minimaliste de VanMoof tout en \u00e9largissant fortement les fonctions, la s\u00e9curit\u00e9 et les capacit\u00e9s connect\u00e9es offertes aux cyclistes urbains.<\/p>\r\n      <\/div>\r\n    <\/article>\r\n\r\n    <article class=\"vm-bike-card\">\r\n      <div class=\"vm-bike-image\">\r\n        <img decoding=\"async\" src=\"https:\/\/vanmoofista.com\/wp-content\/uploads\/2026\/04\/IMG_20250729_174040243-scaled.jpg\" alt=\"VanMoof M1\"\/>\r\n      <\/div>\r\n      <div class=\"vm-bike-text\">\r\n        <h2>VanMoof M4 &#8211; Smart X 2018<\/h2>\r\n        <div class=\"vm-bike-subtitle\">Fait partie de notre collection d\u2019atelier<\/div>\r\n        <p>Lanc\u00e9 en 2018 aux c\u00f4t\u00e9s du Smart S, le VanMoof Smart X offrait les m\u00eames fonctions technologiques et connect\u00e9es dans un format compact avec cadre bas de type X. Initialement destin\u00e9 au march\u00e9 japonais, il a rapidement \u00e9t\u00e9 propos\u00e9 \u00e0 l\u2019international gr\u00e2ce \u00e0 son bon accueil. Le Smart X int\u00e9grait la protection antivol par suivi GPS, l\u2019authentification Bluetooth, le verrouillage \u00e0 distance et le service Bike Hunters de VanMoof.<\/p>\r\n        <p>Ses roues plus petites et sa g\u00e9om\u00e9trie de cadre plus basse convenaient particuli\u00e8rement aux cyclistes recherchant agilit\u00e9 et maniabilit\u00e9 dans les environnements urbains denses. Il \u00e9tait donc adapt\u00e9 aux cyclistes plus petits et aux villes o\u00f9 l\u2019espace de rangement est limit\u00e9, tout en conservant les innovations technologiques de la s\u00e9rie Smart.<\/p>\r\n      <\/div>\r\n    <\/article>\r\n\r\n  <\/section>\r\n\r\n<\/div>\n<\/div>\n","protected":false},"excerpt":{"rendered":"<p>Notre collection de v\u00e9los Une collection d\u2019atelier de v\u00e9los VanMoof utilis\u00e9e pour la documentation, la comparaison et les connaissances de [&hellip;]<\/p>\n","protected":false},"author":1,"featured_media":1458,"parent":0,"menu_order":0,"comment_status":"closed","ping_status":"closed","template":"","meta":{"_uag_custom_page_level_css":"","site-sidebar-layout":"default","site-content-layout":"","ast-site-content-layout":"default","site-content-style":"default","site-sidebar-style":"default","ast-global-header-display":"","ast-banner-title-visibility":"","ast-main-header-display":"","ast-hfb-above-header-display":"","ast-hfb-below-header-display":"","ast-hfb-mobile-header-display":"","site-post-title":"disabled","ast-breadcrumbs-content":"","ast-featured-img":"","footer-sml-layout":"","ast-disable-related-posts":"","theme-transparent-header-meta":"","adv-header-id-meta":"","stick-header-meta":"","header-above-stick-meta":"","header-main-stick-meta":"","header-below-stick-meta":"","astra-migrate-meta-layouts":"default","ast-page-background-enabled":"default","ast-page-background-meta":{"desktop":{"background-color":"var(--ast-global-color-5)","background-image":"","background-repeat":"repeat","background-position":"center center","background-size":"auto","background-attachment":"scroll","background-type":"","background-media":"","overlay-type":"","overlay-color":"","overlay-opacity":"","overlay-gradient":""},"tablet":{"background-color":"","background-image":"","background-repeat":"repeat","background-position":"center center","background-size":"auto","background-attachment":"scroll","background-type":"","background-media":"","overlay-type":"","overlay-color":"","overlay-opacity":"","overlay-gradient":""},"mobile":{"background-color":"","background-image":"","background-repeat":"repeat","background-position":"center center","background-size":"auto","background-attachment":"scroll","background-type":"","background-media":"","overlay-type":"","overlay-color":"","overlay-opacity":"","overlay-gradient":""}},"ast-content-background-meta":{"desktop":{"background-color":"var(--ast-global-color-4)","background-image":"","background-repeat":"repeat","background-position":"center center","background-size":"auto","background-attachment":"scroll","background-type":"","background-media":"","overlay-type":"","overlay-color":"","overlay-opacity":"","overlay-gradient":""},"tablet":{"background-color":"var(--ast-global-color-4)","background-image":"","background-repeat":"repeat","background-position":"center center","background-size":"auto","background-attachment":"scroll","background-type":"","background-media":"","overlay-type":"","overlay-color":"","overlay-opacity":"","overlay-gradient":""},"mobile":{"background-color":"var(--ast-global-color-4)","background-image":"","background-repeat":"repeat","background-position":"center center","background-size":"auto","background-attachment":"scroll","background-type":"","background-media":"","overlay-type":"","overlay-color":"","overlay-opacity":"","overlay-gradient":""}},"footnotes":""},"class_list":["post-1457","page","type-page","status-publish","has-post-thumbnail","hentry"],"yoast_head":"<!-- This site is optimized with the Yoast SEO plugin v27.6 - https:\/\/yoast.com\/product\/yoast-seo-wordpress\/ -->\n<title>Collection de v\u00e9los VanMoof | Vanmoofista<\/title>\n<meta name=\"description\" content=\"D\u00e9couvrez la collection de v\u00e9los VanMoof de Vanmoofista en Belgique, avec d\u2019anciens mod\u00e8les VanMoof, leur histoire, des d\u00e9tails de mod\u00e8les et des exemples de notre atelier de r\u00e9paration.\" \/>\n<meta name=\"robots\" content=\"index, follow, max-snippet:-1, max-image-preview:large, max-video-preview:-1\" \/>\n<link rel=\"canonical\" href=\"https:\/\/vanmoofista.com\/fr\/notre-collection-de-velos\/\" \/>\n<meta property=\"og:locale\" content=\"fr_FR\" \/>\n<meta property=\"og:type\" content=\"article\" \/>\n<meta property=\"og:title\" content=\"Collection de v\u00e9los VanMoof | Vanmoofista\" \/>\n<meta property=\"og:description\" content=\"D\u00e9couvrez la collection de v\u00e9los VanMoof de Vanmoofista en Belgique, avec d\u2019anciens mod\u00e8les VanMoof, leur histoire, des d\u00e9tails de mod\u00e8les et des exemples de notre atelier de r\u00e9paration.\" \/>\n<meta property=\"og:url\" content=\"https:\/\/vanmoofista.com\/fr\/notre-collection-de-velos\/\" \/>\n<meta property=\"article:modified_time\" content=\"2026-05-14T19:28:44+00:00\" \/>\n<meta property=\"og:image\" content=\"https:\/\/vanmoofista.com\/wp-content\/uploads\/2026\/04\/Snip20260429_76.png\" \/>\n\t<meta property=\"og:image:width\" content=\"1219\" \/>\n\t<meta property=\"og:image:height\" content=\"504\" \/>\n\t<meta property=\"og:image:type\" content=\"image\/png\" \/>\n<meta name=\"twitter:card\" content=\"summary_large_image\" \/>\n<meta name=\"twitter:label1\" content=\"Dur\u00e9e de lecture estim\u00e9e\" \/>\n\t<meta name=\"twitter:data1\" content=\"6 minutes\" \/>\n<script type=\"application\/ld+json\" class=\"yoast-schema-graph\">{\"@context\":\"https:\\\/\\\/schema.org\",\"@graph\":[{\"@type\":\"WebPage\",\"@id\":\"https:\\\/\\\/vanmoofista.com\\\/fr\\\/notre-collection-de-velos\\\/\",\"url\":\"https:\\\/\\\/vanmoofista.com\\\/fr\\\/notre-collection-de-velos\\\/\",\"name\":\"Collection de v\u00e9los VanMoof | Vanmoofista\",\"isPartOf\":{\"@id\":\"https:\\\/\\\/vanmoofista.com\\\/fr\\\/#website\"},\"primaryImageOfPage\":{\"@id\":\"https:\\\/\\\/vanmoofista.com\\\/fr\\\/notre-collection-de-velos\\\/#primaryimage\"},\"image\":{\"@id\":\"https:\\\/\\\/vanmoofista.com\\\/fr\\\/notre-collection-de-velos\\\/#primaryimage\"},\"thumbnailUrl\":\"https:\\\/\\\/vanmoofista.com\\\/wp-content\\\/uploads\\\/2026\\\/04\\\/Snip20260429_76.png\",\"datePublished\":\"2026-04-29T18:45:01+00:00\",\"dateModified\":\"2026-05-14T19:28:44+00:00\",\"description\":\"D\u00e9couvrez la collection de v\u00e9los VanMoof de Vanmoofista en Belgique, avec d\u2019anciens mod\u00e8les VanMoof, leur histoire, des d\u00e9tails de mod\u00e8les et des exemples de notre atelier de r\u00e9paration.\",\"breadcrumb\":{\"@id\":\"https:\\\/\\\/vanmoofista.com\\\/fr\\\/notre-collection-de-velos\\\/#breadcrumb\"},\"inLanguage\":\"fr-FR\",\"potentialAction\":[{\"@type\":\"ReadAction\",\"target\":[\"https:\\\/\\\/vanmoofista.com\\\/fr\\\/notre-collection-de-velos\\\/\"]}]},{\"@type\":\"ImageObject\",\"inLanguage\":\"fr-FR\",\"@id\":\"https:\\\/\\\/vanmoofista.com\\\/fr\\\/notre-collection-de-velos\\\/#primaryimage\",\"url\":\"https:\\\/\\\/vanmoofista.com\\\/wp-content\\\/uploads\\\/2026\\\/04\\\/Snip20260429_76.png\",\"contentUrl\":\"https:\\\/\\\/vanmoofista.com\\\/wp-content\\\/uploads\\\/2026\\\/04\\\/Snip20260429_76.png\",\"width\":1219,\"height\":504},{\"@type\":\"BreadcrumbList\",\"@id\":\"https:\\\/\\\/vanmoofista.com\\\/fr\\\/notre-collection-de-velos\\\/#breadcrumb\",\"itemListElement\":[{\"@type\":\"ListItem\",\"position\":1,\"name\":\"Home\",\"item\":\"https:\\\/\\\/vanmoofista.com\\\/fr\\\/\"},{\"@type\":\"ListItem\",\"position\":2,\"name\":\"Notre collection de v\u00e9los\"}]},{\"@type\":\"WebSite\",\"@id\":\"https:\\\/\\\/vanmoofista.com\\\/fr\\\/#website\",\"url\":\"https:\\\/\\\/vanmoofista.com\\\/fr\\\/\",\"name\":\"Vanmoofista\",\"description\":\"\",\"publisher\":{\"@id\":\"https:\\\/\\\/vanmoofista.com\\\/fr\\\/#organization\"},\"potentialAction\":[{\"@type\":\"SearchAction\",\"target\":{\"@type\":\"EntryPoint\",\"urlTemplate\":\"https:\\\/\\\/vanmoofista.com\\\/fr\\\/?s={search_term_string}\"},\"query-input\":{\"@type\":\"PropertyValueSpecification\",\"valueRequired\":true,\"valueName\":\"search_term_string\"}}],\"inLanguage\":\"fr-FR\"},{\"@type\":\"Organization\",\"@id\":\"https:\\\/\\\/vanmoofista.com\\\/fr\\\/#organization\",\"name\":\"Vanmoofista\",\"url\":\"https:\\\/\\\/vanmoofista.com\\\/fr\\\/\",\"logo\":{\"@type\":\"ImageObject\",\"inLanguage\":\"fr-FR\",\"@id\":\"https:\\\/\\\/vanmoofista.com\\\/fr\\\/#\\\/schema\\\/logo\\\/image\\\/\",\"url\":\"https:\\\/\\\/vanmoofista.com\\\/wp-content\\\/uploads\\\/2026\\\/05\\\/vanmoofista-v-torx-exact-white.png\",\"contentUrl\":\"https:\\\/\\\/vanmoofista.com\\\/wp-content\\\/uploads\\\/2026\\\/05\\\/vanmoofista-v-torx-exact-white.png\",\"width\":885,\"height\":835,\"caption\":\"Vanmoofista\"},\"image\":{\"@id\":\"https:\\\/\\\/vanmoofista.com\\\/fr\\\/#\\\/schema\\\/logo\\\/image\\\/\"}}]}<\/script>\n<!-- \/ Yoast SEO plugin. -->","yoast_head_json":{"title":"Collection de v\u00e9los VanMoof | Vanmoofista","description":"D\u00e9couvrez la collection de v\u00e9los VanMoof de Vanmoofista en Belgique, avec d\u2019anciens mod\u00e8les VanMoof, leur histoire, des d\u00e9tails de mod\u00e8les et des exemples de notre atelier de r\u00e9paration.","robots":{"index":"index","follow":"follow","max-snippet":"max-snippet:-1","max-image-preview":"max-image-preview:large","max-video-preview":"max-video-preview:-1"},"canonical":"https:\/\/vanmoofista.com\/fr\/notre-collection-de-velos\/","og_locale":"fr_FR","og_type":"article","og_title":"Collection de v\u00e9los VanMoof | Vanmoofista","og_description":"D\u00e9couvrez la collection de v\u00e9los VanMoof de Vanmoofista en Belgique, avec d\u2019anciens mod\u00e8les VanMoof, leur histoire, des d\u00e9tails de mod\u00e8les et des exemples de notre atelier de r\u00e9paration.","og_url":"https:\/\/vanmoofista.com\/fr\/notre-collection-de-velos\/","article_modified_time":"2026-05-14T19:28:44+00:00","og_image":[{"width":1219,"height":504,"url":"https:\/\/vanmoofista.com\/wp-content\/uploads\/2026\/04\/Snip20260429_76.png","type":"image\/png"}],"twitter_card":"summary_large_image","twitter_misc":{"Dur\u00e9e de lecture estim\u00e9e":"6 minutes"},"schema":{"@context":"https:\/\/schema.org","@graph":[{"@type":"WebPage","@id":"https:\/\/vanmoofista.com\/fr\/notre-collection-de-velos\/","url":"https:\/\/vanmoofista.com\/fr\/notre-collection-de-velos\/","name":"Collection de v\u00e9los VanMoof | Vanmoofista","isPartOf":{"@id":"https:\/\/vanmoofista.com\/fr\/#website"},"primaryImageOfPage":{"@id":"https:\/\/vanmoofista.com\/fr\/notre-collection-de-velos\/#primaryimage"},"image":{"@id":"https:\/\/vanmoofista.com\/fr\/notre-collection-de-velos\/#primaryimage"},"thumbnailUrl":"https:\/\/vanmoofista.com\/wp-content\/uploads\/2026\/04\/Snip20260429_76.png","datePublished":"2026-04-29T18:45:01+00:00","dateModified":"2026-05-14T19:28:44+00:00","description":"D\u00e9couvrez la collection de v\u00e9los VanMoof de Vanmoofista en Belgique, avec d\u2019anciens mod\u00e8les VanMoof, leur histoire, des d\u00e9tails de mod\u00e8les et des exemples de notre atelier de r\u00e9paration.","breadcrumb":{"@id":"https:\/\/vanmoofista.com\/fr\/notre-collection-de-velos\/#breadcrumb"},"inLanguage":"fr-FR","potentialAction":[{"@type":"ReadAction","target":["https:\/\/vanmoofista.com\/fr\/notre-collection-de-velos\/"]}]},{"@type":"ImageObject","inLanguage":"fr-FR","@id":"https:\/\/vanmoofista.com\/fr\/notre-collection-de-velos\/#primaryimage","url":"https:\/\/vanmoofista.com\/wp-content\/uploads\/2026\/04\/Snip20260429_76.png","contentUrl":"https:\/\/vanmoofista.com\/wp-content\/uploads\/2026\/04\/Snip20260429_76.png","width":1219,"height":504},{"@type":"BreadcrumbList","@id":"https:\/\/vanmoofista.com\/fr\/notre-collection-de-velos\/#breadcrumb","itemListElement":[{"@type":"ListItem","position":1,"name":"Home","item":"https:\/\/vanmoofista.com\/fr\/"},{"@type":"ListItem","position":2,"name":"Notre collection de v\u00e9los"}]},{"@type":"WebSite","@id":"https:\/\/vanmoofista.com\/fr\/#website","url":"https:\/\/vanmoofista.com\/fr\/","name":"Vanmoofista","description":"","publisher":{"@id":"https:\/\/vanmoofista.com\/fr\/#organization"},"potentialAction":[{"@type":"SearchAction","target":{"@type":"EntryPoint","urlTemplate":"https:\/\/vanmoofista.com\/fr\/?s={search_term_string}"},"query-input":{"@type":"PropertyValueSpecification","valueRequired":true,"valueName":"search_term_string"}}],"inLanguage":"fr-FR"},{"@type":"Organization","@id":"https:\/\/vanmoofista.com\/fr\/#organization","name":"Vanmoofista","url":"https:\/\/vanmoofista.com\/fr\/","logo":{"@type":"ImageObject","inLanguage":"fr-FR","@id":"https:\/\/vanmoofista.com\/fr\/#\/schema\/logo\/image\/","url":"https:\/\/vanmoofista.com\/wp-content\/uploads\/2026\/05\/vanmoofista-v-torx-exact-white.png","contentUrl":"https:\/\/vanmoofista.com\/wp-content\/uploads\/2026\/05\/vanmoofista-v-torx-exact-white.png","width":885,"height":835,"caption":"Vanmoofista"},"image":{"@id":"https:\/\/vanmoofista.com\/fr\/#\/schema\/logo\/image\/"}}]}},"uagb_featured_image_src":{"full":["https:\/\/vanmoofista.com\/wp-content\/uploads\/2026\/04\/Snip20260429_76.png",1219,504,false],"thumbnail":["https:\/\/vanmoofista.com\/wp-content\/uploads\/2026\/04\/Snip20260429_76-150x150.png",150,150,true],"medium":["https:\/\/vanmoofista.com\/wp-content\/uploads\/2026\/04\/Snip20260429_76-300x124.png",300,124,true],"medium_large":["https:\/\/vanmoofista.com\/wp-content\/uploads\/2026\/04\/Snip20260429_76-768x318.png",768,318,true],"large":["https:\/\/vanmoofista.com\/wp-content\/uploads\/2026\/04\/Snip20260429_76-1024x423.png",1024,423,true],"1536x1536":["https:\/\/vanmoofista.com\/wp-content\/uploads\/2026\/04\/Snip20260429_76.png",1219,504,false],"2048x2048":["https:\/\/vanmoofista.com\/wp-content\/uploads\/2026\/04\/Snip20260429_76.png",1219,504,false],"woocommerce_thumbnail":["https:\/\/vanmoofista.com\/wp-content\/uploads\/2026\/04\/Snip20260429_76-300x300.png",300,300,true],"woocommerce_single":["https:\/\/vanmoofista.com\/wp-content\/uploads\/2026\/04\/Snip20260429_76-600x248.png",600,248,true],"woocommerce_gallery_thumbnail":["https:\/\/vanmoofista.com\/wp-content\/uploads\/2026\/04\/Snip20260429_76-100x100.png",100,100,true]},"uagb_author_info":{"display_name":"elisalon","author_link":"https:\/\/vanmoofista.com\/fr\/author\/elisalon\/"},"uagb_comment_info":0,"uagb_excerpt":"Notre collection de v\u00e9los Une collection d\u2019atelier de v\u00e9los VanMoof utilis\u00e9e pour la documentation, la comparaison et les connaissances de [&hellip;]","_links":{"self":[{"href":"https:\/\/vanmoofista.com\/fr\/wp-json\/wp\/v2\/pages\/1457","targetHints":{"allow":["GET"]}}],"collection":[{"href":"https:\/\/vanmoofista.com\/fr\/wp-json\/wp\/v2\/pages"}],"about":[{"href":"https:\/\/vanmoofista.com\/fr\/wp-json\/wp\/v2\/types\/page"}],"author":[{"embeddable":true,"href":"https:\/\/vanmoofista.com\/fr\/wp-json\/wp\/v2\/users\/1"}],"replies":[{"embeddable":true,"href":"https:\/\/vanmoofista.com\/fr\/wp-json\/wp\/v2\/comments?post=1457"}],"version-history":[{"count":1,"href":"https:\/\/vanmoofista.com\/fr\/wp-json\/wp\/v2\/pages\/1457\/revisions"}],"predecessor-version":[{"id":1459,"href":"https:\/\/vanmoofista.com\/fr\/wp-json\/wp\/v2\/pages\/1457\/revisions\/1459"}],"wp:featuredmedia":[{"embeddable":true,"href":"https:\/\/vanmoofista.com\/fr\/wp-json\/wp\/v2\/media\/1458"}],"wp:attachment":[{"href":"https:\/\/vanmoofista.com\/fr\/wp-json\/wp\/v2\/media?parent=1457"}],"curies":[{"name":"wp","href":"https:\/\/api.w.org\/{rel}","templated":true}]}}