{"id":1478,"date":"2026-04-29T21:05:15","date_gmt":"2026-04-29T20:05:15","guid":{"rendered":"https:\/\/vanmoofista.com\/modifications-et-ameliorations\/"},"modified":"2026-05-14T20:42:55","modified_gmt":"2026-05-14T19:42:55","slug":"modifications-et-ameliorations","status":"publish","type":"page","link":"https:\/\/vanmoofista.com\/fr\/modifications-et-ameliorations\/","title":{"rendered":"Modifications et am\u00e9liorations"},"content":{"rendered":"\n<div class=\"wp-block-group vm-mods-page is-layout-flow wp-block-group-is-layout-flow\">\n\n  \n  <div class=\"vm-page-center\">\n  <\/div>\n\n    \n    <div class=\"wp-block-group vm-card vm-mods-hero has-border-color is-layout-constrained wp-container-core-group-is-layout-c895dcc3 wp-block-group-is-layout-constrained\" style=\"border-color:#dddddd;border-width:1px;border-radius:18px;margin-bottom:25px;padding-top:40px;padding-right:35px;padding-bottom:40px;padding-left:35px\">\n\n      \n      <h1 class=\"wp-block-heading has-text-align-center\">Modifications et am\u00e9liorations VanMoof<\/h1>\n      \n\n      \n      <p class=\"has-text-align-center\">Am\u00e9liorations personnalis\u00e9es pour VanMoof destin\u00e9es aux cyclistes qui souhaitent maintenir leurs anciens v\u00e9los utiles, r\u00e9parables et en circulation.<\/p>\n      \n\n      \n      <p class=\"has-text-align-center\">Cette section est encore en cours de d\u00e9veloppement. Pour l&rsquo;instant, elle donne un aper\u00e7u du type de travaux d&rsquo;am\u00e9lioration qui nous int\u00e9ressent : am\u00e9liorations pratiques, mises \u00e0 niveau de fiabilit\u00e9 et id\u00e9es exp\u00e9rimentales de reconstruction VanMoof. <\/p>\n      \n\n    <\/div>\n    \n\n    \n    <div class=\"vm-mods-grid\">\n      <div class=\"vm-mod-card\">\n        <h3>Am\u00e9liorations de confort<\/h3>\n        <p>Petites am\u00e9liorations qui rendent le v\u00e9lo plus agr\u00e9able \u00e0 utiliser au quotidien, telles que les poign\u00e9es, les selles, les \u00e9clairages, la sensation de freinage et les d\u00e9tails du cockpit.<\/p>\n      <\/div>\n\n      <div class=\"vm-mod-card\">\n        <h3>Am\u00e9liorations de fiabilit\u00e9<\/h3>\n        <p>Id\u00e9es ax\u00e9es sur le maintien en circulation des anciens v\u00e9los VanMoof plus longtemps, incluant le c\u00e2blage, les connecteurs, les travaux li\u00e9s \u00e0 la batterie et les pi\u00e8ces de rechange.<\/p>\n      <\/div>\n\n      <div class=\"vm-mod-card\">\n        <h3>Constructions exp\u00e9rimentales<\/h3>\n        <p>Projets personnalis\u00e9s et exp\u00e9riences techniques pour v\u00e9los VanMoof, en particulier lorsque les pi\u00e8ces d&rsquo;origine sont difficiles \u00e0 trouver ou ne sont plus disponibles.<\/p>\n      <\/div>\n    <\/div>\n    \n\n    \n    <div class=\"wp-block-group vm-card vm-mods-note has-border-color is-layout-constrained wp-container-core-group-is-layout-6da7153c wp-block-group-is-layout-constrained\" style=\"border-color:#dddddd;border-width:1px;border-radius:18px;margin-top:25px;padding-top:30px;padding-right:30px;padding-bottom:30px;padding-left:30px\">\n\n      \n      <h2 class=\"wp-block-heading has-text-align-center\">Vous avez une am\u00e9lioration sp\u00e9cifique en t\u00eate ?<\/h2>\n      \n\n      \n      <p class=\"has-text-align-center\">Contactez-nous en indiquant le mod\u00e8le de votre v\u00e9lo, le probl\u00e8me que vous souhaitez r\u00e9soudre et quelques photos. Certaines am\u00e9liorations d\u00e9pendent du mod\u00e8le, de la disponibilit\u00e9 des pi\u00e8ces et des contr\u00f4les de s\u00e9curit\u00e9. <\/p>\n      \n\n    <\/div>\n    \n\n  \n  \n\n<\/div>\n","protected":false},"excerpt":{"rendered":"<p>Modifications et am\u00e9liorations VanMoof Am\u00e9liorations personnalis\u00e9es pour VanMoof destin\u00e9es aux cyclistes qui souhaitent maintenir leurs anciens v\u00e9los utiles, r\u00e9parables et [&hellip;]<\/p>\n","protected":false},"author":1,"featured_media":0,"parent":0,"menu_order":0,"comment_status":"closed","ping_status":"closed","template":"","meta":{"_uag_custom_page_level_css":"","site-sidebar-layout":"default","site-content-layout":"","ast-site-content-layout":"default","site-content-style":"default","site-sidebar-style":"default","ast-global-header-display":"","ast-banner-title-visibility":"","ast-main-header-display":"","ast-hfb-above-header-display":"","ast-hfb-below-header-display":"","ast-hfb-mobile-header-display":"","site-post-title":"disabled","ast-breadcrumbs-content":"","ast-featured-img":"","footer-sml-layout":"","ast-disable-related-posts":"","theme-transparent-header-meta":"","adv-header-id-meta":"","stick-header-meta":"","header-above-stick-meta":"","header-main-stick-meta":"","header-below-stick-meta":"","astra-migrate-meta-layouts":"default","ast-page-background-enabled":"default","ast-page-background-meta":{"desktop":{"background-color":"var(--ast-global-color-5)","background-image":"","background-repeat":"repeat","background-position":"center center","background-size":"auto","background-attachment":"scroll","background-type":"","background-media":"","overlay-type":"","overlay-color":"","overlay-opacity":"","overlay-gradient":""},"tablet":{"background-color":"","background-image":"","background-repeat":"repeat","background-position":"center center","background-size":"auto","background-attachment":"scroll","background-type":"","background-media":"","overlay-type":"","overlay-color":"","overlay-opacity":"","overlay-gradient":""},"mobile":{"background-color":"","background-image":"","background-repeat":"repeat","background-position":"center center","background-size":"auto","background-attachment":"scroll","background-type":"","background-media":"","overlay-type":"","overlay-color":"","overlay-opacity":"","overlay-gradient":""}},"ast-content-background-meta":{"desktop":{"background-color":"var(--ast-global-color-4)","background-image":"","background-repeat":"repeat","background-position":"center center","background-size":"auto","background-attachment":"scroll","background-type":"","background-media":"","overlay-type":"","overlay-color":"","overlay-opacity":"","overlay-gradient":""},"tablet":{"background-color":"var(--ast-global-color-4)","background-image":"","background-repeat":"repeat","background-position":"center center","background-size":"auto","background-attachment":"scroll","background-type":"","background-media":"","overlay-type":"","overlay-color":"","overlay-opacity":"","overlay-gradient":""},"mobile":{"background-color":"var(--ast-global-color-4)","background-image":"","background-repeat":"repeat","background-position":"center center","background-size":"auto","background-attachment":"scroll","background-type":"","background-media":"","overlay-type":"","overlay-color":"","overlay-opacity":"","overlay-gradient":""}},"footnotes":""},"class_list":["post-1478","page","type-page","status-publish","hentry"],"yoast_head":"<!-- This site is optimized with the Yoast SEO plugin v27.6 - https:\/\/yoast.com\/product\/yoast-seo-wordpress\/ -->\n<title>Modifications et am\u00e9liorations -<\/title>\n<meta name=\"robots\" content=\"index, follow, max-snippet:-1, max-image-preview:large, max-video-preview:-1\" \/>\n<link rel=\"canonical\" href=\"https:\/\/vanmoofista.com\/fr\/modifications-et-ameliorations\/\" \/>\n<meta property=\"og:locale\" content=\"fr_FR\" \/>\n<meta property=\"og:type\" content=\"article\" \/>\n<meta property=\"og:title\" content=\"Modifications et am\u00e9liorations -\" \/>\n<meta property=\"og:description\" content=\"Modifications et am\u00e9liorations VanMoof Am\u00e9liorations personnalis\u00e9es pour VanMoof destin\u00e9es aux cyclistes qui souhaitent maintenir leurs anciens v\u00e9los utiles, r\u00e9parables et [&hellip;]\" \/>\n<meta property=\"og:url\" content=\"https:\/\/vanmoofista.com\/fr\/modifications-et-ameliorations\/\" \/>\n<meta property=\"article:modified_time\" content=\"2026-05-14T19:42:55+00:00\" \/>\n<meta name=\"twitter:card\" content=\"summary_large_image\" \/>\n<meta name=\"twitter:label1\" content=\"Dur\u00e9e de lecture estim\u00e9e\" \/>\n\t<meta name=\"twitter:data1\" content=\"1 minute\" \/>\n<script type=\"application\/ld+json\" class=\"yoast-schema-graph\">{\"@context\":\"https:\\\/\\\/schema.org\",\"@graph\":[{\"@type\":\"WebPage\",\"@id\":\"https:\\\/\\\/vanmoofista.com\\\/fr\\\/modifications-et-ameliorations\\\/\",\"url\":\"https:\\\/\\\/vanmoofista.com\\\/fr\\\/modifications-et-ameliorations\\\/\",\"name\":\"Modifications et am\u00e9liorations -\",\"isPartOf\":{\"@id\":\"https:\\\/\\\/vanmoofista.com\\\/fr\\\/#website\"},\"datePublished\":\"2026-04-29T20:05:15+00:00\",\"dateModified\":\"2026-05-14T19:42:55+00:00\",\"breadcrumb\":{\"@id\":\"https:\\\/\\\/vanmoofista.com\\\/fr\\\/modifications-et-ameliorations\\\/#breadcrumb\"},\"inLanguage\":\"fr-FR\",\"potentialAction\":[{\"@type\":\"ReadAction\",\"target\":[\"https:\\\/\\\/vanmoofista.com\\\/fr\\\/modifications-et-ameliorations\\\/\"]}]},{\"@type\":\"BreadcrumbList\",\"@id\":\"https:\\\/\\\/vanmoofista.com\\\/fr\\\/modifications-et-ameliorations\\\/#breadcrumb\",\"itemListElement\":[{\"@type\":\"ListItem\",\"position\":1,\"name\":\"Home\",\"item\":\"https:\\\/\\\/vanmoofista.com\\\/fr\\\/\"},{\"@type\":\"ListItem\",\"position\":2,\"name\":\"Modifications et am\u00e9liorations\"}]},{\"@type\":\"WebSite\",\"@id\":\"https:\\\/\\\/vanmoofista.com\\\/fr\\\/#website\",\"url\":\"https:\\\/\\\/vanmoofista.com\\\/fr\\\/\",\"name\":\"Vanmoofista\",\"description\":\"\",\"publisher\":{\"@id\":\"https:\\\/\\\/vanmoofista.com\\\/fr\\\/#organization\"},\"potentialAction\":[{\"@type\":\"SearchAction\",\"target\":{\"@type\":\"EntryPoint\",\"urlTemplate\":\"https:\\\/\\\/vanmoofista.com\\\/fr\\\/?s={search_term_string}\"},\"query-input\":{\"@type\":\"PropertyValueSpecification\",\"valueRequired\":true,\"valueName\":\"search_term_string\"}}],\"inLanguage\":\"fr-FR\"},{\"@type\":\"Organization\",\"@id\":\"https:\\\/\\\/vanmoofista.com\\\/fr\\\/#organization\",\"name\":\"Vanmoofista\",\"url\":\"https:\\\/\\\/vanmoofista.com\\\/fr\\\/\",\"logo\":{\"@type\":\"ImageObject\",\"inLanguage\":\"fr-FR\",\"@id\":\"https:\\\/\\\/vanmoofista.com\\\/fr\\\/#\\\/schema\\\/logo\\\/image\\\/\",\"url\":\"https:\\\/\\\/vanmoofista.com\\\/wp-content\\\/uploads\\\/2026\\\/05\\\/vanmoofista-v-torx-exact-white.png\",\"contentUrl\":\"https:\\\/\\\/vanmoofista.com\\\/wp-content\\\/uploads\\\/2026\\\/05\\\/vanmoofista-v-torx-exact-white.png\",\"width\":885,\"height\":835,\"caption\":\"Vanmoofista\"},\"image\":{\"@id\":\"https:\\\/\\\/vanmoofista.com\\\/fr\\\/#\\\/schema\\\/logo\\\/image\\\/\"}}]}<\/script>\n<!-- \/ Yoast SEO plugin. -->","yoast_head_json":{"title":"Modifications et am\u00e9liorations -","robots":{"index":"index","follow":"follow","max-snippet":"max-snippet:-1","max-image-preview":"max-image-preview:large","max-video-preview":"max-video-preview:-1"},"canonical":"https:\/\/vanmoofista.com\/fr\/modifications-et-ameliorations\/","og_locale":"fr_FR","og_type":"article","og_title":"Modifications et am\u00e9liorations -","og_description":"Modifications et am\u00e9liorations VanMoof Am\u00e9liorations personnalis\u00e9es pour VanMoof destin\u00e9es aux cyclistes qui souhaitent maintenir leurs anciens v\u00e9los utiles, r\u00e9parables et [&hellip;]","og_url":"https:\/\/vanmoofista.com\/fr\/modifications-et-ameliorations\/","article_modified_time":"2026-05-14T19:42:55+00:00","twitter_card":"summary_large_image","twitter_misc":{"Dur\u00e9e de lecture estim\u00e9e":"1 minute"},"schema":{"@context":"https:\/\/schema.org","@graph":[{"@type":"WebPage","@id":"https:\/\/vanmoofista.com\/fr\/modifications-et-ameliorations\/","url":"https:\/\/vanmoofista.com\/fr\/modifications-et-ameliorations\/","name":"Modifications et am\u00e9liorations -","isPartOf":{"@id":"https:\/\/vanmoofista.com\/fr\/#website"},"datePublished":"2026-04-29T20:05:15+00:00","dateModified":"2026-05-14T19:42:55+00:00","breadcrumb":{"@id":"https:\/\/vanmoofista.com\/fr\/modifications-et-ameliorations\/#breadcrumb"},"inLanguage":"fr-FR","potentialAction":[{"@type":"ReadAction","target":["https:\/\/vanmoofista.com\/fr\/modifications-et-ameliorations\/"]}]},{"@type":"BreadcrumbList","@id":"https:\/\/vanmoofista.com\/fr\/modifications-et-ameliorations\/#breadcrumb","itemListElement":[{"@type":"ListItem","position":1,"name":"Home","item":"https:\/\/vanmoofista.com\/fr\/"},{"@type":"ListItem","position":2,"name":"Modifications et am\u00e9liorations"}]},{"@type":"WebSite","@id":"https:\/\/vanmoofista.com\/fr\/#website","url":"https:\/\/vanmoofista.com\/fr\/","name":"Vanmoofista","description":"","publisher":{"@id":"https:\/\/vanmoofista.com\/fr\/#organization"},"potentialAction":[{"@type":"SearchAction","target":{"@type":"EntryPoint","urlTemplate":"https:\/\/vanmoofista.com\/fr\/?s={search_term_string}"},"query-input":{"@type":"PropertyValueSpecification","valueRequired":true,"valueName":"search_term_string"}}],"inLanguage":"fr-FR"},{"@type":"Organization","@id":"https:\/\/vanmoofista.com\/fr\/#organization","name":"Vanmoofista","url":"https:\/\/vanmoofista.com\/fr\/","logo":{"@type":"ImageObject","inLanguage":"fr-FR","@id":"https:\/\/vanmoofista.com\/fr\/#\/schema\/logo\/image\/","url":"https:\/\/vanmoofista.com\/wp-content\/uploads\/2026\/05\/vanmoofista-v-torx-exact-white.png","contentUrl":"https:\/\/vanmoofista.com\/wp-content\/uploads\/2026\/05\/vanmoofista-v-torx-exact-white.png","width":885,"height":835,"caption":"Vanmoofista"},"image":{"@id":"https:\/\/vanmoofista.com\/fr\/#\/schema\/logo\/image\/"}}]}},"uagb_featured_image_src":{"full":false,"thumbnail":false,"medium":false,"medium_large":false,"large":false,"1536x1536":false,"2048x2048":false,"woocommerce_thumbnail":false,"woocommerce_single":false,"woocommerce_gallery_thumbnail":false},"uagb_author_info":{"display_name":"elisalon","author_link":"https:\/\/vanmoofista.com\/fr\/author\/elisalon\/"},"uagb_comment_info":0,"uagb_excerpt":"Modifications et am\u00e9liorations VanMoof Am\u00e9liorations personnalis\u00e9es pour VanMoof destin\u00e9es aux cyclistes qui souhaitent maintenir leurs anciens v\u00e9los utiles, r\u00e9parables et [&hellip;]","_links":{"self":[{"href":"https:\/\/vanmoofista.com\/fr\/wp-json\/wp\/v2\/pages\/1478","targetHints":{"allow":["GET"]}}],"collection":[{"href":"https:\/\/vanmoofista.com\/fr\/wp-json\/wp\/v2\/pages"}],"about":[{"href":"https:\/\/vanmoofista.com\/fr\/wp-json\/wp\/v2\/types\/page"}],"author":[{"embeddable":true,"href":"https:\/\/vanmoofista.com\/fr\/wp-json\/wp\/v2\/users\/1"}],"replies":[{"embeddable":true,"href":"https:\/\/vanmoofista.com\/fr\/wp-json\/wp\/v2\/comments?post=1478"}],"version-history":[{"count":1,"href":"https:\/\/vanmoofista.com\/fr\/wp-json\/wp\/v2\/pages\/1478\/revisions"}],"predecessor-version":[{"id":1479,"href":"https:\/\/vanmoofista.com\/fr\/wp-json\/wp\/v2\/pages\/1478\/revisions\/1479"}],"wp:attachment":[{"href":"https:\/\/vanmoofista.com\/fr\/wp-json\/wp\/v2\/media?parent=1478"}],"curies":[{"name":"wp","href":"https:\/\/api.w.org\/{rel}","templated":true}]}}