{"id":1422,"date":"2026-05-02T16:06:03","date_gmt":"2026-05-02T15:06:03","guid":{"rendered":"https:\/\/vanmoofista.com\/product\/batterie-interne-de-cartridge-vanmoof-s3-x3\/"},"modified":"2026-05-02T16:06:03","modified_gmt":"2026-05-02T15:06:03","slug":"batterie-interne-de-cartridge-vanmoof-s3-x3","status":"publish","type":"product","link":"https:\/\/vanmoofista.com\/fr\/produit\/batterie-interne-de-cartridge-vanmoof-s3-x3\/","title":{"rendered":"Batterie interne de cartridge VanMoof S3\/X3"},"content":{"rendered":"<p>Batterie interne de remplacement pour la Smart Cartridge VanMoof S3\/X3.<\/p>\n<p>Ce n\u2019est pas une pi\u00e8ce d\u2019origine VanMoof. Il s\u2019agit d\u2019une batterie de remplacement compatible utilis\u00e9e \u00e0 l\u2019int\u00e9rieur de la cartridge des VanMoof S3 et X3. La batterie d\u2019origine de la cartridge peut perdre de la capacit\u00e9 avec l\u2019\u00e2ge, ce qui peut provoquer des probl\u00e8mes li\u00e9s \u00e0 la cartridge ou un comportement instable.<\/p>\n<p>Cette batterie de remplacement a \u00e9t\u00e9 s\u00e9lectionn\u00e9e parce qu\u2019elle s\u2019adapte \u00e0 l\u2019espace disponible dans la cartridge et fonctionne correctement lorsqu\u2019elle est install\u00e9e correctement. Elle convient \u00e0 la r\u00e9paration de cartridge, au reconditionnement ou au remplacement pr\u00e9ventif lors d\u2019une remise en \u00e9tat de la cartridge.<\/p>\n<p>La batterie est fournie avec les fils et le connecteur comme indiqu\u00e9 sur la photo du produit. V\u00e9rifiez la photo avant de commander et comparez-la avec la batterie actuellement install\u00e9e dans votre cartridge.<\/p>\n<p>Convient pour :<br \/>\nVanMoof S3<br \/>\nVanMoof X3<\/p>\n<p>Important :<br \/>\nL\u2019installation n\u00e9cessite l\u2019ouverture de la Smart Cartridge. Cette pi\u00e8ce est destin\u00e9e \u00e0 une r\u00e9paration effectu\u00e9e par une personne ayant des connaissances de base en \u00e9lectronique. Une installation incorrecte, une polarit\u00e9 invers\u00e9e, un court-circuit ou un c\u00e2blage endommag\u00e9 peuvent endommager la cartridge.<\/p>\n<p>Ce produit est compatible avec les cartridges VanMoof S3\/X3, mais il n\u2019est pas fabriqu\u00e9 par VanMoof et n\u2019est pas une pi\u00e8ce d\u00e9tach\u00e9e officielle VanMoof.<\/p>\n<p>Pour les r\u00e9parations associ\u00e9es, consultez notre <a href=\"https:\/\/vanmoofista.com\/fr\/reparations\/\">service de r\u00e9paration VanMoof S3\/X3<\/a> et nos autres pi\u00e8ces VanMoof.<\/p>\n","protected":false},"excerpt":{"rendered":"<p>Batterie interne de remplacement compatible pour la Smart Cartridge VanMoof S3\/X3. Non officielle VanMoof, mais test\u00e9e pour l\u2019ajustement et le bon fonctionnement.<\/p>\n","protected":false},"featured_media":1423,"template":"","meta":{"_uag_custom_page_level_css":"","site-sidebar-layout":"default","site-content-layout":"","ast-site-content-layout":"default","site-content-style":"default","site-sidebar-style":"default","ast-global-header-display":"","ast-banner-title-visibility":"","ast-main-header-display":"","ast-hfb-above-header-display":"","ast-hfb-below-header-display":"","ast-hfb-mobile-header-display":"","site-post-title":"","ast-breadcrumbs-content":"","ast-featured-img":"","footer-sml-layout":"","ast-disable-related-posts":"","theme-transparent-header-meta":"default","adv-header-id-meta":"","stick-header-meta":"","header-above-stick-meta":"","header-main-stick-meta":"","header-below-stick-meta":"","astra-migrate-meta-layouts":"default","ast-page-background-enabled":"default","ast-page-background-meta":{"desktop":{"background-color":"var(--ast-global-color-5)","background-image":"","background-repeat":"repeat","background-position":"center center","background-size":"auto","background-attachment":"scroll","background-type":"","background-media":"","overlay-type":"","overlay-color":"","overlay-opacity":"","overlay-gradient":""},"tablet":{"background-color":"","background-image":"","background-repeat":"repeat","background-position":"center center","background-size":"auto","background-attachment":"scroll","background-type":"","background-media":"","overlay-type":"","overlay-color":"","overlay-opacity":"","overlay-gradient":""},"mobile":{"background-color":"","background-image":"","background-repeat":"repeat","background-position":"center center","background-size":"auto","background-attachment":"scroll","background-type":"","background-media":"","overlay-type":"","overlay-color":"","overlay-opacity":"","overlay-gradient":""}},"ast-content-background-meta":{"desktop":{"background-color":"var(--ast-global-color-4)","background-image":"","background-repeat":"repeat","background-position":"center center","background-size":"auto","background-attachment":"scroll","background-type":"","background-media":"","overlay-type":"","overlay-color":"","overlay-opacity":"","overlay-gradient":""},"tablet":{"background-color":"var(--ast-global-color-4)","background-image":"","background-repeat":"repeat","background-position":"center center","background-size":"auto","background-attachment":"scroll","background-type":"","background-media":"","overlay-type":"","overlay-color":"","overlay-opacity":"","overlay-gradient":""},"mobile":{"background-color":"var(--ast-global-color-4)","background-image":"","background-repeat":"repeat","background-position":"center center","background-size":"auto","background-attachment":"scroll","background-type":"","background-media":"","overlay-type":"","overlay-color":"","overlay-opacity":"","overlay-gradient":""}}},"product_brand":[],"product_cat":[157],"product_tag":[182,181,183,184,185,186],"class_list":{"0":"post-1422","1":"product","2":"type-product","3":"status-publish","4":"has-post-thumbnail","6":"product_cat-s3-x3","7":"product_tag-batterie-cartridge-s3","8":"product_tag-batterie-cartridge-vanmoof","9":"product_tag-batterie-cartridge-x3","10":"product_tag-batterie-smart-cartridge","11":"product_tag-pieces-vanmoof-s3","12":"product_tag-pieces-vanmoof-x3","13":"desktop-align-left","14":"tablet-align-left","15":"mobile-align-left","17":"first","18":"instock","19":"taxable","20":"shipping-taxable","21":"purchasable","22":"product-type-simple"},"yoast_head":"<!-- This site is optimized with the Yoast SEO plugin v27.6 - https:\/\/yoast.com\/product\/yoast-seo-wordpress\/ -->\n<title>Batterie de cartridge VanMoof S3<\/title>\n<meta name=\"description\" content=\"Batterie interne de remplacement compatible pour Smart Cartridge VanMoof S3\/X3. Non officielle VanMoof, mais test\u00e9e pour l\u2019ajustement et le fonctionnement.\" \/>\n<meta name=\"robots\" content=\"index, follow, max-snippet:-1, max-image-preview:large, max-video-preview:-1\" \/>\n<link rel=\"canonical\" href=\"https:\/\/vanmoofista.com\/fr\/produit\/batterie-interne-de-cartridge-vanmoof-s3-x3\/\" \/>\n<meta property=\"og:locale\" content=\"fr_FR\" \/>\n<meta property=\"og:type\" content=\"article\" \/>\n<meta property=\"og:title\" content=\"Batterie de cartridge VanMoof S3\" \/>\n<meta property=\"og:description\" content=\"Batterie interne de remplacement compatible pour Smart Cartridge VanMoof S3\/X3. Non officielle VanMoof, mais test\u00e9e pour l\u2019ajustement et le fonctionnement.\" \/>\n<meta property=\"og:url\" content=\"https:\/\/vanmoofista.com\/fr\/produit\/batterie-interne-de-cartridge-vanmoof-s3-x3\/\" \/>\n<meta property=\"og:image\" content=\"https:\/\/vanmoofista.com\/wp-content\/uploads\/2026\/05\/IMG_20260430_170712180-scaled.jpg\" \/>\n\t<meta property=\"og:image:width\" content=\"2560\" \/>\n\t<meta property=\"og:image:height\" content=\"1441\" \/>\n\t<meta property=\"og:image:type\" content=\"image\/jpeg\" \/>\n<meta name=\"twitter:card\" content=\"summary_large_image\" \/>\n<meta name=\"twitter:label1\" content=\"Dur\u00e9e de lecture estim\u00e9e\" \/>\n\t<meta name=\"twitter:data1\" content=\"1 minute\" \/>\n<script type=\"application\/ld+json\" class=\"yoast-schema-graph\">{\"@context\":\"https:\\\/\\\/schema.org\",\"@graph\":[{\"@type\":\"WebPage\",\"@id\":\"https:\\\/\\\/vanmoofista.com\\\/fr\\\/produit\\\/batterie-interne-de-cartridge-vanmoof-s3-x3\\\/\",\"url\":\"https:\\\/\\\/vanmoofista.com\\\/fr\\\/produit\\\/batterie-interne-de-cartridge-vanmoof-s3-x3\\\/\",\"name\":\"Batterie de cartridge VanMoof S3\",\"isPartOf\":{\"@id\":\"https:\\\/\\\/vanmoofista.com\\\/fr\\\/#website\"},\"primaryImageOfPage\":{\"@id\":\"https:\\\/\\\/vanmoofista.com\\\/fr\\\/produit\\\/batterie-interne-de-cartridge-vanmoof-s3-x3\\\/#primaryimage\"},\"image\":{\"@id\":\"https:\\\/\\\/vanmoofista.com\\\/fr\\\/produit\\\/batterie-interne-de-cartridge-vanmoof-s3-x3\\\/#primaryimage\"},\"thumbnailUrl\":\"https:\\\/\\\/vanmoofista.com\\\/wp-content\\\/uploads\\\/2026\\\/05\\\/IMG_20260430_170712180-scaled.jpg\",\"datePublished\":\"2026-05-02T15:06:03+00:00\",\"description\":\"Batterie interne de remplacement compatible pour Smart Cartridge VanMoof S3\\\/X3. Non officielle VanMoof, mais test\u00e9e pour l\u2019ajustement et le fonctionnement.\",\"breadcrumb\":{\"@id\":\"https:\\\/\\\/vanmoofista.com\\\/fr\\\/produit\\\/batterie-interne-de-cartridge-vanmoof-s3-x3\\\/#breadcrumb\"},\"inLanguage\":\"fr-FR\",\"potentialAction\":[{\"@type\":\"ReadAction\",\"target\":[\"https:\\\/\\\/vanmoofista.com\\\/fr\\\/produit\\\/batterie-interne-de-cartridge-vanmoof-s3-x3\\\/\"]}]},{\"@type\":\"ImageObject\",\"inLanguage\":\"fr-FR\",\"@id\":\"https:\\\/\\\/vanmoofista.com\\\/fr\\\/produit\\\/batterie-interne-de-cartridge-vanmoof-s3-x3\\\/#primaryimage\",\"url\":\"https:\\\/\\\/vanmoofista.com\\\/wp-content\\\/uploads\\\/2026\\\/05\\\/IMG_20260430_170712180-scaled.jpg\",\"contentUrl\":\"https:\\\/\\\/vanmoofista.com\\\/wp-content\\\/uploads\\\/2026\\\/05\\\/IMG_20260430_170712180-scaled.jpg\",\"width\":2560,\"height\":1441,\"caption\":\"Batterie interne de cartridge VanMoof S3 X3 remplacement compatible\"},{\"@type\":\"BreadcrumbList\",\"@id\":\"https:\\\/\\\/vanmoofista.com\\\/fr\\\/produit\\\/batterie-interne-de-cartridge-vanmoof-s3-x3\\\/#breadcrumb\",\"itemListElement\":[{\"@type\":\"ListItem\",\"position\":1,\"name\":\"Home\",\"item\":\"https:\\\/\\\/vanmoofista.com\\\/fr\\\/\"},{\"@type\":\"ListItem\",\"position\":2,\"name\":\"shop archive\",\"item\":\"https:\\\/\\\/vanmoofista.com\\\/?page_id=973\"},{\"@type\":\"ListItem\",\"position\":3,\"name\":\"Batterie interne de cartridge VanMoof S3\\\/X3\"}]},{\"@type\":\"WebSite\",\"@id\":\"https:\\\/\\\/vanmoofista.com\\\/fr\\\/#website\",\"url\":\"https:\\\/\\\/vanmoofista.com\\\/fr\\\/\",\"name\":\"Vanmoofista\",\"description\":\"\",\"publisher\":{\"@id\":\"https:\\\/\\\/vanmoofista.com\\\/fr\\\/#organization\"},\"potentialAction\":[{\"@type\":\"SearchAction\",\"target\":{\"@type\":\"EntryPoint\",\"urlTemplate\":\"https:\\\/\\\/vanmoofista.com\\\/fr\\\/?s={search_term_string}\"},\"query-input\":{\"@type\":\"PropertyValueSpecification\",\"valueRequired\":true,\"valueName\":\"search_term_string\"}}],\"inLanguage\":\"fr-FR\"},{\"@type\":\"Organization\",\"@id\":\"https:\\\/\\\/vanmoofista.com\\\/fr\\\/#organization\",\"name\":\"Vanmoofista\",\"url\":\"https:\\\/\\\/vanmoofista.com\\\/fr\\\/\",\"logo\":{\"@type\":\"ImageObject\",\"inLanguage\":\"fr-FR\",\"@id\":\"https:\\\/\\\/vanmoofista.com\\\/fr\\\/#\\\/schema\\\/logo\\\/image\\\/\",\"url\":\"https:\\\/\\\/vanmoofista.com\\\/wp-content\\\/uploads\\\/2026\\\/05\\\/vanmoofista-v-torx-exact-white.png\",\"contentUrl\":\"https:\\\/\\\/vanmoofista.com\\\/wp-content\\\/uploads\\\/2026\\\/05\\\/vanmoofista-v-torx-exact-white.png\",\"width\":885,\"height\":835,\"caption\":\"Vanmoofista\"},\"image\":{\"@id\":\"https:\\\/\\\/vanmoofista.com\\\/fr\\\/#\\\/schema\\\/logo\\\/image\\\/\"}}]}<\/script>\n<!-- \/ Yoast SEO plugin. -->","yoast_head_json":{"title":"Batterie de cartridge VanMoof S3","description":"Batterie interne de remplacement compatible pour Smart Cartridge VanMoof S3\/X3. Non officielle VanMoof, mais test\u00e9e pour l\u2019ajustement et le fonctionnement.","robots":{"index":"index","follow":"follow","max-snippet":"max-snippet:-1","max-image-preview":"max-image-preview:large","max-video-preview":"max-video-preview:-1"},"canonical":"https:\/\/vanmoofista.com\/fr\/produit\/batterie-interne-de-cartridge-vanmoof-s3-x3\/","og_locale":"fr_FR","og_type":"article","og_title":"Batterie de cartridge VanMoof S3","og_description":"Batterie interne de remplacement compatible pour Smart Cartridge VanMoof S3\/X3. Non officielle VanMoof, mais test\u00e9e pour l\u2019ajustement et le fonctionnement.","og_url":"https:\/\/vanmoofista.com\/fr\/produit\/batterie-interne-de-cartridge-vanmoof-s3-x3\/","og_image":[{"width":2560,"height":1441,"url":"https:\/\/vanmoofista.com\/wp-content\/uploads\/2026\/05\/IMG_20260430_170712180-scaled.jpg","type":"image\/jpeg"}],"twitter_card":"summary_large_image","twitter_misc":{"Dur\u00e9e de lecture estim\u00e9e":"1 minute"},"schema":{"@context":"https:\/\/schema.org","@graph":[{"@type":"WebPage","@id":"https:\/\/vanmoofista.com\/fr\/produit\/batterie-interne-de-cartridge-vanmoof-s3-x3\/","url":"https:\/\/vanmoofista.com\/fr\/produit\/batterie-interne-de-cartridge-vanmoof-s3-x3\/","name":"Batterie de cartridge VanMoof S3","isPartOf":{"@id":"https:\/\/vanmoofista.com\/fr\/#website"},"primaryImageOfPage":{"@id":"https:\/\/vanmoofista.com\/fr\/produit\/batterie-interne-de-cartridge-vanmoof-s3-x3\/#primaryimage"},"image":{"@id":"https:\/\/vanmoofista.com\/fr\/produit\/batterie-interne-de-cartridge-vanmoof-s3-x3\/#primaryimage"},"thumbnailUrl":"https:\/\/vanmoofista.com\/wp-content\/uploads\/2026\/05\/IMG_20260430_170712180-scaled.jpg","datePublished":"2026-05-02T15:06:03+00:00","description":"Batterie interne de remplacement compatible pour Smart Cartridge VanMoof S3\/X3. Non officielle VanMoof, mais test\u00e9e pour l\u2019ajustement et le fonctionnement.","breadcrumb":{"@id":"https:\/\/vanmoofista.com\/fr\/produit\/batterie-interne-de-cartridge-vanmoof-s3-x3\/#breadcrumb"},"inLanguage":"fr-FR","potentialAction":[{"@type":"ReadAction","target":["https:\/\/vanmoofista.com\/fr\/produit\/batterie-interne-de-cartridge-vanmoof-s3-x3\/"]}]},{"@type":"ImageObject","inLanguage":"fr-FR","@id":"https:\/\/vanmoofista.com\/fr\/produit\/batterie-interne-de-cartridge-vanmoof-s3-x3\/#primaryimage","url":"https:\/\/vanmoofista.com\/wp-content\/uploads\/2026\/05\/IMG_20260430_170712180-scaled.jpg","contentUrl":"https:\/\/vanmoofista.com\/wp-content\/uploads\/2026\/05\/IMG_20260430_170712180-scaled.jpg","width":2560,"height":1441,"caption":"Batterie interne de cartridge VanMoof S3 X3 remplacement compatible"},{"@type":"BreadcrumbList","@id":"https:\/\/vanmoofista.com\/fr\/produit\/batterie-interne-de-cartridge-vanmoof-s3-x3\/#breadcrumb","itemListElement":[{"@type":"ListItem","position":1,"name":"Home","item":"https:\/\/vanmoofista.com\/fr\/"},{"@type":"ListItem","position":2,"name":"shop archive","item":"https:\/\/vanmoofista.com\/?page_id=973"},{"@type":"ListItem","position":3,"name":"Batterie interne de cartridge VanMoof S3\/X3"}]},{"@type":"WebSite","@id":"https:\/\/vanmoofista.com\/fr\/#website","url":"https:\/\/vanmoofista.com\/fr\/","name":"Vanmoofista","description":"","publisher":{"@id":"https:\/\/vanmoofista.com\/fr\/#organization"},"potentialAction":[{"@type":"SearchAction","target":{"@type":"EntryPoint","urlTemplate":"https:\/\/vanmoofista.com\/fr\/?s={search_term_string}"},"query-input":{"@type":"PropertyValueSpecification","valueRequired":true,"valueName":"search_term_string"}}],"inLanguage":"fr-FR"},{"@type":"Organization","@id":"https:\/\/vanmoofista.com\/fr\/#organization","name":"Vanmoofista","url":"https:\/\/vanmoofista.com\/fr\/","logo":{"@type":"ImageObject","inLanguage":"fr-FR","@id":"https:\/\/vanmoofista.com\/fr\/#\/schema\/logo\/image\/","url":"https:\/\/vanmoofista.com\/wp-content\/uploads\/2026\/05\/vanmoofista-v-torx-exact-white.png","contentUrl":"https:\/\/vanmoofista.com\/wp-content\/uploads\/2026\/05\/vanmoofista-v-torx-exact-white.png","width":885,"height":835,"caption":"Vanmoofista"},"image":{"@id":"https:\/\/vanmoofista.com\/fr\/#\/schema\/logo\/image\/"}}]}},"uagb_featured_image_src":{"full":["https:\/\/vanmoofista.com\/wp-content\/uploads\/2026\/05\/IMG_20260430_170712180-scaled.jpg",2560,1441,false],"thumbnail":["https:\/\/vanmoofista.com\/wp-content\/uploads\/2026\/05\/IMG_20260430_170712180-150x150.jpg",150,150,true],"medium":["https:\/\/vanmoofista.com\/wp-content\/uploads\/2026\/05\/IMG_20260430_170712180-300x169.jpg",300,169,true],"medium_large":["https:\/\/vanmoofista.com\/wp-content\/uploads\/2026\/05\/IMG_20260430_170712180-768x432.jpg",768,432,true],"large":["https:\/\/vanmoofista.com\/wp-content\/uploads\/2026\/05\/IMG_20260430_170712180-1024x576.jpg",1024,576,true],"1536x1536":["https:\/\/vanmoofista.com\/wp-content\/uploads\/2026\/05\/IMG_20260430_170712180-1536x864.jpg",1536,864,true],"2048x2048":["https:\/\/vanmoofista.com\/wp-content\/uploads\/2026\/05\/IMG_20260430_170712180-2048x1153.jpg",2048,1153,true],"woocommerce_thumbnail":["https:\/\/vanmoofista.com\/wp-content\/uploads\/2026\/05\/IMG_20260430_170712180-300x300.jpg",300,300,true],"woocommerce_single":["https:\/\/vanmoofista.com\/wp-content\/uploads\/2026\/05\/IMG_20260430_170712180-600x338.jpg",600,338,true],"woocommerce_gallery_thumbnail":["https:\/\/vanmoofista.com\/wp-content\/uploads\/2026\/05\/IMG_20260430_170712180-100x100.jpg",100,100,true]},"uagb_author_info":{"display_name":"elisalon","author_link":"https:\/\/vanmoofista.com\/fr\/author\/"},"uagb_comment_info":0,"uagb_excerpt":"Batterie interne de remplacement compatible pour la Smart Cartridge VanMoof S3\/X3. Non officielle VanMoof, mais test\u00e9e pour l\u2019ajustement et le bon fonctionnement.","_links":{"self":[{"href":"https:\/\/vanmoofista.com\/fr\/wp-json\/wp\/v2\/product\/1422","targetHints":{"allow":["GET"]}}],"collection":[{"href":"https:\/\/vanmoofista.com\/fr\/wp-json\/wp\/v2\/product"}],"about":[{"href":"https:\/\/vanmoofista.com\/fr\/wp-json\/wp\/v2\/types\/product"}],"wp:featuredmedia":[{"embeddable":true,"href":"https:\/\/vanmoofista.com\/fr\/wp-json\/wp\/v2\/media\/1423"}],"wp:attachment":[{"href":"https:\/\/vanmoofista.com\/fr\/wp-json\/wp\/v2\/media?parent=1422"}],"wp:term":[{"taxonomy":"product_brand","embeddable":true,"href":"https:\/\/vanmoofista.com\/fr\/wp-json\/wp\/v2\/product_brand?post=1422"},{"taxonomy":"product_cat","embeddable":true,"href":"https:\/\/vanmoofista.com\/fr\/wp-json\/wp\/v2\/product_cat?post=1422"},{"taxonomy":"product_tag","embeddable":true,"href":"https:\/\/vanmoofista.com\/fr\/wp-json\/wp\/v2\/product_tag?post=1422"}],"curies":[{"name":"wp","href":"https:\/\/api.w.org\/{rel}","templated":true}]}}