{"id":1486,"date":"2026-05-02T16:04:24","date_gmt":"2026-05-02T15:04:24","guid":{"rendered":"https:\/\/vanmoofista.com\/product\/plaquettes-de-frein-a-disque-elvedes-pour-vanmoof-s1-s2-x2-s3-x3\/"},"modified":"2026-05-02T16:04:24","modified_gmt":"2026-05-02T15:04:24","slug":"plaquettes-de-frein-a-disque-elvedes-pour-vanmoof-s1-s2-x2-s3-x3","status":"publish","type":"product","link":"https:\/\/vanmoofista.com\/fr\/produit\/plaquettes-de-frein-a-disque-elvedes-pour-vanmoof-s1-s2-x2-s3-x3\/","title":{"rendered":"Plaquettes de frein \u00e0 disque Elvedes pour VanMoof S1, S2, X2, S3, X3"},"content":{"rendered":"<p>Plaquettes de frein \u00e0 disque de remplacement Elvedes pour v\u00e9los VanMoof avec l\u2019\u00e9trier de frein VanMoof d\u2019origine.<\/p>\n<p>Ces plaquettes de frein conviennent aux mod\u00e8les VanMoof S1, S2, X2, S3 et X3, \u00e0 condition que le v\u00e9lo soit toujours \u00e9quip\u00e9 de l\u2019\u00e9trier d\u2019origine. Ce ne sont pas des pi\u00e8ces VanMoof d\u2019origine, mais des plaquettes de remplacement compatibles avec le syst\u00e8me de freinage d\u2019origine. <\/p>\n<p>Utilisez ces plaquettes lorsque les plaquettes d\u2019origine sont us\u00e9es, bruyantes, contamin\u00e9es ou ne freinent plus correctement. Le compos\u00e9 convient \u00e0 une utilisation quotidienne normale, en ville, pour les trajets domicile-travail et une utilisation r\u00e9guli\u00e8re par temps humide. <\/p>\n<p>Convient pour :<br \/>\nVanMoof S1<br \/>\nVanMoof S2<br \/>\nVanMoof X2<br \/>\nVanMoof S3<br \/>\nVanMoof X3<\/p>\n<p>Note importante de compatibilit\u00e9 :<br \/>\nCes plaquettes sont uniquement destin\u00e9es aux v\u00e9los \u00e9quip\u00e9s de l\u2019\u00e9trier de frein VanMoof d\u2019origine. Si votre v\u00e9lo a \u00e9t\u00e9 modifi\u00e9 avec un autre \u00e9trier de frein, v\u00e9rifiez la compatibilit\u00e9 avant de commander. <\/p>\n<p>Vendues en un set pour un \u00e9trier de frein.<\/p>\n<p>Pour un v\u00e9lo complet, commandez deux sets : un set pour le frein avant et un set pour le frein arri\u00e8re.<\/p>\n<p>Note d\u2019installation :<br \/>\nLes plaquettes de frein doivent \u00eatre install\u00e9es correctement et rester exemptes d\u2019huile, de graisse, de liquide de frein et de lubrifiant de cha\u00eene. Des plaquettes contamin\u00e9es peuvent perdre de la puissance de freinage et devront peut-\u00eatre \u00eatre remplac\u00e9es. <\/p>\n<p>Apr\u00e8s l\u2019installation, rodez les nouvelles plaquettes de frein avant une utilisation normale. Freinez doucement plusieurs fois jusqu\u2019\u00e0 ce que la puissance de freinage se stabilise. <\/p>\n<p>Pour les pi\u00e8ces associ\u00e9es, consultez notre page <a href=\"https:\/\/vanmoofista.com\/fr\/pieces\/\">pi\u00e8ces VanMoof<\/a>. Pour l&rsquo;aide \u00e0 la r\u00e9paration, consultez notre <a href=\"https:\/\/vanmoofista.com\/fr\/reparations\/\">service de r\u00e9paration VanMoof<\/a>. <\/p>\n","protected":false},"excerpt":{"rendered":"<p>Plaquettes de frein \u00e0 disque Elvedes compatibles pour v\u00e9los VanMoof S1, S2, X2, S3 et X3 avec l\u2019\u00e9trier VanMoof d\u2019origine. Vendues en un set pour un \u00e9trier. <\/p>\n","protected":false},"featured_media":738,"template":"","meta":{"_uag_custom_page_level_css":"","site-sidebar-layout":"default","site-content-layout":"","ast-site-content-layout":"default","site-content-style":"default","site-sidebar-style":"default","ast-global-header-display":"","ast-banner-title-visibility":"","ast-main-header-display":"","ast-hfb-above-header-display":"","ast-hfb-below-header-display":"","ast-hfb-mobile-header-display":"","site-post-title":"","ast-breadcrumbs-content":"","ast-featured-img":"","footer-sml-layout":"","ast-disable-related-posts":"","theme-transparent-header-meta":"default","adv-header-id-meta":"","stick-header-meta":"","header-above-stick-meta":"","header-main-stick-meta":"","header-below-stick-meta":"","astra-migrate-meta-layouts":"default","ast-page-background-enabled":"default","ast-page-background-meta":{"desktop":{"background-color":"var(--ast-global-color-5)","background-image":"","background-repeat":"repeat","background-position":"center center","background-size":"auto","background-attachment":"scroll","background-type":"","background-media":"","overlay-type":"","overlay-color":"","overlay-opacity":"","overlay-gradient":""},"tablet":{"background-color":"","background-image":"","background-repeat":"repeat","background-position":"center center","background-size":"auto","background-attachment":"scroll","background-type":"","background-media":"","overlay-type":"","overlay-color":"","overlay-opacity":"","overlay-gradient":""},"mobile":{"background-color":"","background-image":"","background-repeat":"repeat","background-position":"center center","background-size":"auto","background-attachment":"scroll","background-type":"","background-media":"","overlay-type":"","overlay-color":"","overlay-opacity":"","overlay-gradient":""}},"ast-content-background-meta":{"desktop":{"background-color":"var(--ast-global-color-4)","background-image":"","background-repeat":"repeat","background-position":"center center","background-size":"auto","background-attachment":"scroll","background-type":"","background-media":"","overlay-type":"","overlay-color":"","overlay-opacity":"","overlay-gradient":""},"tablet":{"background-color":"var(--ast-global-color-4)","background-image":"","background-repeat":"repeat","background-position":"center center","background-size":"auto","background-attachment":"scroll","background-type":"","background-media":"","overlay-type":"","overlay-color":"","overlay-opacity":"","overlay-gradient":""},"mobile":{"background-color":"var(--ast-global-color-4)","background-image":"","background-repeat":"repeat","background-position":"center center","background-size":"auto","background-attachment":"scroll","background-type":"","background-media":"","overlay-type":"","overlay-color":"","overlay-opacity":"","overlay-gradient":""}}},"product_brand":[],"product_cat":[211,158,157],"product_tag":[161,219,218,212,213,214,216,215,217],"class_list":{"0":"post-1486","1":"product","2":"type-product","3":"status-publish","4":"has-post-thumbnail","6":"product_cat-s1","7":"product_cat-s2-x2","8":"product_cat-s3-x3","9":"product_tag-pieces-vanmoof","10":"product_tag-plaquettes-de-frein-a-disque","11":"product_tag-plaquettes-de-frein-elvedes","12":"product_tag-plaquettes-de-frein-vanmoof","13":"product_tag-plaquettes-de-frein-vanmoof-s1","14":"product_tag-plaquettes-de-frein-vanmoof-s2","15":"product_tag-plaquettes-de-frein-vanmoof-s3","16":"product_tag-plaquettes-de-frein-vanmoof-x2","17":"product_tag-plaquettes-de-frein-vanmoof-x3","18":"desktop-align-left","19":"tablet-align-left","20":"mobile-align-left","22":"first","23":"instock","24":"taxable","25":"shipping-taxable","26":"purchasable","27":"product-type-simple"},"yoast_head":"<!-- This site is optimized with the Yoast SEO plugin v27.6 - https:\/\/yoast.com\/product\/yoast-seo-wordpress\/ -->\n<title>Plaquettes de frein VanMoof \u2013 plaquettes de frein \u00e0 disque Elvedes S3\/X3<\/title>\n<meta name=\"description\" content=\"Plaquettes de frein VanMoof pour v\u00e9los S3\/X3. Plaquettes de frein \u00e0 disque Elvedes compatibles pour remplacer des plaquettes us\u00e9es. Vendues en un set pour un \u00e9trier. Exp\u00e9di\u00e9 depuis la Belgique.\" \/>\n<meta name=\"robots\" content=\"index, follow, max-snippet:-1, max-image-preview:large, max-video-preview:-1\" \/>\n<link rel=\"canonical\" href=\"https:\/\/vanmoofista.com\/fr\/produit\/plaquettes-de-frein-a-disque-elvedes-pour-vanmoof-s1-s2-x2-s3-x3\/\" \/>\n<meta property=\"og:locale\" content=\"fr_FR\" \/>\n<meta property=\"og:type\" content=\"article\" \/>\n<meta property=\"og:title\" content=\"Plaquettes de frein VanMoof \u2013 plaquettes de frein \u00e0 disque Elvedes S3\/X3\" \/>\n<meta property=\"og:description\" content=\"Plaquettes de frein VanMoof pour v\u00e9los S3\/X3. Plaquettes de frein \u00e0 disque Elvedes compatibles pour remplacer des plaquettes us\u00e9es. Vendues en un set pour un \u00e9trier. Exp\u00e9di\u00e9 depuis la Belgique.\" \/>\n<meta property=\"og:url\" content=\"https:\/\/vanmoofista.com\/fr\/produit\/plaquettes-de-frein-a-disque-elvedes-pour-vanmoof-s1-s2-x2-s3-x3\/\" \/>\n<meta property=\"og:image\" content=\"https:\/\/vanmoofista.com\/wp-content\/uploads\/2026\/05\/IMG_20260430_165701020-scaled-e1777734040231.jpg\" \/>\n\t<meta property=\"og:image:width\" content=\"1441\" \/>\n\t<meta property=\"og:image:height\" content=\"2560\" \/>\n\t<meta property=\"og:image:type\" content=\"image\/jpeg\" \/>\n<meta name=\"twitter:card\" content=\"summary_large_image\" \/>\n<meta name=\"twitter:label1\" content=\"Dur\u00e9e de lecture estim\u00e9e\" \/>\n\t<meta name=\"twitter:data1\" content=\"1 minute\" \/>\n<script type=\"application\/ld+json\" class=\"yoast-schema-graph\">{\"@context\":\"https:\\\/\\\/schema.org\",\"@graph\":[{\"@type\":\"WebPage\",\"@id\":\"https:\\\/\\\/vanmoofista.com\\\/fr\\\/produit\\\/plaquettes-de-frein-a-disque-elvedes-pour-vanmoof-s1-s2-x2-s3-x3\\\/\",\"url\":\"https:\\\/\\\/vanmoofista.com\\\/fr\\\/produit\\\/plaquettes-de-frein-a-disque-elvedes-pour-vanmoof-s1-s2-x2-s3-x3\\\/\",\"name\":\"Plaquettes de frein VanMoof \u2013 plaquettes de frein \u00e0 disque Elvedes S3\\\/X3\",\"isPartOf\":{\"@id\":\"https:\\\/\\\/vanmoofista.com\\\/fr\\\/#website\"},\"primaryImageOfPage\":{\"@id\":\"https:\\\/\\\/vanmoofista.com\\\/fr\\\/produit\\\/plaquettes-de-frein-a-disque-elvedes-pour-vanmoof-s1-s2-x2-s3-x3\\\/#primaryimage\"},\"image\":{\"@id\":\"https:\\\/\\\/vanmoofista.com\\\/fr\\\/produit\\\/plaquettes-de-frein-a-disque-elvedes-pour-vanmoof-s1-s2-x2-s3-x3\\\/#primaryimage\"},\"thumbnailUrl\":\"https:\\\/\\\/vanmoofista.com\\\/wp-content\\\/uploads\\\/2026\\\/05\\\/IMG_20260430_165701020-scaled-e1777734040231.jpg\",\"datePublished\":\"2026-05-02T15:04:24+00:00\",\"description\":\"Plaquettes de frein VanMoof pour v\u00e9los S3\\\/X3. Plaquettes de frein \u00e0 disque Elvedes compatibles pour remplacer des plaquettes us\u00e9es. Vendues en un set pour un \u00e9trier. Exp\u00e9di\u00e9 depuis la Belgique.\",\"breadcrumb\":{\"@id\":\"https:\\\/\\\/vanmoofista.com\\\/fr\\\/produit\\\/plaquettes-de-frein-a-disque-elvedes-pour-vanmoof-s1-s2-x2-s3-x3\\\/#breadcrumb\"},\"inLanguage\":\"fr-FR\",\"potentialAction\":[{\"@type\":\"ReadAction\",\"target\":[\"https:\\\/\\\/vanmoofista.com\\\/fr\\\/produit\\\/plaquettes-de-frein-a-disque-elvedes-pour-vanmoof-s1-s2-x2-s3-x3\\\/\"]}]},{\"@type\":\"ImageObject\",\"inLanguage\":\"fr-FR\",\"@id\":\"https:\\\/\\\/vanmoofista.com\\\/fr\\\/produit\\\/plaquettes-de-frein-a-disque-elvedes-pour-vanmoof-s1-s2-x2-s3-x3\\\/#primaryimage\",\"url\":\"https:\\\/\\\/vanmoofista.com\\\/wp-content\\\/uploads\\\/2026\\\/05\\\/IMG_20260430_165701020-scaled-e1777734040231.jpg\",\"contentUrl\":\"https:\\\/\\\/vanmoofista.com\\\/wp-content\\\/uploads\\\/2026\\\/05\\\/IMG_20260430_165701020-scaled-e1777734040231.jpg\",\"width\":1441,\"height\":2560,\"caption\":\"VanMoof brake pads Elvedes disc brake pads for S1 S2 X2 S3 X3\"},{\"@type\":\"BreadcrumbList\",\"@id\":\"https:\\\/\\\/vanmoofista.com\\\/fr\\\/produit\\\/plaquettes-de-frein-a-disque-elvedes-pour-vanmoof-s1-s2-x2-s3-x3\\\/#breadcrumb\",\"itemListElement\":[{\"@type\":\"ListItem\",\"position\":1,\"name\":\"Home\",\"item\":\"https:\\\/\\\/vanmoofista.com\\\/fr\\\/\"},{\"@type\":\"ListItem\",\"position\":2,\"name\":\"shop archive\",\"item\":\"https:\\\/\\\/vanmoofista.com\\\/?page_id=973\"},{\"@type\":\"ListItem\",\"position\":3,\"name\":\"Plaquettes de frein \u00e0 disque Elvedes pour VanMoof S1, S2, X2, S3, X3\"}]},{\"@type\":\"WebSite\",\"@id\":\"https:\\\/\\\/vanmoofista.com\\\/fr\\\/#website\",\"url\":\"https:\\\/\\\/vanmoofista.com\\\/fr\\\/\",\"name\":\"Vanmoofista\",\"description\":\"\",\"publisher\":{\"@id\":\"https:\\\/\\\/vanmoofista.com\\\/fr\\\/#organization\"},\"potentialAction\":[{\"@type\":\"SearchAction\",\"target\":{\"@type\":\"EntryPoint\",\"urlTemplate\":\"https:\\\/\\\/vanmoofista.com\\\/fr\\\/?s={search_term_string}\"},\"query-input\":{\"@type\":\"PropertyValueSpecification\",\"valueRequired\":true,\"valueName\":\"search_term_string\"}}],\"inLanguage\":\"fr-FR\"},{\"@type\":\"Organization\",\"@id\":\"https:\\\/\\\/vanmoofista.com\\\/fr\\\/#organization\",\"name\":\"Vanmoofista\",\"url\":\"https:\\\/\\\/vanmoofista.com\\\/fr\\\/\",\"logo\":{\"@type\":\"ImageObject\",\"inLanguage\":\"fr-FR\",\"@id\":\"https:\\\/\\\/vanmoofista.com\\\/fr\\\/#\\\/schema\\\/logo\\\/image\\\/\",\"url\":\"https:\\\/\\\/vanmoofista.com\\\/wp-content\\\/uploads\\\/2026\\\/05\\\/vanmoofista-v-torx-exact-white.png\",\"contentUrl\":\"https:\\\/\\\/vanmoofista.com\\\/wp-content\\\/uploads\\\/2026\\\/05\\\/vanmoofista-v-torx-exact-white.png\",\"width\":885,\"height\":835,\"caption\":\"Vanmoofista\"},\"image\":{\"@id\":\"https:\\\/\\\/vanmoofista.com\\\/fr\\\/#\\\/schema\\\/logo\\\/image\\\/\"}}]}<\/script>\n<!-- \/ Yoast SEO plugin. -->","yoast_head_json":{"title":"Plaquettes de frein VanMoof \u2013 plaquettes de frein \u00e0 disque Elvedes S3\/X3","description":"Plaquettes de frein VanMoof pour v\u00e9los S3\/X3. Plaquettes de frein \u00e0 disque Elvedes compatibles pour remplacer des plaquettes us\u00e9es. Vendues en un set pour un \u00e9trier. Exp\u00e9di\u00e9 depuis la Belgique.","robots":{"index":"index","follow":"follow","max-snippet":"max-snippet:-1","max-image-preview":"max-image-preview:large","max-video-preview":"max-video-preview:-1"},"canonical":"https:\/\/vanmoofista.com\/fr\/produit\/plaquettes-de-frein-a-disque-elvedes-pour-vanmoof-s1-s2-x2-s3-x3\/","og_locale":"fr_FR","og_type":"article","og_title":"Plaquettes de frein VanMoof \u2013 plaquettes de frein \u00e0 disque Elvedes S3\/X3","og_description":"Plaquettes de frein VanMoof pour v\u00e9los S3\/X3. Plaquettes de frein \u00e0 disque Elvedes compatibles pour remplacer des plaquettes us\u00e9es. Vendues en un set pour un \u00e9trier. Exp\u00e9di\u00e9 depuis la Belgique.","og_url":"https:\/\/vanmoofista.com\/fr\/produit\/plaquettes-de-frein-a-disque-elvedes-pour-vanmoof-s1-s2-x2-s3-x3\/","og_image":[{"width":1441,"height":2560,"url":"https:\/\/vanmoofista.com\/wp-content\/uploads\/2026\/05\/IMG_20260430_165701020-scaled-e1777734040231.jpg","type":"image\/jpeg"}],"twitter_card":"summary_large_image","twitter_misc":{"Dur\u00e9e de lecture estim\u00e9e":"1 minute"},"schema":{"@context":"https:\/\/schema.org","@graph":[{"@type":"WebPage","@id":"https:\/\/vanmoofista.com\/fr\/produit\/plaquettes-de-frein-a-disque-elvedes-pour-vanmoof-s1-s2-x2-s3-x3\/","url":"https:\/\/vanmoofista.com\/fr\/produit\/plaquettes-de-frein-a-disque-elvedes-pour-vanmoof-s1-s2-x2-s3-x3\/","name":"Plaquettes de frein VanMoof \u2013 plaquettes de frein \u00e0 disque Elvedes S3\/X3","isPartOf":{"@id":"https:\/\/vanmoofista.com\/fr\/#website"},"primaryImageOfPage":{"@id":"https:\/\/vanmoofista.com\/fr\/produit\/plaquettes-de-frein-a-disque-elvedes-pour-vanmoof-s1-s2-x2-s3-x3\/#primaryimage"},"image":{"@id":"https:\/\/vanmoofista.com\/fr\/produit\/plaquettes-de-frein-a-disque-elvedes-pour-vanmoof-s1-s2-x2-s3-x3\/#primaryimage"},"thumbnailUrl":"https:\/\/vanmoofista.com\/wp-content\/uploads\/2026\/05\/IMG_20260430_165701020-scaled-e1777734040231.jpg","datePublished":"2026-05-02T15:04:24+00:00","description":"Plaquettes de frein VanMoof pour v\u00e9los S3\/X3. Plaquettes de frein \u00e0 disque Elvedes compatibles pour remplacer des plaquettes us\u00e9es. Vendues en un set pour un \u00e9trier. Exp\u00e9di\u00e9 depuis la Belgique.","breadcrumb":{"@id":"https:\/\/vanmoofista.com\/fr\/produit\/plaquettes-de-frein-a-disque-elvedes-pour-vanmoof-s1-s2-x2-s3-x3\/#breadcrumb"},"inLanguage":"fr-FR","potentialAction":[{"@type":"ReadAction","target":["https:\/\/vanmoofista.com\/fr\/produit\/plaquettes-de-frein-a-disque-elvedes-pour-vanmoof-s1-s2-x2-s3-x3\/"]}]},{"@type":"ImageObject","inLanguage":"fr-FR","@id":"https:\/\/vanmoofista.com\/fr\/produit\/plaquettes-de-frein-a-disque-elvedes-pour-vanmoof-s1-s2-x2-s3-x3\/#primaryimage","url":"https:\/\/vanmoofista.com\/wp-content\/uploads\/2026\/05\/IMG_20260430_165701020-scaled-e1777734040231.jpg","contentUrl":"https:\/\/vanmoofista.com\/wp-content\/uploads\/2026\/05\/IMG_20260430_165701020-scaled-e1777734040231.jpg","width":1441,"height":2560,"caption":"VanMoof brake pads Elvedes disc brake pads for S1 S2 X2 S3 X3"},{"@type":"BreadcrumbList","@id":"https:\/\/vanmoofista.com\/fr\/produit\/plaquettes-de-frein-a-disque-elvedes-pour-vanmoof-s1-s2-x2-s3-x3\/#breadcrumb","itemListElement":[{"@type":"ListItem","position":1,"name":"Home","item":"https:\/\/vanmoofista.com\/fr\/"},{"@type":"ListItem","position":2,"name":"shop archive","item":"https:\/\/vanmoofista.com\/?page_id=973"},{"@type":"ListItem","position":3,"name":"Plaquettes de frein \u00e0 disque Elvedes pour VanMoof S1, S2, X2, S3, X3"}]},{"@type":"WebSite","@id":"https:\/\/vanmoofista.com\/fr\/#website","url":"https:\/\/vanmoofista.com\/fr\/","name":"Vanmoofista","description":"","publisher":{"@id":"https:\/\/vanmoofista.com\/fr\/#organization"},"potentialAction":[{"@type":"SearchAction","target":{"@type":"EntryPoint","urlTemplate":"https:\/\/vanmoofista.com\/fr\/?s={search_term_string}"},"query-input":{"@type":"PropertyValueSpecification","valueRequired":true,"valueName":"search_term_string"}}],"inLanguage":"fr-FR"},{"@type":"Organization","@id":"https:\/\/vanmoofista.com\/fr\/#organization","name":"Vanmoofista","url":"https:\/\/vanmoofista.com\/fr\/","logo":{"@type":"ImageObject","inLanguage":"fr-FR","@id":"https:\/\/vanmoofista.com\/fr\/#\/schema\/logo\/image\/","url":"https:\/\/vanmoofista.com\/wp-content\/uploads\/2026\/05\/vanmoofista-v-torx-exact-white.png","contentUrl":"https:\/\/vanmoofista.com\/wp-content\/uploads\/2026\/05\/vanmoofista-v-torx-exact-white.png","width":885,"height":835,"caption":"Vanmoofista"},"image":{"@id":"https:\/\/vanmoofista.com\/fr\/#\/schema\/logo\/image\/"}}]}},"uagb_featured_image_src":{"full":["https:\/\/vanmoofista.com\/wp-content\/uploads\/2026\/05\/IMG_20260430_165701020-scaled-e1777734040231.jpg",1441,2560,false],"thumbnail":["https:\/\/vanmoofista.com\/wp-content\/uploads\/2026\/05\/IMG_20260430_165701020-scaled-e1777734040231-150x150.jpg",150,150,true],"medium":["https:\/\/vanmoofista.com\/wp-content\/uploads\/2026\/05\/IMG_20260430_165701020-scaled-e1777734040231-169x300.jpg",169,300,true],"medium_large":["https:\/\/vanmoofista.com\/wp-content\/uploads\/2026\/05\/IMG_20260430_165701020-scaled-e1777734040231-768x1364.jpg",768,1364,true],"large":["https:\/\/vanmoofista.com\/wp-content\/uploads\/2026\/05\/IMG_20260430_165701020-scaled-e1777734040231-576x1024.jpg",576,1024,true],"1536x1536":["https:\/\/vanmoofista.com\/wp-content\/uploads\/2026\/05\/IMG_20260430_165701020-scaled-e1777734040231-865x1536.jpg",865,1536,true],"2048x2048":["https:\/\/vanmoofista.com\/wp-content\/uploads\/2026\/05\/IMG_20260430_165701020-scaled-e1777734040231-1153x2048.jpg",1153,2048,true],"woocommerce_thumbnail":["https:\/\/vanmoofista.com\/wp-content\/uploads\/2026\/05\/IMG_20260430_165701020-scaled-e1777734040231-300x300.jpg",300,300,true],"woocommerce_single":["https:\/\/vanmoofista.com\/wp-content\/uploads\/2026\/05\/IMG_20260430_165701020-scaled-e1777734040231-600x1066.jpg",600,1066,true],"woocommerce_gallery_thumbnail":["https:\/\/vanmoofista.com\/wp-content\/uploads\/2026\/05\/IMG_20260430_165701020-scaled-e1777734040231-100x100.jpg",100,100,true]},"uagb_author_info":{"display_name":"elisalon","author_link":"https:\/\/vanmoofista.com\/fr\/author\/"},"uagb_comment_info":0,"uagb_excerpt":"Plaquettes de frein \u00e0 disque Elvedes compatibles pour v\u00e9los VanMoof S1, S2, X2, S3 et X3 avec l\u2019\u00e9trier VanMoof d\u2019origine. Vendues en un set pour un \u00e9trier.","_links":{"self":[{"href":"https:\/\/vanmoofista.com\/fr\/wp-json\/wp\/v2\/product\/1486","targetHints":{"allow":["GET"]}}],"collection":[{"href":"https:\/\/vanmoofista.com\/fr\/wp-json\/wp\/v2\/product"}],"about":[{"href":"https:\/\/vanmoofista.com\/fr\/wp-json\/wp\/v2\/types\/product"}],"wp:featuredmedia":[{"embeddable":true,"href":"https:\/\/vanmoofista.com\/fr\/wp-json\/wp\/v2\/media\/738"}],"wp:attachment":[{"href":"https:\/\/vanmoofista.com\/fr\/wp-json\/wp\/v2\/media?parent=1486"}],"wp:term":[{"taxonomy":"product_brand","embeddable":true,"href":"https:\/\/vanmoofista.com\/fr\/wp-json\/wp\/v2\/product_brand?post=1486"},{"taxonomy":"product_cat","embeddable":true,"href":"https:\/\/vanmoofista.com\/fr\/wp-json\/wp\/v2\/product_cat?post=1486"},{"taxonomy":"product_tag","embeddable":true,"href":"https:\/\/vanmoofista.com\/fr\/wp-json\/wp\/v2\/product_tag?post=1486"}],"curies":[{"name":"wp","href":"https:\/\/api.w.org\/{rel}","templated":true}]}}