{"id":1490,"date":"2026-04-27T19:55:38","date_gmt":"2026-04-27T18:55:38","guid":{"rendered":"https:\/\/vanmoofista.com\/product\/poignees-vanmoof-heritage-s1-s2-x2-m3-sans-manette-de-vitesses\/"},"modified":"2026-04-27T19:55:38","modified_gmt":"2026-04-27T18:55:38","slug":"poignees-vanmoof-heritage-s1-s2-x2-m3-sans-manette-de-vitesses","status":"publish","type":"product","link":"https:\/\/vanmoofista.com\/fr\/produit\/poignees-vanmoof-heritage-s1-s2-x2-m3-sans-manette-de-vitesses\/","title":{"rendered":"Poign\u00e9es VanMoof Heritage \u2013 S1\/S2\/X2\/M3 Sans manette de vitesses"},"content":{"rendered":"<p>Jeu de poign\u00e9es de remplacement d\u2019origine pour v\u00e9los VanMoof Heritage sans manette de vitesses manuelle.<\/p>\n<p>Ce jeu de poign\u00e9es convient aux v\u00e9los VanMoof des s\u00e9ries S1, S2, X2 et M3 sans la poign\u00e9e de manette de vitesses manuelle. Les deux poign\u00e9es sont du type standard sans manette, destin\u00e9es aux v\u00e9los dont le guidon utilise deux poign\u00e9es r\u00e9guli\u00e8res. <\/p>\n<p>Utilisez ces poign\u00e9es lorsque les poign\u00e9es d\u2019origine sont us\u00e9es, collantes, fissur\u00e9es, l\u00e2ches ou inconfortables. Elles restaurent l\u2019aspect original et \u00e9pur\u00e9 du v\u00e9lo et am\u00e9liorent le confort sur le guidon. <\/p>\n<p>Convient pour :<br \/>\nVanMoof S1<br \/>\nVanMoof S2<br \/>\nVanMoof X2<br \/>\nVanMoof s\u00e9rie M3<\/p>\n<p>Note importante de compatibilit\u00e9 :<br \/>\nCommandez cette version uniquement si votre v\u00e9lo ne poss\u00e8de pas la poign\u00e9e de manette de vitesses manuelle. <strong>Ces poign\u00e9es ne sont pas compatibles avec les mod\u00e8les VanMoof S3\/X3<\/strong>. Si votre v\u00e9lo est \u00e9quip\u00e9 d\u2019une manette de vitesses manuelle, choisissez plut\u00f4t la <a href=\"https:\/\/vanmoofista.com\/fr\/produit\/poignees-vanmoof-smart-s-x-m3-pour-derailleur-manuel\/\">version avec poign\u00e9e de manette<\/a>. <\/p>\n<p>Vendu par paire.<\/p>\n<p>Note d\u2019installation :<br \/>\nRetirez d\u00e9licatement les anciennes poign\u00e9es et nettoyez le guidon avant d\u2019installer les nouvelles poign\u00e9es. N\u2019utilisez pas d\u2019huile ou de graisse lors de l\u2019installation, car les poign\u00e9es pourraient bouger pendant que vous roulez. <\/p>\n<p>Pour les pi\u00e8ces connexes, consultez notre page de pi\u00e8ces VanMoof. Pour l\u2019aide \u00e0 la r\u00e9paration, consultez notre service de r\u00e9paration VanMoof. <\/p>\n","protected":false},"excerpt":{"rendered":"<p>Paire de poign\u00e9es de remplacement d\u2019origine pour v\u00e9los VanMoof des s\u00e9ries S1, S2, X2 et M3 sans manette de vitesses manuelle.<\/p>\n","protected":false},"featured_media":211,"template":"","meta":{"_uag_custom_page_level_css":"","site-sidebar-layout":"default","site-content-layout":"","ast-site-content-layout":"default","site-content-style":"default","site-sidebar-style":"default","ast-global-header-display":"","ast-banner-title-visibility":"","ast-main-header-display":"","ast-hfb-above-header-display":"","ast-hfb-below-header-display":"","ast-hfb-mobile-header-display":"","site-post-title":"","ast-breadcrumbs-content":"","ast-featured-img":"","footer-sml-layout":"","ast-disable-related-posts":"","theme-transparent-header-meta":"default","adv-header-id-meta":"","stick-header-meta":"","header-above-stick-meta":"","header-main-stick-meta":"","header-below-stick-meta":"","astra-migrate-meta-layouts":"default","ast-page-background-enabled":"default","ast-page-background-meta":{"desktop":{"background-color":"var(--ast-global-color-5)","background-image":"","background-repeat":"repeat","background-position":"center center","background-size":"auto","background-attachment":"scroll","background-type":"","background-media":"","overlay-type":"","overlay-color":"","overlay-opacity":"","overlay-gradient":""},"tablet":{"background-color":"","background-image":"","background-repeat":"repeat","background-position":"center center","background-size":"auto","background-attachment":"scroll","background-type":"","background-media":"","overlay-type":"","overlay-color":"","overlay-opacity":"","overlay-gradient":""},"mobile":{"background-color":"","background-image":"","background-repeat":"repeat","background-position":"center center","background-size":"auto","background-attachment":"scroll","background-type":"","background-media":"","overlay-type":"","overlay-color":"","overlay-opacity":"","overlay-gradient":""}},"ast-content-background-meta":{"desktop":{"background-color":"var(--ast-global-color-4)","background-image":"","background-repeat":"repeat","background-position":"center center","background-size":"auto","background-attachment":"scroll","background-type":"","background-media":"","overlay-type":"","overlay-color":"","overlay-opacity":"","overlay-gradient":""},"tablet":{"background-color":"var(--ast-global-color-4)","background-image":"","background-repeat":"repeat","background-position":"center center","background-size":"auto","background-attachment":"scroll","background-type":"","background-media":"","overlay-type":"","overlay-color":"","overlay-opacity":"","overlay-gradient":""},"mobile":{"background-color":"var(--ast-global-color-4)","background-image":"","background-repeat":"repeat","background-position":"center center","background-size":"auto","background-attachment":"scroll","background-type":"","background-media":"","overlay-type":"","overlay-color":"","overlay-opacity":"","overlay-gradient":""}}},"product_brand":[],"product_cat":[160,211,158,159],"product_tag":[161,231,244,229,226,241,242,243],"class_list":{"0":"post-1490","1":"product","2":"type-product","3":"status-publish","4":"has-post-thumbnail","6":"product_cat-modeles-heritage","7":"product_cat-s1","8":"product_cat-s2-x2","9":"product_cat-smart-s-x","10":"product_tag-pieces-vanmoof","11":"product_tag-poignees-de-guidon","12":"product_tag-poignees-heritage","13":"product_tag-poignees-m3","14":"product_tag-poignees-vanmoof","15":"product_tag-poignees-vanmoof-s1","16":"product_tag-poignees-vanmoof-s2","17":"product_tag-poignees-vanmoof-x2","18":"desktop-align-left","19":"tablet-align-left","20":"mobile-align-left","22":"first","23":"instock","24":"taxable","25":"shipping-taxable","26":"purchasable","27":"product-type-simple"},"yoast_head":"<!-- This site is optimized with the Yoast SEO plugin v27.6 - https:\/\/yoast.com\/product\/yoast-seo-wordpress\/ -->\n<title>Poign\u00e9es VanMoof Heritage \u2013 S1\/S2\/X2\/M3 Sans manette de vitesses<\/title>\n<meta name=\"description\" content=\"Poign\u00e9es VanMoof Heritage pour v\u00e9los des s\u00e9ries S1, S2, X2 et M3 sans manette de vitesses manuelle. Paire de poign\u00e9es de remplacement d\u2019origine. Non compatible avec les S3\/X3.\" \/>\n<meta name=\"robots\" content=\"index, follow, max-snippet:-1, max-image-preview:large, max-video-preview:-1\" \/>\n<link rel=\"canonical\" href=\"https:\/\/vanmoofista.com\/fr\/produit\/poignees-vanmoof-heritage-s1-s2-x2-m3-sans-manette-de-vitesses\/\" \/>\n<meta property=\"og:locale\" content=\"fr_FR\" \/>\n<meta property=\"og:type\" content=\"article\" \/>\n<meta property=\"og:title\" content=\"Poign\u00e9es VanMoof Heritage \u2013 S1\/S2\/X2\/M3 Sans manette de vitesses\" \/>\n<meta property=\"og:description\" content=\"Poign\u00e9es VanMoof Heritage pour v\u00e9los des s\u00e9ries S1, S2, X2 et M3 sans manette de vitesses manuelle. Paire de poign\u00e9es de remplacement d\u2019origine. Non compatible avec les S3\/X3.\" \/>\n<meta property=\"og:url\" content=\"https:\/\/vanmoofista.com\/fr\/produit\/poignees-vanmoof-heritage-s1-s2-x2-m3-sans-manette-de-vitesses\/\" \/>\n<meta property=\"og:image\" content=\"https:\/\/vanmoofista.com\/wp-content\/uploads\/2026\/04\/IMG_20251212_165555288-scaled.jpg\" \/>\n\t<meta property=\"og:image:width\" content=\"1928\" \/>\n\t<meta property=\"og:image:height\" content=\"2560\" \/>\n\t<meta property=\"og:image:type\" content=\"image\/jpeg\" \/>\n<meta name=\"twitter:card\" content=\"summary_large_image\" \/>\n<meta name=\"twitter:label1\" content=\"Dur\u00e9e de lecture estim\u00e9e\" \/>\n\t<meta name=\"twitter:data1\" content=\"1 minute\" \/>\n<script type=\"application\/ld+json\" class=\"yoast-schema-graph\">{\"@context\":\"https:\\\/\\\/schema.org\",\"@graph\":[{\"@type\":\"WebPage\",\"@id\":\"https:\\\/\\\/vanmoofista.com\\\/fr\\\/produit\\\/poignees-vanmoof-heritage-s1-s2-x2-m3-sans-manette-de-vitesses\\\/\",\"url\":\"https:\\\/\\\/vanmoofista.com\\\/fr\\\/produit\\\/poignees-vanmoof-heritage-s1-s2-x2-m3-sans-manette-de-vitesses\\\/\",\"name\":\"Poign\u00e9es VanMoof Heritage \u2013 S1\\\/S2\\\/X2\\\/M3 Sans manette de vitesses\",\"isPartOf\":{\"@id\":\"https:\\\/\\\/vanmoofista.com\\\/fr\\\/#website\"},\"primaryImageOfPage\":{\"@id\":\"https:\\\/\\\/vanmoofista.com\\\/fr\\\/produit\\\/poignees-vanmoof-heritage-s1-s2-x2-m3-sans-manette-de-vitesses\\\/#primaryimage\"},\"image\":{\"@id\":\"https:\\\/\\\/vanmoofista.com\\\/fr\\\/produit\\\/poignees-vanmoof-heritage-s1-s2-x2-m3-sans-manette-de-vitesses\\\/#primaryimage\"},\"thumbnailUrl\":\"https:\\\/\\\/vanmoofista.com\\\/wp-content\\\/uploads\\\/2026\\\/04\\\/IMG_20251212_165555288-scaled.jpg\",\"datePublished\":\"2026-04-27T18:55:38+00:00\",\"description\":\"Poign\u00e9es VanMoof Heritage pour v\u00e9los des s\u00e9ries S1, S2, X2 et M3 sans manette de vitesses manuelle. Paire de poign\u00e9es de remplacement d\u2019origine. Non compatible avec les S3\\\/X3.\",\"breadcrumb\":{\"@id\":\"https:\\\/\\\/vanmoofista.com\\\/fr\\\/produit\\\/poignees-vanmoof-heritage-s1-s2-x2-m3-sans-manette-de-vitesses\\\/#breadcrumb\"},\"inLanguage\":\"fr-FR\",\"potentialAction\":[{\"@type\":\"ReadAction\",\"target\":[\"https:\\\/\\\/vanmoofista.com\\\/fr\\\/produit\\\/poignees-vanmoof-heritage-s1-s2-x2-m3-sans-manette-de-vitesses\\\/\"]}]},{\"@type\":\"ImageObject\",\"inLanguage\":\"fr-FR\",\"@id\":\"https:\\\/\\\/vanmoofista.com\\\/fr\\\/produit\\\/poignees-vanmoof-heritage-s1-s2-x2-m3-sans-manette-de-vitesses\\\/#primaryimage\",\"url\":\"https:\\\/\\\/vanmoofista.com\\\/wp-content\\\/uploads\\\/2026\\\/04\\\/IMG_20251212_165555288-scaled.jpg\",\"contentUrl\":\"https:\\\/\\\/vanmoofista.com\\\/wp-content\\\/uploads\\\/2026\\\/04\\\/IMG_20251212_165555288-scaled.jpg\",\"width\":1928,\"height\":2560,\"caption\":\"VanMoof grips Heritage S1 S2 X2 M3 without shifter\"},{\"@type\":\"BreadcrumbList\",\"@id\":\"https:\\\/\\\/vanmoofista.com\\\/fr\\\/produit\\\/poignees-vanmoof-heritage-s1-s2-x2-m3-sans-manette-de-vitesses\\\/#breadcrumb\",\"itemListElement\":[{\"@type\":\"ListItem\",\"position\":1,\"name\":\"Home\",\"item\":\"https:\\\/\\\/vanmoofista.com\\\/fr\\\/\"},{\"@type\":\"ListItem\",\"position\":2,\"name\":\"shop archive\",\"item\":\"https:\\\/\\\/vanmoofista.com\\\/?page_id=973\"},{\"@type\":\"ListItem\",\"position\":3,\"name\":\"Poign\u00e9es VanMoof Heritage \u2013 S1\\\/S2\\\/X2\\\/M3 Sans manette de vitesses\"}]},{\"@type\":\"WebSite\",\"@id\":\"https:\\\/\\\/vanmoofista.com\\\/fr\\\/#website\",\"url\":\"https:\\\/\\\/vanmoofista.com\\\/fr\\\/\",\"name\":\"Vanmoofista\",\"description\":\"\",\"publisher\":{\"@id\":\"https:\\\/\\\/vanmoofista.com\\\/fr\\\/#organization\"},\"potentialAction\":[{\"@type\":\"SearchAction\",\"target\":{\"@type\":\"EntryPoint\",\"urlTemplate\":\"https:\\\/\\\/vanmoofista.com\\\/fr\\\/?s={search_term_string}\"},\"query-input\":{\"@type\":\"PropertyValueSpecification\",\"valueRequired\":true,\"valueName\":\"search_term_string\"}}],\"inLanguage\":\"fr-FR\"},{\"@type\":\"Organization\",\"@id\":\"https:\\\/\\\/vanmoofista.com\\\/fr\\\/#organization\",\"name\":\"Vanmoofista\",\"url\":\"https:\\\/\\\/vanmoofista.com\\\/fr\\\/\",\"logo\":{\"@type\":\"ImageObject\",\"inLanguage\":\"fr-FR\",\"@id\":\"https:\\\/\\\/vanmoofista.com\\\/fr\\\/#\\\/schema\\\/logo\\\/image\\\/\",\"url\":\"https:\\\/\\\/vanmoofista.com\\\/wp-content\\\/uploads\\\/2026\\\/05\\\/vanmoofista-v-torx-exact-white.png\",\"contentUrl\":\"https:\\\/\\\/vanmoofista.com\\\/wp-content\\\/uploads\\\/2026\\\/05\\\/vanmoofista-v-torx-exact-white.png\",\"width\":885,\"height\":835,\"caption\":\"Vanmoofista\"},\"image\":{\"@id\":\"https:\\\/\\\/vanmoofista.com\\\/fr\\\/#\\\/schema\\\/logo\\\/image\\\/\"}}]}<\/script>\n<!-- \/ Yoast SEO plugin. -->","yoast_head_json":{"title":"Poign\u00e9es VanMoof Heritage \u2013 S1\/S2\/X2\/M3 Sans manette de vitesses","description":"Poign\u00e9es VanMoof Heritage pour v\u00e9los des s\u00e9ries S1, S2, X2 et M3 sans manette de vitesses manuelle. Paire de poign\u00e9es de remplacement d\u2019origine. Non compatible avec les S3\/X3.","robots":{"index":"index","follow":"follow","max-snippet":"max-snippet:-1","max-image-preview":"max-image-preview:large","max-video-preview":"max-video-preview:-1"},"canonical":"https:\/\/vanmoofista.com\/fr\/produit\/poignees-vanmoof-heritage-s1-s2-x2-m3-sans-manette-de-vitesses\/","og_locale":"fr_FR","og_type":"article","og_title":"Poign\u00e9es VanMoof Heritage \u2013 S1\/S2\/X2\/M3 Sans manette de vitesses","og_description":"Poign\u00e9es VanMoof Heritage pour v\u00e9los des s\u00e9ries S1, S2, X2 et M3 sans manette de vitesses manuelle. Paire de poign\u00e9es de remplacement d\u2019origine. Non compatible avec les S3\/X3.","og_url":"https:\/\/vanmoofista.com\/fr\/produit\/poignees-vanmoof-heritage-s1-s2-x2-m3-sans-manette-de-vitesses\/","og_image":[{"width":1928,"height":2560,"url":"https:\/\/vanmoofista.com\/wp-content\/uploads\/2026\/04\/IMG_20251212_165555288-scaled.jpg","type":"image\/jpeg"}],"twitter_card":"summary_large_image","twitter_misc":{"Dur\u00e9e de lecture estim\u00e9e":"1 minute"},"schema":{"@context":"https:\/\/schema.org","@graph":[{"@type":"WebPage","@id":"https:\/\/vanmoofista.com\/fr\/produit\/poignees-vanmoof-heritage-s1-s2-x2-m3-sans-manette-de-vitesses\/","url":"https:\/\/vanmoofista.com\/fr\/produit\/poignees-vanmoof-heritage-s1-s2-x2-m3-sans-manette-de-vitesses\/","name":"Poign\u00e9es VanMoof Heritage \u2013 S1\/S2\/X2\/M3 Sans manette de vitesses","isPartOf":{"@id":"https:\/\/vanmoofista.com\/fr\/#website"},"primaryImageOfPage":{"@id":"https:\/\/vanmoofista.com\/fr\/produit\/poignees-vanmoof-heritage-s1-s2-x2-m3-sans-manette-de-vitesses\/#primaryimage"},"image":{"@id":"https:\/\/vanmoofista.com\/fr\/produit\/poignees-vanmoof-heritage-s1-s2-x2-m3-sans-manette-de-vitesses\/#primaryimage"},"thumbnailUrl":"https:\/\/vanmoofista.com\/wp-content\/uploads\/2026\/04\/IMG_20251212_165555288-scaled.jpg","datePublished":"2026-04-27T18:55:38+00:00","description":"Poign\u00e9es VanMoof Heritage pour v\u00e9los des s\u00e9ries S1, S2, X2 et M3 sans manette de vitesses manuelle. Paire de poign\u00e9es de remplacement d\u2019origine. Non compatible avec les S3\/X3.","breadcrumb":{"@id":"https:\/\/vanmoofista.com\/fr\/produit\/poignees-vanmoof-heritage-s1-s2-x2-m3-sans-manette-de-vitesses\/#breadcrumb"},"inLanguage":"fr-FR","potentialAction":[{"@type":"ReadAction","target":["https:\/\/vanmoofista.com\/fr\/produit\/poignees-vanmoof-heritage-s1-s2-x2-m3-sans-manette-de-vitesses\/"]}]},{"@type":"ImageObject","inLanguage":"fr-FR","@id":"https:\/\/vanmoofista.com\/fr\/produit\/poignees-vanmoof-heritage-s1-s2-x2-m3-sans-manette-de-vitesses\/#primaryimage","url":"https:\/\/vanmoofista.com\/wp-content\/uploads\/2026\/04\/IMG_20251212_165555288-scaled.jpg","contentUrl":"https:\/\/vanmoofista.com\/wp-content\/uploads\/2026\/04\/IMG_20251212_165555288-scaled.jpg","width":1928,"height":2560,"caption":"VanMoof grips Heritage S1 S2 X2 M3 without shifter"},{"@type":"BreadcrumbList","@id":"https:\/\/vanmoofista.com\/fr\/produit\/poignees-vanmoof-heritage-s1-s2-x2-m3-sans-manette-de-vitesses\/#breadcrumb","itemListElement":[{"@type":"ListItem","position":1,"name":"Home","item":"https:\/\/vanmoofista.com\/fr\/"},{"@type":"ListItem","position":2,"name":"shop archive","item":"https:\/\/vanmoofista.com\/?page_id=973"},{"@type":"ListItem","position":3,"name":"Poign\u00e9es VanMoof Heritage \u2013 S1\/S2\/X2\/M3 Sans manette de vitesses"}]},{"@type":"WebSite","@id":"https:\/\/vanmoofista.com\/fr\/#website","url":"https:\/\/vanmoofista.com\/fr\/","name":"Vanmoofista","description":"","publisher":{"@id":"https:\/\/vanmoofista.com\/fr\/#organization"},"potentialAction":[{"@type":"SearchAction","target":{"@type":"EntryPoint","urlTemplate":"https:\/\/vanmoofista.com\/fr\/?s={search_term_string}"},"query-input":{"@type":"PropertyValueSpecification","valueRequired":true,"valueName":"search_term_string"}}],"inLanguage":"fr-FR"},{"@type":"Organization","@id":"https:\/\/vanmoofista.com\/fr\/#organization","name":"Vanmoofista","url":"https:\/\/vanmoofista.com\/fr\/","logo":{"@type":"ImageObject","inLanguage":"fr-FR","@id":"https:\/\/vanmoofista.com\/fr\/#\/schema\/logo\/image\/","url":"https:\/\/vanmoofista.com\/wp-content\/uploads\/2026\/05\/vanmoofista-v-torx-exact-white.png","contentUrl":"https:\/\/vanmoofista.com\/wp-content\/uploads\/2026\/05\/vanmoofista-v-torx-exact-white.png","width":885,"height":835,"caption":"Vanmoofista"},"image":{"@id":"https:\/\/vanmoofista.com\/fr\/#\/schema\/logo\/image\/"}}]}},"uagb_featured_image_src":{"full":["https:\/\/vanmoofista.com\/wp-content\/uploads\/2026\/04\/IMG_20251212_165555288-scaled.jpg",1928,2560,false],"thumbnail":["https:\/\/vanmoofista.com\/wp-content\/uploads\/2026\/04\/IMG_20251212_165555288-150x150.jpg",150,150,true],"medium":["https:\/\/vanmoofista.com\/wp-content\/uploads\/2026\/04\/IMG_20251212_165555288-226x300.jpg",226,300,true],"medium_large":["https:\/\/vanmoofista.com\/wp-content\/uploads\/2026\/04\/IMG_20251212_165555288-768x1020.jpg",768,1020,true],"large":["https:\/\/vanmoofista.com\/wp-content\/uploads\/2026\/04\/IMG_20251212_165555288-771x1024.jpg",771,1024,true],"1536x1536":["https:\/\/vanmoofista.com\/wp-content\/uploads\/2026\/04\/IMG_20251212_165555288-1157x1536.jpg",1157,1536,true],"2048x2048":["https:\/\/vanmoofista.com\/wp-content\/uploads\/2026\/04\/IMG_20251212_165555288-1542x2048.jpg",1542,2048,true],"woocommerce_thumbnail":["https:\/\/vanmoofista.com\/wp-content\/uploads\/2026\/04\/IMG_20251212_165555288-300x300.jpg",300,300,true],"woocommerce_single":["https:\/\/vanmoofista.com\/wp-content\/uploads\/2026\/04\/IMG_20251212_165555288-600x797.jpg",600,797,true],"woocommerce_gallery_thumbnail":["https:\/\/vanmoofista.com\/wp-content\/uploads\/2026\/04\/IMG_20251212_165555288-100x100.jpg",100,100,true]},"uagb_author_info":{"display_name":"elisalon","author_link":"https:\/\/vanmoofista.com\/fr\/author\/"},"uagb_comment_info":0,"uagb_excerpt":"Paire de poign\u00e9es de remplacement d\u2019origine pour v\u00e9los VanMoof des s\u00e9ries S1, S2, X2 et M3 sans manette de vitesses manuelle.","_links":{"self":[{"href":"https:\/\/vanmoofista.com\/fr\/wp-json\/wp\/v2\/product\/1490","targetHints":{"allow":["GET"]}}],"collection":[{"href":"https:\/\/vanmoofista.com\/fr\/wp-json\/wp\/v2\/product"}],"about":[{"href":"https:\/\/vanmoofista.com\/fr\/wp-json\/wp\/v2\/types\/product"}],"wp:featuredmedia":[{"embeddable":true,"href":"https:\/\/vanmoofista.com\/fr\/wp-json\/wp\/v2\/media\/211"}],"wp:attachment":[{"href":"https:\/\/vanmoofista.com\/fr\/wp-json\/wp\/v2\/media?parent=1490"}],"wp:term":[{"taxonomy":"product_brand","embeddable":true,"href":"https:\/\/vanmoofista.com\/fr\/wp-json\/wp\/v2\/product_brand?post=1490"},{"taxonomy":"product_cat","embeddable":true,"href":"https:\/\/vanmoofista.com\/fr\/wp-json\/wp\/v2\/product_cat?post=1490"},{"taxonomy":"product_tag","embeddable":true,"href":"https:\/\/vanmoofista.com\/fr\/wp-json\/wp\/v2\/product_tag?post=1490"}],"curies":[{"name":"wp","href":"https:\/\/api.w.org\/{rel}","templated":true}]}}