{"id":1297,"date":"2026-05-07T10:09:05","date_gmt":"2026-05-07T09:09:05","guid":{"rendered":"https:\/\/vanmoofista.com\/right-to-repair\/"},"modified":"2026-05-13T09:55:36","modified_gmt":"2026-05-13T08:55:36","slug":"right-to-repair","status":"publish","type":"page","link":"https:\/\/vanmoofista.com\/nl\/right-to-repair\/","title":{"rendered":"Right to Repair"},"content":{"rendered":"\n<div class=\"wp-block-group alignfull vm-home vm-right-to-repair-page is-layout-flow wp-block-group-is-layout-flow\">\n\n  \n<style>\r\n\r\n    .vm-right-to-repair-page.vm-home {\r\n\r\n      width: 100%;\r\n\r\n      box-sizing: border-box;\r\n\r\n      padding: 25px 20px;\r\n\r\n    }\r\n\r\n    .vm-right-to-repair-page .vm-rtr-inner {\r\n\r\n      width: 100%;\r\n\r\n      max-width: 1120px;\r\n\r\n      margin-left: auto;\r\n\r\n      margin-right: auto;\r\n\r\n      box-sizing: border-box;\r\n\r\n    }\r\n\r\n    .vm-right-to-repair-page .vm-card {\r\n\r\n      width: 100%;\r\n\r\n      max-width: 1000px;\r\n\r\n      margin: 0 auto 25px auto;\r\n\r\n      box-sizing: border-box;\r\n\r\n      border: 1px solid #dddddd;\r\n\r\n      border-radius: 18px;\r\n\r\n      background: #ffffff;\r\n\r\n      padding: 35px;\r\n\r\n    }\r\n\r\n    .vm-right-to-repair-page .vm-rtr-quote {\r\n\r\n      margin: 22px auto;\r\n\r\n      padding: 22px;\r\n\r\n      border: 1px solid #e4e4e4;\r\n\r\n      border-radius: 14px;\r\n\r\n      background: #f8f8f6;\r\n\r\n      box-sizing: border-box;\r\n\r\n    }\r\n\r\n    .vm-right-to-repair-page .vm-rtr-quote p {\r\n\r\n      margin-top: 0;\r\n\r\n    }\r\n\r\n    .vm-right-to-repair-page .vm-rtr-reference-link {\r\n\r\n      display: inline-block;\r\n\r\n      margin-top: 6px;\r\n\r\n      font-weight: 600;\r\n\r\n    }\r\n\r\n    @media (max-width: 640px) {\r\n\r\n      .vm-right-to-repair-page.vm-home {\r\n\r\n        padding: 25px 20px;\r\n\r\n      }\r\n\r\n      .vm-right-to-repair-page .vm-card {\r\n\r\n        padding: 25px 22px;\r\n\r\n      }\r\n\r\n    }\r\n\r\n  <\/style>\r\n\r\n  <div class=\"vm-rtr-inner\">\r\n\r\n    <section class=\"vm-card\">\r\n\r\n      <h1 class=\"wp-block-heading has-text-align-center\">Right to Repair<\/h1>\r\n\r\n      <p class=\"has-text-align-center has-large-font-size\"><strong>Vanmoofista steunt het recht op reparatie.<\/strong><\/p>\r\n\r\n      <p>Eigenaars en onafhankelijke herstellers moeten toegang hebben tot onderdelen, reparatiekennis, diagnose en praktische oplossingen. Een fiets mag geen afval worden omdat \u00e9\u00e9n component defect is of omdat offici\u00eble ondersteuning beperkt werd.<\/p>\r\n\r\n      <p>Voor VanMoof-fietsen is herstelbaarheid belangrijk. Batterijen, cartridges, bedrading, motoren, e-shifters en elektronische componenten moeten eerst worden gediagnosticeerd voordat volledige systemen worden vervangen.<\/p>\r\n\r\n      <p>Vanmoofista past deze aanpak dagelijks toe in de werkplaats: eerst diagnosticeren, herstellen waar mogelijk, onderdelen hergebruiken waar zinvol, en alleen vervangen wat echt vervangen moet worden.<\/p>\r\n\r\n    <\/section>\r\n\r\n    <section class=\"vm-card\">\r\n\r\n      <h2 class=\"wp-block-heading has-text-align-center\">Waarom dit belangrijk is<\/h2>\r\n\r\n      <p>Soms is een herstelling meer dan een fiets repareren. Het betekent dat een klant zijn VanMoof opnieuw kan gebruiken in plaats van die naar het containerpark te brengen.<\/p>\r\n\r\n      <blockquote class=\"wp-block-quote vm-rtr-quote\">\r\n\r\n        <p>\u201cHet is veel beter voor de planeet om te herstellen dan de fiets naar het containerpark te brengen.\u201d<\/p>\r\n\r\n        <cite>Feedback van een VanMoof-reparatieklant in Belgi\u00eb<\/cite>\r\n\r\n      <\/blockquote>\r\n\r\n      <p>Daar draait Vanmoofista om: herstelbare fietsen op de weg houden, onnodig afval vermijden en oudere VanMoofs behandelen als machines die het waard zijn om te onderhouden.<\/p>\r\n\r\n    <\/section>\r\n\r\n    <section class=\"vm-card\">\r\n\r\n      <h2 class=\"wp-block-heading has-text-align-center\">Deel van de herstelbeweging<\/h2>\r\n\r\n      <p>Vanmoofista staat vermeld in het Right to Repair Europe-netwerk, een Europese herstelbeweging die werkt aan producten die langer meegaan, betere toegang tot reparatie en minder onnodig afval.<\/p>\r\n\r\n      <p>Voor Vanmoofista is dit geen slogan. Het is de praktische basis van de werkplaats: eerst diagnosticeren, herstellen waar mogelijk, onderdelen hergebruiken waar zinvol, en helpen om herstelbare fietsen op de weg te houden.<\/p>\r\n\r\n      <p>\r\n\r\n        <a class=\"vm-rtr-reference-link\" href=\"https:\/\/repair.eu\/our-network\/\" target=\"_blank\" rel=\"noopener noreferrer\">\r\n\r\n          Bekijk het Right to Repair Europe-netwerk\r\n\r\n        <\/a>\r\n\r\n      <\/p>\r\n\r\n    <\/section>\r\n\r\n    <section class=\"vm-card\">\r\n\r\n      <h2 class=\"wp-block-heading has-text-align-center\">Herstellen v\u00f3\u00f3r vervangen<\/h2>\r\n\r\n      <p>Volledige modules vervangen kan snel zijn, maar is niet altijd de beste herstelling. Veel problemen kunnen nauwkeuriger worden begrepen door het defecte onderdeel te testen, de bedrading te controleren, het zwakke punt te vinden en te beslissen of herstel, hergebruik of vervanging de juiste oplossing is.<\/p>\r\n\r\n      <p>Deze reparatiegerichte aanpak is beter voor klanten, beter voor onafhankelijke werkplaatsen en beter voor het voortbestaan van VanMoof-fietsen op lange termijn.<\/p>\r\n\r\n    <\/section>\r\n\r\n  <\/div>\n\n<\/div>\n","protected":false},"excerpt":{"rendered":"<p>Right to Repair Vanmoofista steunt het recht op reparatie. Eigenaars en onafhankelijke herstellers moeten toegang hebben tot onderdelen, reparatiekennis, diagnose [&hellip;]<\/p>\n","protected":false},"author":1,"featured_media":0,"parent":0,"menu_order":0,"comment_status":"closed","ping_status":"closed","template":"","meta":{"_uag_custom_page_level_css":"","site-sidebar-layout":"default","site-content-layout":"","ast-site-content-layout":"default","site-content-style":"default","site-sidebar-style":"default","ast-global-header-display":"","ast-banner-title-visibility":"","ast-main-header-display":"","ast-hfb-above-header-display":"","ast-hfb-below-header-display":"","ast-hfb-mobile-header-display":"","site-post-title":"disabled","ast-breadcrumbs-content":"","ast-featured-img":"","footer-sml-layout":"","ast-disable-related-posts":"","theme-transparent-header-meta":"","adv-header-id-meta":"","stick-header-meta":"","header-above-stick-meta":"","header-main-stick-meta":"","header-below-stick-meta":"","astra-migrate-meta-layouts":"default","ast-page-background-enabled":"default","ast-page-background-meta":{"desktop":{"background-color":"var(--ast-global-color-5)","background-image":"","background-repeat":"repeat","background-position":"center center","background-size":"auto","background-attachment":"scroll","background-type":"","background-media":"","overlay-type":"","overlay-color":"","overlay-opacity":"","overlay-gradient":""},"tablet":{"background-color":"","background-image":"","background-repeat":"repeat","background-position":"center center","background-size":"auto","background-attachment":"scroll","background-type":"","background-media":"","overlay-type":"","overlay-color":"","overlay-opacity":"","overlay-gradient":""},"mobile":{"background-color":"","background-image":"","background-repeat":"repeat","background-position":"center center","background-size":"auto","background-attachment":"scroll","background-type":"","background-media":"","overlay-type":"","overlay-color":"","overlay-opacity":"","overlay-gradient":""}},"ast-content-background-meta":{"desktop":{"background-color":"var(--ast-global-color-4)","background-image":"","background-repeat":"repeat","background-position":"center center","background-size":"auto","background-attachment":"scroll","background-type":"","background-media":"","overlay-type":"","overlay-color":"","overlay-opacity":"","overlay-gradient":""},"tablet":{"background-color":"var(--ast-global-color-4)","background-image":"","background-repeat":"repeat","background-position":"center center","background-size":"auto","background-attachment":"scroll","background-type":"","background-media":"","overlay-type":"","overlay-color":"","overlay-opacity":"","overlay-gradient":""},"mobile":{"background-color":"var(--ast-global-color-4)","background-image":"","background-repeat":"repeat","background-position":"center center","background-size":"auto","background-attachment":"scroll","background-type":"","background-media":"","overlay-type":"","overlay-color":"","overlay-opacity":"","overlay-gradient":""}},"footnotes":""},"class_list":["post-1297","page","type-page","status-publish","hentry"],"yoast_head":"<!-- This site is optimized with the Yoast SEO plugin v27.6 - https:\/\/yoast.com\/product\/yoast-seo-wordpress\/ -->\n<title>Right to Repair -<\/title>\n<meta name=\"robots\" content=\"index, follow, max-snippet:-1, max-image-preview:large, max-video-preview:-1\" \/>\n<link rel=\"canonical\" href=\"https:\/\/vanmoofista.com\/nl\/right-to-repair\/\" \/>\n<meta property=\"og:locale\" content=\"nl_NL\" \/>\n<meta property=\"og:type\" content=\"article\" \/>\n<meta property=\"og:title\" content=\"Right to Repair -\" \/>\n<meta property=\"og:description\" content=\"Right to Repair Vanmoofista steunt het recht op reparatie. Eigenaars en onafhankelijke herstellers moeten toegang hebben tot onderdelen, reparatiekennis, diagnose [&hellip;]\" \/>\n<meta property=\"og:url\" content=\"https:\/\/vanmoofista.com\/nl\/right-to-repair\/\" \/>\n<meta property=\"article:modified_time\" content=\"2026-05-13T08:55:36+00:00\" \/>\n<meta name=\"twitter:card\" content=\"summary_large_image\" \/>\n<meta name=\"twitter:label1\" content=\"Geschatte leestijd\" \/>\n\t<meta name=\"twitter:data1\" content=\"2 minuten\" \/>\n<script type=\"application\/ld+json\" class=\"yoast-schema-graph\">{\"@context\":\"https:\\\/\\\/schema.org\",\"@graph\":[{\"@type\":\"WebPage\",\"@id\":\"https:\\\/\\\/vanmoofista.com\\\/nl\\\/right-to-repair\\\/\",\"url\":\"https:\\\/\\\/vanmoofista.com\\\/nl\\\/right-to-repair\\\/\",\"name\":\"Right to Repair -\",\"isPartOf\":{\"@id\":\"https:\\\/\\\/vanmoofista.com\\\/nl\\\/#website\"},\"datePublished\":\"2026-05-07T09:09:05+00:00\",\"dateModified\":\"2026-05-13T08:55:36+00:00\",\"breadcrumb\":{\"@id\":\"https:\\\/\\\/vanmoofista.com\\\/nl\\\/right-to-repair\\\/#breadcrumb\"},\"inLanguage\":\"nl-NL\",\"potentialAction\":[{\"@type\":\"ReadAction\",\"target\":[\"https:\\\/\\\/vanmoofista.com\\\/nl\\\/right-to-repair\\\/\"]}]},{\"@type\":\"BreadcrumbList\",\"@id\":\"https:\\\/\\\/vanmoofista.com\\\/nl\\\/right-to-repair\\\/#breadcrumb\",\"itemListElement\":[{\"@type\":\"ListItem\",\"position\":1,\"name\":\"Home\",\"item\":\"https:\\\/\\\/vanmoofista.com\\\/nl\\\/\"},{\"@type\":\"ListItem\",\"position\":2,\"name\":\"Right to Repair\"}]},{\"@type\":\"WebSite\",\"@id\":\"https:\\\/\\\/vanmoofista.com\\\/nl\\\/#website\",\"url\":\"https:\\\/\\\/vanmoofista.com\\\/nl\\\/\",\"name\":\"Vanmoofista\",\"description\":\"\",\"publisher\":{\"@id\":\"https:\\\/\\\/vanmoofista.com\\\/nl\\\/#organization\"},\"potentialAction\":[{\"@type\":\"SearchAction\",\"target\":{\"@type\":\"EntryPoint\",\"urlTemplate\":\"https:\\\/\\\/vanmoofista.com\\\/nl\\\/?s={search_term_string}\"},\"query-input\":{\"@type\":\"PropertyValueSpecification\",\"valueRequired\":true,\"valueName\":\"search_term_string\"}}],\"inLanguage\":\"nl-NL\"},{\"@type\":\"Organization\",\"@id\":\"https:\\\/\\\/vanmoofista.com\\\/nl\\\/#organization\",\"name\":\"Vanmoofista\",\"url\":\"https:\\\/\\\/vanmoofista.com\\\/nl\\\/\",\"logo\":{\"@type\":\"ImageObject\",\"inLanguage\":\"nl-NL\",\"@id\":\"https:\\\/\\\/vanmoofista.com\\\/nl\\\/#\\\/schema\\\/logo\\\/image\\\/\",\"url\":\"https:\\\/\\\/vanmoofista.com\\\/wp-content\\\/uploads\\\/2026\\\/05\\\/vanmoofista-v-torx-exact-white.png\",\"contentUrl\":\"https:\\\/\\\/vanmoofista.com\\\/wp-content\\\/uploads\\\/2026\\\/05\\\/vanmoofista-v-torx-exact-white.png\",\"width\":885,\"height\":835,\"caption\":\"Vanmoofista\"},\"image\":{\"@id\":\"https:\\\/\\\/vanmoofista.com\\\/nl\\\/#\\\/schema\\\/logo\\\/image\\\/\"}}]}<\/script>\n<!-- \/ Yoast SEO plugin. -->","yoast_head_json":{"title":"Right to Repair -","robots":{"index":"index","follow":"follow","max-snippet":"max-snippet:-1","max-image-preview":"max-image-preview:large","max-video-preview":"max-video-preview:-1"},"canonical":"https:\/\/vanmoofista.com\/nl\/right-to-repair\/","og_locale":"nl_NL","og_type":"article","og_title":"Right to Repair -","og_description":"Right to Repair Vanmoofista steunt het recht op reparatie. Eigenaars en onafhankelijke herstellers moeten toegang hebben tot onderdelen, reparatiekennis, diagnose [&hellip;]","og_url":"https:\/\/vanmoofista.com\/nl\/right-to-repair\/","article_modified_time":"2026-05-13T08:55:36+00:00","twitter_card":"summary_large_image","twitter_misc":{"Geschatte leestijd":"2 minuten"},"schema":{"@context":"https:\/\/schema.org","@graph":[{"@type":"WebPage","@id":"https:\/\/vanmoofista.com\/nl\/right-to-repair\/","url":"https:\/\/vanmoofista.com\/nl\/right-to-repair\/","name":"Right to Repair -","isPartOf":{"@id":"https:\/\/vanmoofista.com\/nl\/#website"},"datePublished":"2026-05-07T09:09:05+00:00","dateModified":"2026-05-13T08:55:36+00:00","breadcrumb":{"@id":"https:\/\/vanmoofista.com\/nl\/right-to-repair\/#breadcrumb"},"inLanguage":"nl-NL","potentialAction":[{"@type":"ReadAction","target":["https:\/\/vanmoofista.com\/nl\/right-to-repair\/"]}]},{"@type":"BreadcrumbList","@id":"https:\/\/vanmoofista.com\/nl\/right-to-repair\/#breadcrumb","itemListElement":[{"@type":"ListItem","position":1,"name":"Home","item":"https:\/\/vanmoofista.com\/nl\/"},{"@type":"ListItem","position":2,"name":"Right to Repair"}]},{"@type":"WebSite","@id":"https:\/\/vanmoofista.com\/nl\/#website","url":"https:\/\/vanmoofista.com\/nl\/","name":"Vanmoofista","description":"","publisher":{"@id":"https:\/\/vanmoofista.com\/nl\/#organization"},"potentialAction":[{"@type":"SearchAction","target":{"@type":"EntryPoint","urlTemplate":"https:\/\/vanmoofista.com\/nl\/?s={search_term_string}"},"query-input":{"@type":"PropertyValueSpecification","valueRequired":true,"valueName":"search_term_string"}}],"inLanguage":"nl-NL"},{"@type":"Organization","@id":"https:\/\/vanmoofista.com\/nl\/#organization","name":"Vanmoofista","url":"https:\/\/vanmoofista.com\/nl\/","logo":{"@type":"ImageObject","inLanguage":"nl-NL","@id":"https:\/\/vanmoofista.com\/nl\/#\/schema\/logo\/image\/","url":"https:\/\/vanmoofista.com\/wp-content\/uploads\/2026\/05\/vanmoofista-v-torx-exact-white.png","contentUrl":"https:\/\/vanmoofista.com\/wp-content\/uploads\/2026\/05\/vanmoofista-v-torx-exact-white.png","width":885,"height":835,"caption":"Vanmoofista"},"image":{"@id":"https:\/\/vanmoofista.com\/nl\/#\/schema\/logo\/image\/"}}]}},"uagb_featured_image_src":{"full":false,"thumbnail":false,"medium":false,"medium_large":false,"large":false,"1536x1536":false,"2048x2048":false,"woocommerce_thumbnail":false,"woocommerce_single":false,"woocommerce_gallery_thumbnail":false},"uagb_author_info":{"display_name":"elisalon","author_link":"https:\/\/vanmoofista.com\/nl\/author\/elisalon\/"},"uagb_comment_info":0,"uagb_excerpt":"Right to Repair Vanmoofista steunt het recht op reparatie. Eigenaars en onafhankelijke herstellers moeten toegang hebben tot onderdelen, reparatiekennis, diagnose [&hellip;]","_links":{"self":[{"href":"https:\/\/vanmoofista.com\/nl\/wp-json\/wp\/v2\/pages\/1297","targetHints":{"allow":["GET"]}}],"collection":[{"href":"https:\/\/vanmoofista.com\/nl\/wp-json\/wp\/v2\/pages"}],"about":[{"href":"https:\/\/vanmoofista.com\/nl\/wp-json\/wp\/v2\/types\/page"}],"author":[{"embeddable":true,"href":"https:\/\/vanmoofista.com\/nl\/wp-json\/wp\/v2\/users\/1"}],"replies":[{"embeddable":true,"href":"https:\/\/vanmoofista.com\/nl\/wp-json\/wp\/v2\/comments?post=1297"}],"version-history":[{"count":1,"href":"https:\/\/vanmoofista.com\/nl\/wp-json\/wp\/v2\/pages\/1297\/revisions"}],"predecessor-version":[{"id":1298,"href":"https:\/\/vanmoofista.com\/nl\/wp-json\/wp\/v2\/pages\/1297\/revisions\/1298"}],"wp:attachment":[{"href":"https:\/\/vanmoofista.com\/nl\/wp-json\/wp\/v2\/media?parent=1297"}],"curies":[{"name":"wp","href":"https:\/\/api.w.org\/{rel}","templated":true}]}}