{"id":1482,"date":"2026-05-02T15:34:27","date_gmt":"2026-05-02T14:34:27","guid":{"rendered":"https:\/\/vanmoofista.com\/product\/vanmoof-smart-s-x-m3-handvatten-voor-handmatige-versnelling\/"},"modified":"2026-05-02T15:34:27","modified_gmt":"2026-05-02T14:34:27","slug":"vanmoof-smart-s-x-m3-handvatten-voor-handmatige-versnelling","status":"publish","type":"product","link":"https:\/\/vanmoofista.com\/nl\/product\/vanmoof-smart-s-x-m3-handvatten-voor-handmatige-versnelling\/","title":{"rendered":"VanMoof Smart S\/X M3 Handvatten \u2013 Voor handmatige versnelling"},"content":{"rendered":"<p>Vervangende handvattenset voor VanMoof Smart S, Smart X en M3 fietsen met handmatige versnelling.<\/p>\n<p>Deze set is gemaakt voor VanMoof-modellen waarbij aan \u00e9\u00e9n kant het handvat voor de handmatige versnelling wordt gebruikt. De twee handvatten hebben verschillende lengtes, passend bij de originele opstelling met een korter handvat aan de kant van de versnelling en een langer handvat aan de andere kant.<\/p>\n<p>Deze handvatten zijn geschikt wanneer de originele handvatten versleten, plakkerig, gescheurd, los of niet meer comfortabel zijn. Ze geven de fiets een strakker uiterlijk en een beter gevoel op het stuur.<\/p>\n<p>Geschikt voor:<br \/>\nVanMoof Smart S<br \/>\nVanMoof Smart X<br \/>\nVanMoof M3<\/p>\n<p>Belangrijke compatibiliteitsopmerking:<br \/>\nBestel deze versie alleen als je fiets de handmatige versnellingsopstelling heeft. Als je fiets geen handmatige versnelling heeft, kies dan de <a href=\"https:\/\/vanmoofista.com\/product\/vanmoof-heritage-grips-without-shifter\/\">versie voor handvatten zonder versnelling<\/a>.<\/p>\n<p>Verkocht als \u00e9\u00e9n paar.<\/p>\n<p>Installatie-opmerking:<br \/>\nVerwijder de oude handvatten voorzichtig en maak het stuur schoon voordat je de nieuwe handvatten monteert. Gebruik geen olie of vet tijdens de installatie, omdat de handvatten tijdens het rijden kunnen verschuiven.<\/p>\n<p>Zie onze <a href=\"https:\/\/vanmoofista.com\/nl\/onderdelen\/\">VanMoof-onderdelen<\/a> pagina voor gerelateerde onderdelen. Zie onze <a href=\"https:\/\/vanmoofista.com\/nl\/reparaties\/\">VanMoof-reparatieservice<\/a> voor hulp bij reparaties.<\/p>\n","protected":false},"excerpt":{"rendered":"<p>Vervangende handvattenset voor VanMoof Smart S, Smart X en M3 fietsen met handmatige versnelling. E\u00e9n kort handvat en \u00e9\u00e9n lang handvat, verkocht als paar.<\/p>\n","protected":false},"featured_media":210,"template":"","meta":{"_uag_custom_page_level_css":"","site-sidebar-layout":"default","site-content-layout":"","ast-site-content-layout":"default","site-content-style":"default","site-sidebar-style":"default","ast-global-header-display":"","ast-banner-title-visibility":"","ast-main-header-display":"","ast-hfb-above-header-display":"","ast-hfb-below-header-display":"","ast-hfb-mobile-header-display":"","site-post-title":"","ast-breadcrumbs-content":"","ast-featured-img":"","footer-sml-layout":"","ast-disable-related-posts":"","theme-transparent-header-meta":"default","adv-header-id-meta":"","stick-header-meta":"","header-above-stick-meta":"","header-main-stick-meta":"","header-below-stick-meta":"","astra-migrate-meta-layouts":"default","ast-page-background-enabled":"default","ast-page-background-meta":{"desktop":{"background-color":"var(--ast-global-color-5)","background-image":"","background-repeat":"repeat","background-position":"center center","background-size":"auto","background-attachment":"scroll","background-type":"","background-media":"","overlay-type":"","overlay-color":"","overlay-opacity":"","overlay-gradient":""},"tablet":{"background-color":"","background-image":"","background-repeat":"repeat","background-position":"center center","background-size":"auto","background-attachment":"scroll","background-type":"","background-media":"","overlay-type":"","overlay-color":"","overlay-opacity":"","overlay-gradient":""},"mobile":{"background-color":"","background-image":"","background-repeat":"repeat","background-position":"center center","background-size":"auto","background-attachment":"scroll","background-type":"","background-media":"","overlay-type":"","overlay-color":"","overlay-opacity":"","overlay-gradient":""}},"ast-content-background-meta":{"desktop":{"background-color":"var(--ast-global-color-4)","background-image":"","background-repeat":"repeat","background-position":"center center","background-size":"auto","background-attachment":"scroll","background-type":"","background-media":"","overlay-type":"","overlay-color":"","overlay-opacity":"","overlay-gradient":""},"tablet":{"background-color":"var(--ast-global-color-4)","background-image":"","background-repeat":"repeat","background-position":"center center","background-size":"auto","background-attachment":"scroll","background-type":"","background-media":"","overlay-type":"","overlay-color":"","overlay-opacity":"","overlay-gradient":""},"mobile":{"background-color":"var(--ast-global-color-4)","background-image":"","background-repeat":"repeat","background-position":"center center","background-size":"auto","background-attachment":"scroll","background-type":"","background-media":"","overlay-type":"","overlay-color":"","overlay-opacity":"","overlay-gradient":""}}},"product_brand":[],"product_cat":[151,150],"product_tag":[199,197,198,201,200,196,152],"class_list":{"0":"post-1482","1":"product","2":"type-product","3":"status-publish","4":"has-post-thumbnail","6":"product_cat-heritage-modellen","7":"product_cat-smart-s-x","8":"product_tag-m3-handvatten","9":"product_tag-smart-s-handvatten","10":"product_tag-smart-x-handvatten","11":"product_tag-stuurhandvatten","12":"product_tag-vanmoof-handvat-voor-handmatige-versnelling","13":"product_tag-vanmoof-handvatten","14":"product_tag-vanmoof-onderdelen","15":"desktop-align-left","16":"tablet-align-left","17":"mobile-align-left","19":"first","20":"instock","21":"taxable","22":"shipping-taxable","23":"purchasable","24":"product-type-simple"},"yoast_head":"<!-- This site is optimized with the Yoast SEO plugin v27.6 - https:\/\/yoast.com\/product\/yoast-seo-wordpress\/ -->\n<title>VanMoof Handvatten \u2013 Smart S\/X M3 Handmatige Versnelling<\/title>\n<meta name=\"description\" content=\"VanMoof handvatten voor Smart S, Smart X en M3 fietsen met handmatige versnelling. Vervangend paar handvatten met \u00e9\u00e9n kort en \u00e9\u00e9n lang handvat. Verzonden vanuit Belgi\u00eb.\" \/>\n<meta name=\"robots\" content=\"index, follow, max-snippet:-1, max-image-preview:large, max-video-preview:-1\" \/>\n<link rel=\"canonical\" href=\"https:\/\/vanmoofista.com\/nl\/product\/vanmoof-smart-s-x-m3-handvatten-voor-handmatige-versnelling\/\" \/>\n<meta property=\"og:locale\" content=\"nl_NL\" \/>\n<meta property=\"og:type\" content=\"article\" \/>\n<meta property=\"og:title\" content=\"VanMoof Handvatten \u2013 Smart S\/X M3 Handmatige Versnelling\" \/>\n<meta property=\"og:description\" content=\"VanMoof handvatten voor Smart S, Smart X en M3 fietsen met handmatige versnelling. Vervangend paar handvatten met \u00e9\u00e9n kort en \u00e9\u00e9n lang handvat. Verzonden vanuit Belgi\u00eb.\" \/>\n<meta property=\"og:url\" content=\"https:\/\/vanmoofista.com\/nl\/product\/vanmoof-smart-s-x-m3-handvatten-voor-handmatige-versnelling\/\" \/>\n<meta property=\"og:image\" content=\"https:\/\/vanmoofista.com\/wp-content\/uploads\/2026\/04\/IMG_20251212_165538098-scaled.jpg\" \/>\n\t<meta property=\"og:image:width\" content=\"1928\" \/>\n\t<meta property=\"og:image:height\" content=\"2560\" \/>\n\t<meta property=\"og:image:type\" content=\"image\/jpeg\" \/>\n<meta name=\"twitter:card\" content=\"summary_large_image\" \/>\n<meta name=\"twitter:label1\" content=\"Geschatte leestijd\" \/>\n\t<meta name=\"twitter:data1\" content=\"1 minuut\" \/>\n<script type=\"application\/ld+json\" class=\"yoast-schema-graph\">{\"@context\":\"https:\\\/\\\/schema.org\",\"@graph\":[{\"@type\":\"WebPage\",\"@id\":\"https:\\\/\\\/vanmoofista.com\\\/nl\\\/product\\\/vanmoof-smart-s-x-m3-handvatten-voor-handmatige-versnelling\\\/\",\"url\":\"https:\\\/\\\/vanmoofista.com\\\/nl\\\/product\\\/vanmoof-smart-s-x-m3-handvatten-voor-handmatige-versnelling\\\/\",\"name\":\"VanMoof Handvatten \u2013 Smart S\\\/X M3 Handmatige Versnelling\",\"isPartOf\":{\"@id\":\"https:\\\/\\\/vanmoofista.com\\\/nl\\\/#website\"},\"primaryImageOfPage\":{\"@id\":\"https:\\\/\\\/vanmoofista.com\\\/nl\\\/product\\\/vanmoof-smart-s-x-m3-handvatten-voor-handmatige-versnelling\\\/#primaryimage\"},\"image\":{\"@id\":\"https:\\\/\\\/vanmoofista.com\\\/nl\\\/product\\\/vanmoof-smart-s-x-m3-handvatten-voor-handmatige-versnelling\\\/#primaryimage\"},\"thumbnailUrl\":\"https:\\\/\\\/vanmoofista.com\\\/wp-content\\\/uploads\\\/2026\\\/04\\\/IMG_20251212_165538098-scaled.jpg\",\"datePublished\":\"2026-05-02T14:34:27+00:00\",\"description\":\"VanMoof handvatten voor Smart S, Smart X en M3 fietsen met handmatige versnelling. Vervangend paar handvatten met \u00e9\u00e9n kort en \u00e9\u00e9n lang handvat. Verzonden vanuit Belgi\u00eb.\",\"breadcrumb\":{\"@id\":\"https:\\\/\\\/vanmoofista.com\\\/nl\\\/product\\\/vanmoof-smart-s-x-m3-handvatten-voor-handmatige-versnelling\\\/#breadcrumb\"},\"inLanguage\":\"nl-NL\",\"potentialAction\":[{\"@type\":\"ReadAction\",\"target\":[\"https:\\\/\\\/vanmoofista.com\\\/nl\\\/product\\\/vanmoof-smart-s-x-m3-handvatten-voor-handmatige-versnelling\\\/\"]}]},{\"@type\":\"ImageObject\",\"inLanguage\":\"nl-NL\",\"@id\":\"https:\\\/\\\/vanmoofista.com\\\/nl\\\/product\\\/vanmoof-smart-s-x-m3-handvatten-voor-handmatige-versnelling\\\/#primaryimage\",\"url\":\"https:\\\/\\\/vanmoofista.com\\\/wp-content\\\/uploads\\\/2026\\\/04\\\/IMG_20251212_165538098-scaled.jpg\",\"contentUrl\":\"https:\\\/\\\/vanmoofista.com\\\/wp-content\\\/uploads\\\/2026\\\/04\\\/IMG_20251212_165538098-scaled.jpg\",\"width\":1928,\"height\":2560,\"caption\":\"VanMoof grips Smart S X M3 manual shifter replacement grip set\"},{\"@type\":\"BreadcrumbList\",\"@id\":\"https:\\\/\\\/vanmoofista.com\\\/nl\\\/product\\\/vanmoof-smart-s-x-m3-handvatten-voor-handmatige-versnelling\\\/#breadcrumb\",\"itemListElement\":[{\"@type\":\"ListItem\",\"position\":1,\"name\":\"Home\",\"item\":\"https:\\\/\\\/vanmoofista.com\\\/nl\\\/\"},{\"@type\":\"ListItem\",\"position\":2,\"name\":\"shop archive\",\"item\":\"https:\\\/\\\/vanmoofista.com\\\/?page_id=973\"},{\"@type\":\"ListItem\",\"position\":3,\"name\":\"VanMoof Smart S\\\/X M3 Handvatten \u2013 Voor handmatige versnelling\"}]},{\"@type\":\"WebSite\",\"@id\":\"https:\\\/\\\/vanmoofista.com\\\/nl\\\/#website\",\"url\":\"https:\\\/\\\/vanmoofista.com\\\/nl\\\/\",\"name\":\"Vanmoofista\",\"description\":\"\",\"publisher\":{\"@id\":\"https:\\\/\\\/vanmoofista.com\\\/nl\\\/#organization\"},\"potentialAction\":[{\"@type\":\"SearchAction\",\"target\":{\"@type\":\"EntryPoint\",\"urlTemplate\":\"https:\\\/\\\/vanmoofista.com\\\/nl\\\/?s={search_term_string}\"},\"query-input\":{\"@type\":\"PropertyValueSpecification\",\"valueRequired\":true,\"valueName\":\"search_term_string\"}}],\"inLanguage\":\"nl-NL\"},{\"@type\":\"Organization\",\"@id\":\"https:\\\/\\\/vanmoofista.com\\\/nl\\\/#organization\",\"name\":\"Vanmoofista\",\"url\":\"https:\\\/\\\/vanmoofista.com\\\/nl\\\/\",\"logo\":{\"@type\":\"ImageObject\",\"inLanguage\":\"nl-NL\",\"@id\":\"https:\\\/\\\/vanmoofista.com\\\/nl\\\/#\\\/schema\\\/logo\\\/image\\\/\",\"url\":\"https:\\\/\\\/vanmoofista.com\\\/wp-content\\\/uploads\\\/2026\\\/05\\\/vanmoofista-v-torx-exact-white.png\",\"contentUrl\":\"https:\\\/\\\/vanmoofista.com\\\/wp-content\\\/uploads\\\/2026\\\/05\\\/vanmoofista-v-torx-exact-white.png\",\"width\":885,\"height\":835,\"caption\":\"Vanmoofista\"},\"image\":{\"@id\":\"https:\\\/\\\/vanmoofista.com\\\/nl\\\/#\\\/schema\\\/logo\\\/image\\\/\"}}]}<\/script>\n<!-- \/ Yoast SEO plugin. -->","yoast_head_json":{"title":"VanMoof Handvatten \u2013 Smart S\/X M3 Handmatige Versnelling","description":"VanMoof handvatten voor Smart S, Smart X en M3 fietsen met handmatige versnelling. Vervangend paar handvatten met \u00e9\u00e9n kort en \u00e9\u00e9n lang handvat. Verzonden vanuit Belgi\u00eb.","robots":{"index":"index","follow":"follow","max-snippet":"max-snippet:-1","max-image-preview":"max-image-preview:large","max-video-preview":"max-video-preview:-1"},"canonical":"https:\/\/vanmoofista.com\/nl\/product\/vanmoof-smart-s-x-m3-handvatten-voor-handmatige-versnelling\/","og_locale":"nl_NL","og_type":"article","og_title":"VanMoof Handvatten \u2013 Smart S\/X M3 Handmatige Versnelling","og_description":"VanMoof handvatten voor Smart S, Smart X en M3 fietsen met handmatige versnelling. Vervangend paar handvatten met \u00e9\u00e9n kort en \u00e9\u00e9n lang handvat. Verzonden vanuit Belgi\u00eb.","og_url":"https:\/\/vanmoofista.com\/nl\/product\/vanmoof-smart-s-x-m3-handvatten-voor-handmatige-versnelling\/","og_image":[{"width":1928,"height":2560,"url":"https:\/\/vanmoofista.com\/wp-content\/uploads\/2026\/04\/IMG_20251212_165538098-scaled.jpg","type":"image\/jpeg"}],"twitter_card":"summary_large_image","twitter_misc":{"Geschatte leestijd":"1 minuut"},"schema":{"@context":"https:\/\/schema.org","@graph":[{"@type":"WebPage","@id":"https:\/\/vanmoofista.com\/nl\/product\/vanmoof-smart-s-x-m3-handvatten-voor-handmatige-versnelling\/","url":"https:\/\/vanmoofista.com\/nl\/product\/vanmoof-smart-s-x-m3-handvatten-voor-handmatige-versnelling\/","name":"VanMoof Handvatten \u2013 Smart S\/X M3 Handmatige Versnelling","isPartOf":{"@id":"https:\/\/vanmoofista.com\/nl\/#website"},"primaryImageOfPage":{"@id":"https:\/\/vanmoofista.com\/nl\/product\/vanmoof-smart-s-x-m3-handvatten-voor-handmatige-versnelling\/#primaryimage"},"image":{"@id":"https:\/\/vanmoofista.com\/nl\/product\/vanmoof-smart-s-x-m3-handvatten-voor-handmatige-versnelling\/#primaryimage"},"thumbnailUrl":"https:\/\/vanmoofista.com\/wp-content\/uploads\/2026\/04\/IMG_20251212_165538098-scaled.jpg","datePublished":"2026-05-02T14:34:27+00:00","description":"VanMoof handvatten voor Smart S, Smart X en M3 fietsen met handmatige versnelling. Vervangend paar handvatten met \u00e9\u00e9n kort en \u00e9\u00e9n lang handvat. Verzonden vanuit Belgi\u00eb.","breadcrumb":{"@id":"https:\/\/vanmoofista.com\/nl\/product\/vanmoof-smart-s-x-m3-handvatten-voor-handmatige-versnelling\/#breadcrumb"},"inLanguage":"nl-NL","potentialAction":[{"@type":"ReadAction","target":["https:\/\/vanmoofista.com\/nl\/product\/vanmoof-smart-s-x-m3-handvatten-voor-handmatige-versnelling\/"]}]},{"@type":"ImageObject","inLanguage":"nl-NL","@id":"https:\/\/vanmoofista.com\/nl\/product\/vanmoof-smart-s-x-m3-handvatten-voor-handmatige-versnelling\/#primaryimage","url":"https:\/\/vanmoofista.com\/wp-content\/uploads\/2026\/04\/IMG_20251212_165538098-scaled.jpg","contentUrl":"https:\/\/vanmoofista.com\/wp-content\/uploads\/2026\/04\/IMG_20251212_165538098-scaled.jpg","width":1928,"height":2560,"caption":"VanMoof grips Smart S X M3 manual shifter replacement grip set"},{"@type":"BreadcrumbList","@id":"https:\/\/vanmoofista.com\/nl\/product\/vanmoof-smart-s-x-m3-handvatten-voor-handmatige-versnelling\/#breadcrumb","itemListElement":[{"@type":"ListItem","position":1,"name":"Home","item":"https:\/\/vanmoofista.com\/nl\/"},{"@type":"ListItem","position":2,"name":"shop archive","item":"https:\/\/vanmoofista.com\/?page_id=973"},{"@type":"ListItem","position":3,"name":"VanMoof Smart S\/X M3 Handvatten \u2013 Voor handmatige versnelling"}]},{"@type":"WebSite","@id":"https:\/\/vanmoofista.com\/nl\/#website","url":"https:\/\/vanmoofista.com\/nl\/","name":"Vanmoofista","description":"","publisher":{"@id":"https:\/\/vanmoofista.com\/nl\/#organization"},"potentialAction":[{"@type":"SearchAction","target":{"@type":"EntryPoint","urlTemplate":"https:\/\/vanmoofista.com\/nl\/?s={search_term_string}"},"query-input":{"@type":"PropertyValueSpecification","valueRequired":true,"valueName":"search_term_string"}}],"inLanguage":"nl-NL"},{"@type":"Organization","@id":"https:\/\/vanmoofista.com\/nl\/#organization","name":"Vanmoofista","url":"https:\/\/vanmoofista.com\/nl\/","logo":{"@type":"ImageObject","inLanguage":"nl-NL","@id":"https:\/\/vanmoofista.com\/nl\/#\/schema\/logo\/image\/","url":"https:\/\/vanmoofista.com\/wp-content\/uploads\/2026\/05\/vanmoofista-v-torx-exact-white.png","contentUrl":"https:\/\/vanmoofista.com\/wp-content\/uploads\/2026\/05\/vanmoofista-v-torx-exact-white.png","width":885,"height":835,"caption":"Vanmoofista"},"image":{"@id":"https:\/\/vanmoofista.com\/nl\/#\/schema\/logo\/image\/"}}]}},"uagb_featured_image_src":{"full":["https:\/\/vanmoofista.com\/wp-content\/uploads\/2026\/04\/IMG_20251212_165538098-scaled.jpg",1928,2560,false],"thumbnail":["https:\/\/vanmoofista.com\/wp-content\/uploads\/2026\/04\/IMG_20251212_165538098-150x150.jpg",150,150,true],"medium":["https:\/\/vanmoofista.com\/wp-content\/uploads\/2026\/04\/IMG_20251212_165538098-226x300.jpg",226,300,true],"medium_large":["https:\/\/vanmoofista.com\/wp-content\/uploads\/2026\/04\/IMG_20251212_165538098-768x1020.jpg",768,1020,true],"large":["https:\/\/vanmoofista.com\/wp-content\/uploads\/2026\/04\/IMG_20251212_165538098-771x1024.jpg",771,1024,true],"1536x1536":["https:\/\/vanmoofista.com\/wp-content\/uploads\/2026\/04\/IMG_20251212_165538098-1157x1536.jpg",1157,1536,true],"2048x2048":["https:\/\/vanmoofista.com\/wp-content\/uploads\/2026\/04\/IMG_20251212_165538098-1542x2048.jpg",1542,2048,true],"woocommerce_thumbnail":["https:\/\/vanmoofista.com\/wp-content\/uploads\/2026\/04\/IMG_20251212_165538098-300x300.jpg",300,300,true],"woocommerce_single":["https:\/\/vanmoofista.com\/wp-content\/uploads\/2026\/04\/IMG_20251212_165538098-600x797.jpg",600,797,true],"woocommerce_gallery_thumbnail":["https:\/\/vanmoofista.com\/wp-content\/uploads\/2026\/04\/IMG_20251212_165538098-100x100.jpg",100,100,true]},"uagb_author_info":{"display_name":"elisalon","author_link":"https:\/\/vanmoofista.com\/nl\/author\/"},"uagb_comment_info":0,"uagb_excerpt":"Vervangende handvattenset voor VanMoof Smart S, Smart X en M3 fietsen met handmatige versnelling. E\u00e9n kort handvat en \u00e9\u00e9n lang handvat, verkocht als paar.","_links":{"self":[{"href":"https:\/\/vanmoofista.com\/nl\/wp-json\/wp\/v2\/product\/1482","targetHints":{"allow":["GET"]}}],"collection":[{"href":"https:\/\/vanmoofista.com\/nl\/wp-json\/wp\/v2\/product"}],"about":[{"href":"https:\/\/vanmoofista.com\/nl\/wp-json\/wp\/v2\/types\/product"}],"wp:featuredmedia":[{"embeddable":true,"href":"https:\/\/vanmoofista.com\/nl\/wp-json\/wp\/v2\/media\/210"}],"wp:attachment":[{"href":"https:\/\/vanmoofista.com\/nl\/wp-json\/wp\/v2\/media?parent=1482"}],"wp:term":[{"taxonomy":"product_brand","embeddable":true,"href":"https:\/\/vanmoofista.com\/nl\/wp-json\/wp\/v2\/product_brand?post=1482"},{"taxonomy":"product_cat","embeddable":true,"href":"https:\/\/vanmoofista.com\/nl\/wp-json\/wp\/v2\/product_cat?post=1482"},{"taxonomy":"product_tag","embeddable":true,"href":"https:\/\/vanmoofista.com\/nl\/wp-json\/wp\/v2\/product_tag?post=1482"}],"curies":[{"name":"wp","href":"https:\/\/api.w.org\/{rel}","templated":true}]}}